{"id":3607,"date":"2023-02-15T22:31:04","date_gmt":"2023-02-15T21:31:04","guid":{"rendered":"https:\/\/campingleparoy.com\/conditions-generales\/"},"modified":"2025-12-27T17:58:56","modified_gmt":"2025-12-27T16:58:56","slug":"conditions-generales","status":"publish","type":"page","link":"https:\/\/campingleparoy.com\/fr\/conditions-generales\/","title":{"rendered":"Conditions g\u00e9n\u00e9rales"},"content":{"rendered":"\t\t<div data-elementor-type=\"wp-page\" data-elementor-id=\"3607\" class=\"elementor elementor-3607 elementor-3165\" data-elementor-post-type=\"page\">\n\t\t\t\t\t\t<section class=\"elementor-section elementor-top-section elementor-element elementor-element-69151cd2 elementor-section-boxed elementor-section-height-default elementor-section-height-default\" data-id=\"69151cd2\" data-element_type=\"section\" data-e-type=\"section\" data-settings=\"{&quot;background_background&quot;:&quot;classic&quot;}\">\n\t\t\t\t\t\t<div class=\"elementor-container elementor-column-gap-default\">\n\t\t\t\t\t<div class=\"elementor-column elementor-col-100 elementor-top-column elementor-element elementor-element-1162b628\" data-id=\"1162b628\" data-element_type=\"column\" data-e-type=\"column\">\n\t\t\t<div class=\"elementor-widget-wrap elementor-element-populated\">\n\t\t\t\t\t\t<div class=\"elementor-element elementor-element-6f60549b elementor-widget elementor-widget-heading\" data-id=\"6f60549b\" data-element_type=\"widget\" data-e-type=\"widget\" data-widget_type=\"heading.default\">\n\t\t\t\t<div class=\"elementor-widget-container\">\n\t\t\t\t\t<h2 class=\"elementor-heading-title elementor-size-default\">Conditions g\u00e9n\u00e9rales<\/h2>\t\t\t\t<\/div>\n\t\t\t\t<\/div>\n\t\t\t\t\t<\/div>\n\t\t<\/div>\n\t\t\t\t\t<\/div>\n\t\t<\/section>\n\t\t\t\t<section class=\"elementor-section elementor-top-section elementor-element elementor-element-1dd92645 elementor-section-boxed elementor-section-height-default elementor-section-height-default\" data-id=\"1dd92645\" data-element_type=\"section\" data-e-type=\"section\">\n\t\t\t\t\t\t<div class=\"elementor-container elementor-column-gap-default\">\n\t\t\t\t\t<div class=\"elementor-column elementor-col-50 elementor-top-column elementor-element elementor-element-1260a4d4\" data-id=\"1260a4d4\" data-element_type=\"column\" data-e-type=\"column\">\n\t\t\t<div class=\"elementor-widget-wrap elementor-element-populated\">\n\t\t\t\t\t\t<div class=\"elementor-element elementor-element-5456c323 elementor-widget elementor-widget-heading\" data-id=\"5456c323\" data-element_type=\"widget\" data-e-type=\"widget\" data-widget_type=\"heading.default\">\n\t\t\t\t<div class=\"elementor-widget-container\">\n\t\t\t\t\t<h1 class=\"elementor-heading-title elementor-size-large\">AVG - GDPR<\/h1>\t\t\t\t<\/div>\n\t\t\t\t<\/div>\n\t\t\t\t<div class=\"elementor-element elementor-element-46111926 elementor-widget elementor-widget-heading\" data-id=\"46111926\" data-element_type=\"widget\" data-e-type=\"widget\" data-widget_type=\"heading.default\">\n\t\t\t\t<div class=\"elementor-widget-container\">\n\t\t\t\t\t<h2 class=\"elementor-heading-title elementor-size-default\">CONDITIONS G\u00c9N\u00c9RALES (SITE WEB)<\/h2>\t\t\t\t<\/div>\n\t\t\t\t<\/div>\n\t\t\t\t\t<\/div>\n\t\t<\/div>\n\t\t\t\t<div class=\"elementor-column elementor-col-50 elementor-top-column elementor-element elementor-element-fa550b2\" data-id=\"fa550b2\" data-element_type=\"column\" data-e-type=\"column\">\n\t\t\t<div class=\"elementor-widget-wrap\">\n\t\t\t\t\t\t\t<\/div>\n\t\t<\/div>\n\t\t\t\t\t<\/div>\n\t\t<\/section>\n\t\t\t\t<section class=\"elementor-section elementor-top-section elementor-element elementor-element-7d68376b elementor-section-boxed elementor-section-height-default elementor-section-height-default\" data-id=\"7d68376b\" data-element_type=\"section\" data-e-type=\"section\">\n\t\t\t\t\t\t<div class=\"elementor-container elementor-column-gap-default\">\n\t\t\t\t\t<div class=\"elementor-column elementor-col-100 elementor-top-column elementor-element elementor-element-4dd435d4\" data-id=\"4dd435d4\" data-element_type=\"column\" data-e-type=\"column\">\n\t\t\t<div class=\"elementor-widget-wrap elementor-element-populated\">\n\t\t\t\t\t\t<div class=\"elementor-element elementor-element-6b85a493 elementor-widget elementor-widget-shortcode\" data-id=\"6b85a493\" data-element_type=\"widget\" data-e-type=\"widget\" data-widget_type=\"shortcode.default\">\n\t\t\t\t<div class=\"elementor-widget-container\">\n\t\t\t\t\t\t\t<div class=\"elementor-shortcode\">\n<div class=\"ct-ultimate-gdpr-container container\">\n\t\n        <button id=\"ct-ultimate-gdpr-terms-accept\" class=\"ct-ultimate-gdpr-button  \"\n\t\t\t>\n\t\t\tAccepter        <\/button>\n\n\t<\/div><\/div>\n\t\t\t\t\t\t<\/div>\n\t\t\t\t<\/div>\n\t\t\t\t<div class=\"elementor-element elementor-element-566b6b2a elementor-widget elementor-widget-text-editor\" data-id=\"566b6b2a\" data-element_type=\"widget\" data-e-type=\"widget\" data-widget_type=\"text-editor.default\">\n\t\t\t\t<div class=\"elementor-widget-container\">\n\t\t\t\t\t\t\t\t\t<p><strong>Consultez les conditions g\u00e9n\u00e9rales de r\u00e9servation ici :<\/strong><\/p><p><a href=\"https:\/\/campingleparoy.com\/wp-content\/uploads\/2025\/12\/CAMPING-LE-PAROY-RESERVERINGSVOORWAARDE-2026-3.pdf\">CAMPING LE PAROY CONDITION DE R\u00c9SERVATION 2026<\/a><\/p><p><a href=\"https:\/\/campingleparoy.com\/wp-content\/uploads\/2019\/11\/Algemene-voorwaarden-huur-Vakantiehuis-le-Paroy.pdf\">Conditions g\u00e9n\u00e9rales de location Maison de vacances le Paroy<\/a><\/p><p class=\"p3\"><span class=\"s1\">CONDITIONS D&#8217;UTILISATION DU SITE WEB CAMPINGLEPAROY.COM<\/span><\/p><p class=\"p3\"><span class=\"s1\">Veuillez lire attentivement les pr\u00e9sentes conditions de service (&#8221; conditions &#8220;, &#8221; conditions de service &#8220;) avant d&#8217;utiliser le site Web CAMPINGLEPAROY.COM (le &#8221; service &#8220;) (&#8221; nous &#8220;, &#8221; notre &#8220;, &#8221; nos &#8220;).<\/span><\/p><p class=\"p3\"><span class=\"s1\">Conditions d&#8217;utilisation<\/span><\/p><p class=\"p3\"><span class=\"s1\">Nous vous fournirons leurs services sous r\u00e9serve des conditions \u00e9nonc\u00e9es ci-apr\u00e8s dans le pr\u00e9sent document. Chaque fois que vous visitez ce site web, utilisez ses services ou effectuez un achat, vous acceptez les conditions suivantes. C&#8217;est pourquoi nous vous invitons \u00e0 les lire attentivement.<\/span><\/p><p class=\"p3\"><span class=\"s1\">Politique de confidentialit\u00e9<\/span><\/p><p class=\"p3\"><span class=\"s1\">Avant de continuer \u00e0 utiliser notre site web, nous vous encourageons \u00e0 lire notre politique de confidentialit\u00e9 concernant notre collecte de donn\u00e9es sur les utilisateurs. Cela vous aidera \u00e0 mieux comprendre nos pratiques.<\/span><\/p><p class=\"p3\"><span class=\"s1\">copyright<\/span><\/p><p class=\"p3\"><span class=\"s1\">Les contenus publi\u00e9s sur ce site (t\u00e9l\u00e9chargements num\u00e9riques, images, textes, graphiques, logos) sont la propri\u00e9t\u00e9 de [CAMPINGLEPAROY.COM] et\/ou de ses cr\u00e9ateurs de contenu et sont prot\u00e9g\u00e9s par les lois internationales sur les droits d&#8217;auteur. L&#8217;ensemble de la compilation du contenu de ce site Internet est la propri\u00e9t\u00e9 exclusive de [CAMPINGLEPAROY.COM], les droits d&#8217;auteur de cette compilation \u00e9tant d\u00e9tenus par [CAMPINGLEPAROY.COM].<\/span><\/p><p class=\"p3\"><span class=\"s1\">communication<\/span><\/p><p class=\"p3\"><span class=\"s1\">Toute communication avec nous est \u00e9lectronique. Chaque fois que vous nous envoyez un courrier \u00e9lectronique ou que vous visitez notre site web, vous interagissez avec nous. Par la pr\u00e9sente, vous acceptez de recevoir des messages de notre part. Si vous vous abonnez aux nouvelles sur notre site web, vous recevrez r\u00e9guli\u00e8rement des courriels de notre part. Nous continuerons \u00e0 communiquer avec vous en publiant des nouvelles et des annonces sur notre site web et en vous envoyant des courriels. Vous acceptez \u00e9galement que tous les avis, divulgations, accords et autres communications que nous vous fournissons par voie \u00e9lectronique soient conformes aux exigences l\u00e9gales relatives \u00e0 ces communications.<\/span><\/p><p class=\"p3\"><span class=\"s1\">Droit applicable<\/span><\/p><p class=\"p3\"><span class=\"s1\">En acc\u00e9dant \u00e0 ce site web, vous acceptez les lois de [France], ind\u00e9pendamment des principes de conflit de lois, des pr\u00e9sentes conditions de service ou de tout litige de quelque nature que ce soit entre [CAMPINGLEPAROY.COM] et vous, ou ses partenaires commerciaux et associ\u00e9s.<\/span><\/p><p class=\"p3\"><span class=\"s1\">litiges<\/span><\/p><p class=\"p3\"><span class=\"s1\">Tout litige li\u00e9 de quelque mani\u00e8re que ce soit \u00e0 votre visite sur ce site web ou aux produits que vous nous achetez sera r\u00e9solu par un tribunal d&#8217;\u00c9tat ou f\u00e9d\u00e9ral, et vous acceptez la comp\u00e9tence exclusive de ces tribunaux.<\/span><\/p><p class=\"p3\"><span class=\"s1\">Commentaires, critiques et courriels<\/span><\/p><p class=\"p3\"><span class=\"s1\">Les visiteurs peuvent publier des contenus pour autant qu&#8217;ils ne soient pas obsc\u00e8nes, ill\u00e9gaux, diffamatoires, mena\u00e7ants, qu&#8217;ils n&#8217;enfreignent pas les droits de propri\u00e9t\u00e9 intellectuelle, qu&#8217;ils ne portent pas atteinte \u00e0 la vie priv\u00e9e ou qu&#8217;ils ne soient pas autrement pr\u00e9judiciables \u00e0 des tiers. Le contenu doit \u00eatre exempt de virus logiciels, de campagnes politiques et d&#8217;opinions commerciales.<\/span><\/p><p class=\"p3\"><span class=\"s1\">Nous nous r\u00e9servons tous les droits (mais pas l&#8217;obligation) de supprimer et\/ou de modifier ce contenu. Lorsque vous publiez votre contenu, vous accordez un droit non exclusif, libre de redevance et irr\u00e9vocable d&#8217;utiliser, de reproduire, de publier et de modifier ce contenu dans le monde entier et sur tout support.<\/span><\/p><p class=\"p3\"><span class=\"s1\">Licence et acc\u00e8s au site<\/span><\/p><p class=\"p3\"><span class=\"s1\">Nous vous accordons une licence limit\u00e9e pour acc\u00e9der et faire un usage personnel de ce site web. Vous ne pouvez pas le t\u00e9l\u00e9charger ou le modifier. Cela ne peut se faire qu&#8217;avec notre consentement \u00e9crit.<\/span><\/p><p class=\"p3\"><span class=\"s1\">Compte utilisateur<\/span><\/p><p class=\"p3\"><span class=\"s1\">Si vous \u00eates titulaire d&#8217;un compte sur ce site web, vous \u00eates seul responsable du maintien de la confidentialit\u00e9 de vos donn\u00e9es personnelles d&#8217;utilisateur (nom d&#8217;utilisateur et mot de passe). Vous \u00eates responsable de toutes les activit\u00e9s qui se d\u00e9roulent sous votre compte ou votre mot de passe.<\/span><\/p><p class=\"p3\"><span class=\"s1\">Nous nous r\u00e9servons tous les droits de r\u00e9silier des comptes, de modifier ou de supprimer des contenus et d&#8217;annuler des commandes \u00e0 notre discr\u00e9tion.<\/span><\/p>\t\t\t\t\t\t\t\t<\/div>\n\t\t\t\t<\/div>\n\t\t\t\t\t<\/div>\n\t\t<\/div>\n\t\t\t\t\t<\/div>\n\t\t<\/section>\n\t\t\t\t<section class=\"elementor-section elementor-top-section elementor-element elementor-element-50aaa414 elementor-section-boxed elementor-section-height-default elementor-section-height-default\" data-id=\"50aaa414\" data-element_type=\"section\" data-e-type=\"section\" data-settings=\"{&quot;background_background&quot;:&quot;classic&quot;}\">\n\t\t\t\t\t\t<div class=\"elementor-container elementor-column-gap-default\">\n\t\t\t\t\t\t<\/div>\n\t\t<\/section>\n\t\t\t\t<section class=\"elementor-section elementor-top-section elementor-element elementor-element-495c1eb elementor-section-boxed elementor-section-height-default elementor-section-height-default\" data-id=\"495c1eb\" data-element_type=\"section\" data-e-type=\"section\">\n\t\t\t\t\t\t<div class=\"elementor-container elementor-column-gap-default\">\n\t\t\t\t\t<div class=\"elementor-column elementor-col-100 elementor-top-column elementor-element elementor-element-aaeccd4\" data-id=\"aaeccd4\" data-element_type=\"column\" data-e-type=\"column\">\n\t\t\t<div class=\"elementor-widget-wrap elementor-element-populated\">\n\t\t\t\t\t\t\t<\/div>\n\t\t<\/div>\n\t\t\t\t\t<\/div>\n\t\t<\/section>\n\t\t\t\t<\/div>\n\t\t","protected":false},"excerpt":{"rendered":"<p>Conditions g\u00e9n\u00e9rales AVG &#8211; GDPR CONDITIONS G\u00c9N\u00c9RALES (SITE WEB) Consultez les conditions g\u00e9n\u00e9rales de r\u00e9servation ici : CAMPING LE PAROY CONDITION DE R\u00c9SERVATION 2026 Conditions g\u00e9n\u00e9rales de location Maison de vacances le Paroy CONDITIONS D&#8217;UTILISATION DU SITE WEB CAMPINGLEPAROY.COM Veuillez lire attentivement les pr\u00e9sentes conditions de service (&#8221; conditions &#8220;, &#8221; conditions de service &#8220;) [&hellip;]<\/p>\n","protected":false},"author":1,"featured_media":0,"parent":0,"menu_order":0,"comment_status":"closed","ping_status":"closed","template":"elementor_header_footer","meta":{"_acf_changed":false,"_exactmetrics_skip_tracking":false,"_exactmetrics_sitenote_active":false,"_exactmetrics_sitenote_note":"","_exactmetrics_sitenote_category":0,"footnotes":""},"class_list":["post-3607","page","type-page","status-publish","hentry"],"acf":[],"yoast_head":"<!-- This site is optimized with the Yoast SEO plugin v27.4 - https:\/\/yoast.com\/product\/yoast-seo-wordpress\/ -->\n<title>Conditions g\u00e9n\u00e9rales - Camping Le Paroy<\/title>\n<meta name=\"robots\" content=\"index, follow, max-snippet:-1, max-image-preview:large, max-video-preview:-1\" \/>\n<link rel=\"canonical\" href=\"https:\/\/campingleparoy.com\/fr\/conditions-generales\/\" \/>\n<meta property=\"og:locale\" content=\"fr_FR\" \/>\n<meta property=\"og:type\" content=\"article\" \/>\n<meta property=\"og:title\" content=\"Conditions g\u00e9n\u00e9rales - Camping Le Paroy\" \/>\n<meta property=\"og:description\" content=\"Conditions g\u00e9n\u00e9rales AVG &#8211; GDPR CONDITIONS G\u00c9N\u00c9RALES (SITE WEB) Consultez les conditions g\u00e9n\u00e9rales de r\u00e9servation ici : CAMPING LE PAROY CONDITION DE R\u00c9SERVATION 2026 Conditions g\u00e9n\u00e9rales de location Maison de vacances le Paroy CONDITIONS D&#8217;UTILISATION DU SITE WEB CAMPINGLEPAROY.COM Veuillez lire attentivement les pr\u00e9sentes conditions de service (&#8221; conditions &#8220;, &#8221; conditions de service &#8220;) [&hellip;]\" \/>\n<meta property=\"og:url\" content=\"https:\/\/campingleparoy.com\/fr\/conditions-generales\/\" \/>\n<meta property=\"og:site_name\" content=\"Camping Le Paroy\" \/>\n<meta property=\"article:publisher\" content=\"https:\/\/www.facebook.com\/CampingLeParoy\" \/>\n<meta property=\"article:modified_time\" content=\"2025-12-27T16:58:56+00:00\" \/>\n<meta name=\"twitter:card\" content=\"summary_large_image\" \/>\n<meta name=\"twitter:label1\" content=\"Dur\u00e9e de lecture estim\u00e9e\" \/>\n\t<meta name=\"twitter:data1\" content=\"4 minutes\" \/>\n<script type=\"application\/ld+json\" class=\"yoast-schema-graph\">{\"@context\":\"https:\\\/\\\/schema.org\",\"@graph\":[{\"@type\":\"WebPage\",\"@id\":\"https:\\\/\\\/campingleparoy.com\\\/fr\\\/conditions-generales\\\/\",\"url\":\"https:\\\/\\\/campingleparoy.com\\\/fr\\\/conditions-generales\\\/\",\"name\":\"Conditions g\u00e9n\u00e9rales - Camping Le Paroy\",\"isPartOf\":{\"@id\":\"https:\\\/\\\/campingleparoy.com\\\/fr\\\/#website\"},\"datePublished\":\"2023-02-15T21:31:04+00:00\",\"dateModified\":\"2025-12-27T16:58:56+00:00\",\"breadcrumb\":{\"@id\":\"https:\\\/\\\/campingleparoy.com\\\/fr\\\/conditions-generales\\\/#breadcrumb\"},\"inLanguage\":\"fr-FR\",\"potentialAction\":[{\"@type\":\"ReadAction\",\"target\":[\"https:\\\/\\\/campingleparoy.com\\\/fr\\\/conditions-generales\\\/\"]}]},{\"@type\":\"BreadcrumbList\",\"@id\":\"https:\\\/\\\/campingleparoy.com\\\/fr\\\/conditions-generales\\\/#breadcrumb\",\"itemListElement\":[{\"@type\":\"ListItem\",\"position\":1,\"name\":\"Home\",\"item\":\"https:\\\/\\\/campingleparoy.com\\\/fr\\\/accueil\\\/\"},{\"@type\":\"ListItem\",\"position\":2,\"name\":\"Conditions g\u00e9n\u00e9rales\"}]},{\"@type\":\"WebSite\",\"@id\":\"https:\\\/\\\/campingleparoy.com\\\/fr\\\/#website\",\"url\":\"https:\\\/\\\/campingleparoy.com\\\/fr\\\/\",\"name\":\"Camping Le Paroy\",\"description\":\"Camping In Morvan, Bourgondi\u00eb\",\"publisher\":{\"@id\":\"https:\\\/\\\/campingleparoy.com\\\/fr\\\/#organization\"},\"potentialAction\":[{\"@type\":\"SearchAction\",\"target\":{\"@type\":\"EntryPoint\",\"urlTemplate\":\"https:\\\/\\\/campingleparoy.com\\\/fr\\\/?s={search_term_string}\"},\"query-input\":{\"@type\":\"PropertyValueSpecification\",\"valueRequired\":true,\"valueName\":\"search_term_string\"}}],\"inLanguage\":\"fr-FR\"},{\"@type\":\"Organization\",\"@id\":\"https:\\\/\\\/campingleparoy.com\\\/fr\\\/#organization\",\"name\":\"Camping Le Paroy\",\"url\":\"https:\\\/\\\/campingleparoy.com\\\/fr\\\/\",\"logo\":{\"@type\":\"ImageObject\",\"inLanguage\":\"fr-FR\",\"@id\":\"https:\\\/\\\/campingleparoy.com\\\/fr\\\/#\\\/schema\\\/logo\\\/image\\\/\",\"url\":\"https:\\\/\\\/campingleparoy.com\\\/wp-content\\\/uploads\\\/2016\\\/12\\\/logonieuw-2banner35percent.png\",\"contentUrl\":\"https:\\\/\\\/campingleparoy.com\\\/wp-content\\\/uploads\\\/2016\\\/12\\\/logonieuw-2banner35percent.png\",\"width\":484,\"height\":140,\"caption\":\"Camping Le Paroy\"},\"image\":{\"@id\":\"https:\\\/\\\/campingleparoy.com\\\/fr\\\/#\\\/schema\\\/logo\\\/image\\\/\"},\"sameAs\":[\"https:\\\/\\\/www.facebook.com\\\/CampingLeParoy\"]}]}<\/script>\n<!-- \/ Yoast SEO plugin. -->","yoast_head_json":{"title":"Conditions g\u00e9n\u00e9rales - Camping Le Paroy","robots":{"index":"index","follow":"follow","max-snippet":"max-snippet:-1","max-image-preview":"max-image-preview:large","max-video-preview":"max-video-preview:-1"},"canonical":"https:\/\/campingleparoy.com\/fr\/conditions-generales\/","og_locale":"fr_FR","og_type":"article","og_title":"Conditions g\u00e9n\u00e9rales - Camping Le Paroy","og_description":"Conditions g\u00e9n\u00e9rales AVG &#8211; GDPR CONDITIONS G\u00c9N\u00c9RALES (SITE WEB) Consultez les conditions g\u00e9n\u00e9rales de r\u00e9servation ici : CAMPING LE PAROY CONDITION DE R\u00c9SERVATION 2026 Conditions g\u00e9n\u00e9rales de location Maison de vacances le Paroy CONDITIONS D&#8217;UTILISATION DU SITE WEB CAMPINGLEPAROY.COM Veuillez lire attentivement les pr\u00e9sentes conditions de service (&#8221; conditions &#8220;, &#8221; conditions de service &#8220;) [&hellip;]","og_url":"https:\/\/campingleparoy.com\/fr\/conditions-generales\/","og_site_name":"Camping Le Paroy","article_publisher":"https:\/\/www.facebook.com\/CampingLeParoy","article_modified_time":"2025-12-27T16:58:56+00:00","twitter_card":"summary_large_image","twitter_misc":{"Dur\u00e9e de lecture estim\u00e9e":"4 minutes"},"schema":{"@context":"https:\/\/schema.org","@graph":[{"@type":"WebPage","@id":"https:\/\/campingleparoy.com\/fr\/conditions-generales\/","url":"https:\/\/campingleparoy.com\/fr\/conditions-generales\/","name":"Conditions g\u00e9n\u00e9rales - Camping Le Paroy","isPartOf":{"@id":"https:\/\/campingleparoy.com\/fr\/#website"},"datePublished":"2023-02-15T21:31:04+00:00","dateModified":"2025-12-27T16:58:56+00:00","breadcrumb":{"@id":"https:\/\/campingleparoy.com\/fr\/conditions-generales\/#breadcrumb"},"inLanguage":"fr-FR","potentialAction":[{"@type":"ReadAction","target":["https:\/\/campingleparoy.com\/fr\/conditions-generales\/"]}]},{"@type":"BreadcrumbList","@id":"https:\/\/campingleparoy.com\/fr\/conditions-generales\/#breadcrumb","itemListElement":[{"@type":"ListItem","position":1,"name":"Home","item":"https:\/\/campingleparoy.com\/fr\/accueil\/"},{"@type":"ListItem","position":2,"name":"Conditions g\u00e9n\u00e9rales"}]},{"@type":"WebSite","@id":"https:\/\/campingleparoy.com\/fr\/#website","url":"https:\/\/campingleparoy.com\/fr\/","name":"Camping Le Paroy","description":"Camping In Morvan, Bourgondi\u00eb","publisher":{"@id":"https:\/\/campingleparoy.com\/fr\/#organization"},"potentialAction":[{"@type":"SearchAction","target":{"@type":"EntryPoint","urlTemplate":"https:\/\/campingleparoy.com\/fr\/?s={search_term_string}"},"query-input":{"@type":"PropertyValueSpecification","valueRequired":true,"valueName":"search_term_string"}}],"inLanguage":"fr-FR"},{"@type":"Organization","@id":"https:\/\/campingleparoy.com\/fr\/#organization","name":"Camping Le Paroy","url":"https:\/\/campingleparoy.com\/fr\/","logo":{"@type":"ImageObject","inLanguage":"fr-FR","@id":"https:\/\/campingleparoy.com\/fr\/#\/schema\/logo\/image\/","url":"https:\/\/campingleparoy.com\/wp-content\/uploads\/2016\/12\/logonieuw-2banner35percent.png","contentUrl":"https:\/\/campingleparoy.com\/wp-content\/uploads\/2016\/12\/logonieuw-2banner35percent.png","width":484,"height":140,"caption":"Camping Le Paroy"},"image":{"@id":"https:\/\/campingleparoy.com\/fr\/#\/schema\/logo\/image\/"},"sameAs":["https:\/\/www.facebook.com\/CampingLeParoy"]}]}},"_links":{"self":[{"href":"https:\/\/campingleparoy.com\/fr\/wp-json\/wp\/v2\/pages\/3607","targetHints":{"allow":["GET"]}}],"collection":[{"href":"https:\/\/campingleparoy.com\/fr\/wp-json\/wp\/v2\/pages"}],"about":[{"href":"https:\/\/campingleparoy.com\/fr\/wp-json\/wp\/v2\/types\/page"}],"author":[{"embeddable":true,"href":"https:\/\/campingleparoy.com\/fr\/wp-json\/wp\/v2\/users\/1"}],"replies":[{"embeddable":true,"href":"https:\/\/campingleparoy.com\/fr\/wp-json\/wp\/v2\/comments?post=3607"}],"version-history":[{"count":15,"href":"https:\/\/campingleparoy.com\/fr\/wp-json\/wp\/v2\/pages\/3607\/revisions"}],"predecessor-version":[{"id":4757,"href":"https:\/\/campingleparoy.com\/fr\/wp-json\/wp\/v2\/pages\/3607\/revisions\/4757"}],"wp:attachment":[{"href":"https:\/\/campingleparoy.com\/fr\/wp-json\/wp\/v2\/media?parent=3607"}],"curies":[{"name":"wp","href":"https:\/\/api.w.org\/{rel}","templated":true}]}}