{"id":3489,"date":"2023-02-15T22:30:34","date_gmt":"2023-02-15T21:30:34","guid":{"rendered":"https:\/\/campingleparoy.com\/avg-gdpr\/"},"modified":"2024-12-19T01:30:06","modified_gmt":"2024-12-19T00:30:06","slug":"avg-gdpr","status":"publish","type":"page","link":"https:\/\/campingleparoy.com\/fr\/avg-gdpr\/","title":{"rendered":"AVG\/GDPR"},"content":{"rendered":"\t\t<div data-elementor-type=\"wp-page\" data-elementor-id=\"3489\" class=\"elementor elementor-3489 elementor-3172\" data-elementor-post-type=\"page\">\n\t\t\t\t\t\t<section class=\"elementor-section elementor-top-section elementor-element elementor-element-6653f3c9 elementor-section-boxed elementor-section-height-default elementor-section-height-default\" data-id=\"6653f3c9\" data-element_type=\"section\" data-e-type=\"section\" data-settings=\"{&quot;background_background&quot;:&quot;classic&quot;}\">\n\t\t\t\t\t\t<div class=\"elementor-container elementor-column-gap-default\">\n\t\t\t\t\t<div class=\"elementor-column elementor-col-100 elementor-top-column elementor-element elementor-element-558d03c8\" data-id=\"558d03c8\" data-element_type=\"column\" data-e-type=\"column\">\n\t\t\t<div class=\"elementor-widget-wrap elementor-element-populated\">\n\t\t\t\t\t\t<div class=\"elementor-element elementor-element-f481e51 elementor-widget elementor-widget-heading\" data-id=\"f481e51\" data-element_type=\"widget\" data-e-type=\"widget\" data-widget_type=\"heading.default\">\n\t\t\t\t<div class=\"elementor-widget-container\">\n\t\t\t\t\t<h2 class=\"elementor-heading-title elementor-size-default\">\n R\u00e8glement g\u00e9n\u00e9ral sur la protection des donn\u00e9es - AVG<\/h2>\t\t\t\t<\/div>\n\t\t\t\t<\/div>\n\t\t\t\t\t<\/div>\n\t\t<\/div>\n\t\t\t\t\t<\/div>\n\t\t<\/section>\n\t\t\t\t<section class=\"elementor-section elementor-top-section elementor-element elementor-element-1bf8cab6 elementor-section-boxed elementor-section-height-default elementor-section-height-default\" data-id=\"1bf8cab6\" data-element_type=\"section\" data-e-type=\"section\">\n\t\t\t\t\t\t<div class=\"elementor-container elementor-column-gap-default\">\n\t\t\t\t\t<div class=\"elementor-column elementor-col-50 elementor-top-column elementor-element elementor-element-1842115e\" data-id=\"1842115e\" data-element_type=\"column\" data-e-type=\"column\">\n\t\t\t<div class=\"elementor-widget-wrap elementor-element-populated\">\n\t\t\t\t\t\t<div class=\"elementor-element elementor-element-1a6d7668 elementor-widget elementor-widget-heading\" data-id=\"1a6d7668\" data-element_type=\"widget\" data-e-type=\"widget\" data-widget_type=\"heading.default\">\n\t\t\t\t<div class=\"elementor-widget-container\">\n\t\t\t\t\t<h1 class=\"elementor-heading-title elementor-size-large\">AVG - GDPR<\/h1>\t\t\t\t<\/div>\n\t\t\t\t<\/div>\n\t\t\t\t<div class=\"elementor-element elementor-element-13e51268 elementor-widget elementor-widget-heading\" data-id=\"13e51268\" data-element_type=\"widget\" data-e-type=\"widget\" data-widget_type=\"heading.default\">\n\t\t\t\t<div class=\"elementor-widget-container\">\n\t\t\t\t\t<h2 class=\"elementor-heading-title elementor-size-default\">G\u00c9RER VOS DONN\u00c9ES<\/h2>\t\t\t\t<\/div>\n\t\t\t\t<\/div>\n\t\t\t\t\t<\/div>\n\t\t<\/div>\n\t\t\t\t<div class=\"elementor-column elementor-col-50 elementor-top-column elementor-element elementor-element-46a40aca\" data-id=\"46a40aca\" data-element_type=\"column\" data-e-type=\"column\">\n\t\t\t<div class=\"elementor-widget-wrap elementor-element-populated\">\n\t\t\t\t\t\t<div class=\"elementor-element elementor-element-203aa7ab elementor-widget elementor-widget-heading\" data-id=\"203aa7ab\" data-element_type=\"widget\" data-e-type=\"widget\" data-widget_type=\"heading.default\">\n\t\t\t\t<div class=\"elementor-widget-container\">\n\t\t\t\t\t<h1 class=\"elementor-heading-title elementor-size-large\">R\u00e8glement g\u00e9n\u00e9ral sur la protection des donn\u00e9es\n<\/h1>\t\t\t\t<\/div>\n\t\t\t\t<\/div>\n\t\t\t\t\t<\/div>\n\t\t<\/div>\n\t\t\t\t\t<\/div>\n\t\t<\/section>\n\t\t\t\t<section class=\"elementor-section elementor-top-section elementor-element elementor-element-6bbfb41f elementor-section-boxed elementor-section-height-default elementor-section-height-default\" data-id=\"6bbfb41f\" data-element_type=\"section\" data-e-type=\"section\">\n\t\t\t\t\t\t<div class=\"elementor-container elementor-column-gap-default\">\n\t\t\t\t\t<div class=\"elementor-column elementor-col-100 elementor-top-column elementor-element elementor-element-21c395a1\" data-id=\"21c395a1\" data-element_type=\"column\" data-e-type=\"column\">\n\t\t\t<div class=\"elementor-widget-wrap elementor-element-populated\">\n\t\t\t\t\t\t<div class=\"elementor-element elementor-element-3641281e elementor-widget elementor-widget-shortcode\" data-id=\"3641281e\" data-element_type=\"widget\" data-e-type=\"widget\" data-widget_type=\"shortcode.default\">\n\t\t\t\t<div class=\"elementor-widget-container\">\n\t\t\t\t\t\t\t<div class=\"elementor-shortcode\">\n<div class=\"ct-ultimate-gdpr-container ct-ultimate-gdpr-my-account  ct-ultimate-gdpr-simple-form\">\n\n\t\n    <div id=\"tabs\">\n        <ul>\n                        <li>\n                <a href=\"#tabs-1\">\n\t\t\t\t\tAcc\u00e8s aux donn\u00e9es personnelles                <\/a>\n            <\/li>\n            <li>\n                <a href=\"#tabs-2\">\n\t\t\t\t\tDroit \u00e0 \u00eatre oubli\u00e9                <\/a>\n            <\/li>\n            <li>\n                <a href=\"#tabs-3\">\n\t\t\t\t\tRectification des donn\u00e9es                <\/a>\n            <\/li>\n\t\t\t                <li>\n                    <a href=\"#tabs-4\">\n\t\t\t\t\t\tSe d\u00e9sabonner                    <\/a>\n                <\/li>\n\t\t\t        <\/ul>\n\n        \n        <div id=\"tabs-1\">\n\n            <div class=\"ct-headerContent\">\n\t\t\t\tCi-dessous, vous pouvez demander que vos donn\u00e9es personnelles collect\u00e9es par ce site vous soient envoy\u00e9es par courrier \u00e9lectronique.            <\/div>\n\n            <form id=\"ct-ultimate-gdpr-data-access\" method=\"post\">\n                <label for=\"ct-ultimate-gdpr-email\">Email:<\/label>\n\t\t\t\t                    <input type=\"email\" name=\"ct-ultimate-gdpr-email\" value=\"\" required=\"\" id=\"ct-ultimate-gdpr-email\">\n\t\t\t\t                <label for=\"ct-ultimate-gdpr-consent-data-access\">\n                    <input type=\"checkbox\" id=\"ct-ultimate-gdpr-consent-data-access\"\n                           name=\"ct-ultimate-gdpr-consent-data-access\" required=\"\">\n                    <span class=\"ct-checkbox\"><\/span>\n\t\t\t\t\tJe consens \u00e0 ce que mon adresse de email soit collect\u00e9e afin de recevoir mes donn\u00e9es demand\u00e9es. Voir la page Politique de confidentialit\u00e9 pour plus d\u2019informations.                <\/label>\n\t\t\t\t\n\t\t\t\t\n                <input type=\"hidden\" name=\"ct-ultimate-gdpr-request-url\" value=\"https:\/\/campingleparoy.com\/fr\/avg-gdpr\/\"\/>\n                <input type=\"submit\" name=\"ct-ultimate-gdpr-data-access-submit\"\n                       value=\"Envoyer\">\n\n            <\/form>\n        <\/div>\n\n        <div id=\"tabs-2\">\n            <div class=\"ct-headerContent\">\n                <p>Removal of your data will not limit in any way the system functionalities<\/p>                Ci-dessous, vous pouvez parcourir les services qui collectent vos donn\u00e9es personnelles sur ce site. V\u00e9rifiez les services que vous souhaitez \u00eatre oubli\u00e9 par. Cela enverra une demande \u00e0 l&#039;administrateur du site. Une fois cela fait, vous serez averti par email.            <\/div>\n\n            <form id=\"ct-ultimate-gdpr-forget\" method=\"post\">\n\n                <div class=\"ct-ultimate-gdpr-services-list\">\n\n\t\t\t\t\t                            <div class=\"ct-ultimate-gdpr-service-options\">\n                                <div class=\"ct-ultimate-gdpr-service-option\">\n                                    <input type=\"checkbox\" name=\"ct-ultimate-gdpr-service-forget[]\"\n                                           value=\"wp_comments\">\n                                    <span class=\"ct-checkbox\"><\/span>\n                                <\/div>\n                                <div class=\"ct-ultimate-gdpr-service-details\">\n                                    <div class=\"ct-ultimate-gdpr-service-title\">WP Comments<\/div>\n                                    <div class=\"ct-ultimate-gdpr-service-description\">Les commentaires WordPress sont des donn\u00e9es saisies par les utilisateurs<\/div>\n                                <\/div>\n                            <\/div>\n\n\n\t\t\t\t\t\t                            <div class=\"ct-ultimate-gdpr-service-options\">\n                                <div class=\"ct-ultimate-gdpr-service-option\">\n                                    <input type=\"checkbox\" name=\"ct-ultimate-gdpr-service-forget[]\"\n                                           value=\"wp_posts\">\n                                    <span class=\"ct-checkbox\"><\/span>\n                                <\/div>\n                                <div class=\"ct-ultimate-gdpr-service-details\">\n                                    <div class=\"ct-ultimate-gdpr-service-title\">WordPress Posts<\/div>\n                                    <div class=\"ct-ultimate-gdpr-service-description\">Donn\u00e9es de l&#039;auteur dans les commentaires et publications<\/div>\n                                <\/div>\n                            <\/div>\n\n\n\t\t\t\t\t\t                            <div class=\"ct-ultimate-gdpr-service-options\">\n                                <div class=\"ct-ultimate-gdpr-service-option\">\n                                    <input type=\"checkbox\" name=\"ct-ultimate-gdpr-service-forget[]\"\n                                           value=\"wp_user\">\n                                    <span class=\"ct-checkbox\"><\/span>\n                                <\/div>\n                                <div class=\"ct-ultimate-gdpr-service-details\">\n                                    <div class=\"ct-ultimate-gdpr-service-title\">WP Donn\u00e9es utilisateur<\/div>\n                                    <div class=\"ct-ultimate-gdpr-service-description\">WordPress Les donn\u00e9es utilisateurs sont stock\u00e9es sous forme de m\u00e9tadonn\u00e9es utilisateur dans la base de donn\u00e9es<\/div>\n                                <\/div>\n                            <\/div>\n\n\n\t\t\t\t\t\t\n\n                    <div class=\"ct-ultimate-gdpr-services-email\">\n\n                        <label for=\"ct-ultimate-gdpr-forget-email\">Email:<\/label>\n\t\t\t\t\t\t                            <input type=\"email\" name=\"ct-ultimate-gdpr-email\" value=\"\" required=\"\"\n                                   id=\"ct-ultimate-gdpr-forget-email\">\n\t\t\t\t\t\t                    <\/div>\n\n                    <label for=\"ct-ultimate-gdpr-consent-forget-me\">\n                        <input type=\"checkbox\" id=\"ct-ultimate-gdpr-consent-forget-me\"\n                               name=\"ct-ultimate-gdpr-consent-forget-me\" required=\"\">\n                        <span class=\"ct-checkbox\"><\/span>\n\t\t\t\t\t\tJe consens \u00e0 ce que mon adresse email soit collect\u00e9e afin de traiter cette demande. Voir la page Politique de confidentialit\u00e9 pour plus d&#039;informations.                    <\/label>\n\t\t\t\t\t\n\t\t\t\t\t\n                    <input type=\"hidden\" name=\"ct-ultimate-gdpr-request-url\" value=\"https:\/\/campingleparoy.com\/fr\/avg-gdpr\/\"\/>\n                    <input type=\"submit\" class=\"ct-ultimate-gdpr-forget-submitBtn\" name=\"ct-ultimate-gdpr-forget-submit\"\n                           value=\"Envoyer\">\n\n\n                <\/div>\n\n            <\/form>\n        <\/div>\n\n        <div id=\"tabs-3\">\n            <div class=\"ct-headerContent\">\n\t\t\t\tCi-dessous, vous pouvez envoyer une demande de rectification de vos donn\u00e9es par l&#039;administrateur du site. Entrez ce que vous souhaitez \u00eatre rectifi\u00e9. Une fois cela fait, vous serez averti par email.            <\/div>\n\n            <form id=\"ct-ultimate-gdpr-rectification\" method=\"post\">\n\n                <div class=\"ct-ultimate-gdpr-services-email\">\n\n                    <label for=\"ct-ultimate-gdpr-rectification-data-current\" class=\"ct-u-display-block\">\n\t\t\t\t\t\tDonn\u00e9es actuelles                    <\/label>\n                    <textarea\n                            name=\"ct-ultimate-gdpr-rectification-data-current\"\n                            rows=\"5\"\n                            required\n                            id=\"ct-ultimate-gdpr-rectification-data-current\"\n                    ><\/textarea>\n\n                <\/div>\n\n                <div class=\"ct-ultimate-gdpr-services-email\">\n\n                    <label for=\"ct-ultimate-gdpr-rectification-data-rectified\" class=\"ct-u-display-block\">\n\t\t\t\t\t\tDonn\u00e9es rectifi\u00e9es                    <\/label>\n                    <textarea\n                            name=\"ct-ultimate-gdpr-rectification-data-rectified\"\n                            rows=\"5\"\n                            required\n                            id=\"ct-ultimate-gdpr-rectification-data-rectified\"\n                    ><\/textarea>\n\n                <\/div>\n\n                <div class=\"ct-ultimate-gdpr-services-email\">\n\n                    <label for=\"ct-ultimate-gdpr-rectify-email\">Email:<\/label>\n\t\t\t\t\t                        <input\n                                type=\"email\"\n                                name=\"ct-ultimate-gdpr-email\"\n                                value=\"\"\n                                required=\"\"\n                                id=\"ct-ultimate-gdpr-rectify-email\"\n                        >\n\t\t\t\t\t                <\/div>\n\n                <label for=\"ct-ultimate-gdpr-consent-data-rectification\">\n                    <input type=\"checkbox\" id=\"ct-ultimate-gdpr-consent-data-rectification\"\n                           name=\"ct-ultimate-gdpr-consent-data-rectification\" required=\"\">\n                    <span class=\"ct-checkbox ct-ultimate-gdpr-simple-form\"><\/span>\n\t\t\t\t\tJe consens \u00e0 ce que mon adresse email soit collect\u00e9e afin de traiter cette demande. Voir la page Politique de confidentialit\u00e9 pour plus d&#039;informations.                <\/label>\n\t\t\t\t\n\t\t\t\t\n                <input type=\"hidden\" name=\"ct-ultimate-gdpr-request-url\" value=\"https:\/\/campingleparoy.com\/fr\/avg-gdpr\/\"\/>\n                <input type=\"submit\" class=\"ct-ultimate-gdpr-forget-submitBtn\"\n                       name=\"ct-ultimate-gdpr-rectification-submit\"\n                       value=\"Envoyer\">\n\n\n            <\/form>\n        <\/div>\n\t\t            <div id=\"tabs-4\">\n                <div class=\"ct-headerContent\">\n                    <p>Removal of your data will not limit in any way the system functionalities<\/p>                    Ci-dessous, vous pouvez parcourir les services qui inscrivent les utilisateurs aux newsletters. V\u00e9rifiez les services dont vous souhaitez vous d\u00e9sabonner. L&#039;abonnement s&#039;arr\u00eatera imm\u00e9diatement.                <\/div>\n                <form id=\"ct-ultimate-gdpr-unsubscribe\" method=\"post\">\n                    <div class=\"ct-ultimate-gdpr-services-list\">\n\t\t\t\t\t\t                                <div class=\"ct-ultimate-gdpr-service-options\">\n                                    <div class=\"ct-ultimate-gdpr-service-option\">\n                                        <input type=\"checkbox\" name=\"ct-ultimate-gdpr-service-unsubscribe[]\"\n                                               value=\"sell_personal_data\">\n                                        <span class=\"ct-checkbox\"><\/span>\n                                    <\/div>\n                                    <div class=\"ct-ultimate-gdpr-service-details\">\n                                        <div class=\"ct-ultimate-gdpr-service-title\">Do not sell my information<\/div>\n                                        <div class=\"ct-ultimate-gdpr-service-description\">Request not to sell personal information<\/div>\n                                    <\/div>\n                                <\/div>\n\t\t\t\t\t\t\t                        <div class=\"ct-ultimate-gdpr-services-email\">\n                            <label for=\"ct-ultimate-gdpr-unsubscribe-email\">Email:<\/label>\n\t\t\t\t\t\t\t                                <input type=\"email\" name=\"ct-ultimate-gdpr-email\" value=\"\" required=\"\"\n                                       id=\"ct-ultimate-gdpr-unsubscribe-email\">\n\t\t\t\t\t\t\t                        <\/div>\n                        <label for=\"ct-ultimate-gdpr-consent-unsubscribe\">\n                            <input type=\"checkbox\" id=\"ct-ultimate-gdpr-consent-unsubscribe\"\n                                   name=\"ct-ultimate-gdpr-consent-unsubscribe\" required=\"\">\n                            <span class=\"ct-checkbox\"><\/span>\n\t\t\t\t\t\t\tJe consens \u00e0 ce que mon adresse email soit collect\u00e9e afin de traiter cette demande. Voir la page Politique de confidentialit\u00e9 pour plus d&#039;informations.                        <\/label>\n\t\t\t\t\t\t\t\t\t\t\t\t                        <input type=\"hidden\" name=\"ct-ultimate-gdpr-request-url\" value=\"https:\/\/campingleparoy.com\/fr\/avg-gdpr\/\"\/>\n                        <input type=\"submit\" class=\"ct-ultimate-gdpr-unsubscribe-submitBtn\"\n                               name=\"ct-ultimate-gdpr-unsubscribe-submit\"\n                               value=\"Envoyer\">\n                    <\/div>\n                <\/form>\n            <\/div>\n\t\t    <\/div>\n\n<\/div><\/div>\n\t\t\t\t\t\t<\/div>\n\t\t\t\t<\/div>\n\t\t\t\t\t<\/div>\n\t\t<\/div>\n\t\t\t\t\t<\/div>\n\t\t<\/section>\n\t\t\t\t<section class=\"elementor-section elementor-top-section elementor-element elementor-element-45fcbb1e elementor-section-boxed elementor-section-height-default elementor-section-height-default\" data-id=\"45fcbb1e\" data-element_type=\"section\" data-e-type=\"section\" data-settings=\"{&quot;background_background&quot;:&quot;classic&quot;}\">\n\t\t\t\t\t\t<div class=\"elementor-container elementor-column-gap-default\">\n\t\t\t\t\t\t<\/div>\n\t\t<\/section>\n\t\t\t\t<\/div>\n\t\t","protected":false},"excerpt":{"rendered":"<p>R\u00e8glement g\u00e9n\u00e9ral sur la protection des donn\u00e9es &#8211; AVG AVG &#8211; GDPR G\u00c9RER VOS DONN\u00c9ES R\u00e8glement g\u00e9n\u00e9ral sur la protection des donn\u00e9es<\/p>\n","protected":false},"author":1,"featured_media":0,"parent":0,"menu_order":0,"comment_status":"closed","ping_status":"closed","template":"elementor_header_footer","meta":{"_acf_changed":false,"_exactmetrics_skip_tracking":false,"_exactmetrics_sitenote_active":false,"_exactmetrics_sitenote_note":"","_exactmetrics_sitenote_category":0,"footnotes":""},"class_list":["post-3489","page","type-page","status-publish","hentry"],"acf":[],"yoast_head":"<!-- This site is optimized with the Yoast SEO plugin v27.4 - https:\/\/yoast.com\/product\/yoast-seo-wordpress\/ -->\n<title>AVG\/GDPR - Camping Le Paroy<\/title>\n<meta name=\"robots\" content=\"index, follow, max-snippet:-1, max-image-preview:large, max-video-preview:-1\" \/>\n<link rel=\"canonical\" href=\"https:\/\/campingleparoy.com\/fr\/avg-gdpr\/\" \/>\n<meta property=\"og:locale\" content=\"fr_FR\" \/>\n<meta property=\"og:type\" content=\"article\" \/>\n<meta property=\"og:title\" content=\"AVG\/GDPR - Camping Le Paroy\" \/>\n<meta property=\"og:description\" content=\"R\u00e8glement g\u00e9n\u00e9ral sur la protection des donn\u00e9es &#8211; AVG AVG &#8211; GDPR G\u00c9RER VOS DONN\u00c9ES R\u00e8glement g\u00e9n\u00e9ral sur la protection des donn\u00e9es\" \/>\n<meta property=\"og:url\" content=\"https:\/\/campingleparoy.com\/fr\/avg-gdpr\/\" \/>\n<meta property=\"og:site_name\" content=\"Camping Le Paroy\" \/>\n<meta property=\"article:publisher\" content=\"https:\/\/www.facebook.com\/CampingLeParoy\" \/>\n<meta property=\"article:modified_time\" content=\"2024-12-19T00:30:06+00:00\" \/>\n<meta name=\"twitter:card\" content=\"summary_large_image\" \/>\n<script type=\"application\/ld+json\" class=\"yoast-schema-graph\">{\"@context\":\"https:\\\/\\\/schema.org\",\"@graph\":[{\"@type\":\"WebPage\",\"@id\":\"https:\\\/\\\/campingleparoy.com\\\/fr\\\/avg-gdpr\\\/\",\"url\":\"https:\\\/\\\/campingleparoy.com\\\/fr\\\/avg-gdpr\\\/\",\"name\":\"AVG\\\/GDPR - Camping Le Paroy\",\"isPartOf\":{\"@id\":\"https:\\\/\\\/campingleparoy.com\\\/fr\\\/#website\"},\"datePublished\":\"2023-02-15T21:30:34+00:00\",\"dateModified\":\"2024-12-19T00:30:06+00:00\",\"breadcrumb\":{\"@id\":\"https:\\\/\\\/campingleparoy.com\\\/fr\\\/avg-gdpr\\\/#breadcrumb\"},\"inLanguage\":\"fr-FR\",\"potentialAction\":[{\"@type\":\"ReadAction\",\"target\":[\"https:\\\/\\\/campingleparoy.com\\\/fr\\\/avg-gdpr\\\/\"]}]},{\"@type\":\"BreadcrumbList\",\"@id\":\"https:\\\/\\\/campingleparoy.com\\\/fr\\\/avg-gdpr\\\/#breadcrumb\",\"itemListElement\":[{\"@type\":\"ListItem\",\"position\":1,\"name\":\"Home\",\"item\":\"https:\\\/\\\/campingleparoy.com\\\/fr\\\/accueil\\\/\"},{\"@type\":\"ListItem\",\"position\":2,\"name\":\"AVG\\\/GDPR\"}]},{\"@type\":\"WebSite\",\"@id\":\"https:\\\/\\\/campingleparoy.com\\\/fr\\\/#website\",\"url\":\"https:\\\/\\\/campingleparoy.com\\\/fr\\\/\",\"name\":\"Camping Le Paroy\",\"description\":\"Camping In Morvan, Bourgondi\u00eb\",\"publisher\":{\"@id\":\"https:\\\/\\\/campingleparoy.com\\\/fr\\\/#organization\"},\"potentialAction\":[{\"@type\":\"SearchAction\",\"target\":{\"@type\":\"EntryPoint\",\"urlTemplate\":\"https:\\\/\\\/campingleparoy.com\\\/fr\\\/?s={search_term_string}\"},\"query-input\":{\"@type\":\"PropertyValueSpecification\",\"valueRequired\":true,\"valueName\":\"search_term_string\"}}],\"inLanguage\":\"fr-FR\"},{\"@type\":\"Organization\",\"@id\":\"https:\\\/\\\/campingleparoy.com\\\/fr\\\/#organization\",\"name\":\"Camping Le Paroy\",\"url\":\"https:\\\/\\\/campingleparoy.com\\\/fr\\\/\",\"logo\":{\"@type\":\"ImageObject\",\"inLanguage\":\"fr-FR\",\"@id\":\"https:\\\/\\\/campingleparoy.com\\\/fr\\\/#\\\/schema\\\/logo\\\/image\\\/\",\"url\":\"https:\\\/\\\/campingleparoy.com\\\/wp-content\\\/uploads\\\/2016\\\/12\\\/logonieuw-2banner35percent.png\",\"contentUrl\":\"https:\\\/\\\/campingleparoy.com\\\/wp-content\\\/uploads\\\/2016\\\/12\\\/logonieuw-2banner35percent.png\",\"width\":484,\"height\":140,\"caption\":\"Camping Le Paroy\"},\"image\":{\"@id\":\"https:\\\/\\\/campingleparoy.com\\\/fr\\\/#\\\/schema\\\/logo\\\/image\\\/\"},\"sameAs\":[\"https:\\\/\\\/www.facebook.com\\\/CampingLeParoy\"]}]}<\/script>\n<!-- \/ Yoast SEO plugin. -->","yoast_head_json":{"title":"AVG\/GDPR - Camping Le Paroy","robots":{"index":"index","follow":"follow","max-snippet":"max-snippet:-1","max-image-preview":"max-image-preview:large","max-video-preview":"max-video-preview:-1"},"canonical":"https:\/\/campingleparoy.com\/fr\/avg-gdpr\/","og_locale":"fr_FR","og_type":"article","og_title":"AVG\/GDPR - Camping Le Paroy","og_description":"R\u00e8glement g\u00e9n\u00e9ral sur la protection des donn\u00e9es &#8211; AVG AVG &#8211; GDPR G\u00c9RER VOS DONN\u00c9ES R\u00e8glement g\u00e9n\u00e9ral sur la protection des donn\u00e9es","og_url":"https:\/\/campingleparoy.com\/fr\/avg-gdpr\/","og_site_name":"Camping Le Paroy","article_publisher":"https:\/\/www.facebook.com\/CampingLeParoy","article_modified_time":"2024-12-19T00:30:06+00:00","twitter_card":"summary_large_image","schema":{"@context":"https:\/\/schema.org","@graph":[{"@type":"WebPage","@id":"https:\/\/campingleparoy.com\/fr\/avg-gdpr\/","url":"https:\/\/campingleparoy.com\/fr\/avg-gdpr\/","name":"AVG\/GDPR - Camping Le Paroy","isPartOf":{"@id":"https:\/\/campingleparoy.com\/fr\/#website"},"datePublished":"2023-02-15T21:30:34+00:00","dateModified":"2024-12-19T00:30:06+00:00","breadcrumb":{"@id":"https:\/\/campingleparoy.com\/fr\/avg-gdpr\/#breadcrumb"},"inLanguage":"fr-FR","potentialAction":[{"@type":"ReadAction","target":["https:\/\/campingleparoy.com\/fr\/avg-gdpr\/"]}]},{"@type":"BreadcrumbList","@id":"https:\/\/campingleparoy.com\/fr\/avg-gdpr\/#breadcrumb","itemListElement":[{"@type":"ListItem","position":1,"name":"Home","item":"https:\/\/campingleparoy.com\/fr\/accueil\/"},{"@type":"ListItem","position":2,"name":"AVG\/GDPR"}]},{"@type":"WebSite","@id":"https:\/\/campingleparoy.com\/fr\/#website","url":"https:\/\/campingleparoy.com\/fr\/","name":"Camping Le Paroy","description":"Camping In Morvan, Bourgondi\u00eb","publisher":{"@id":"https:\/\/campingleparoy.com\/fr\/#organization"},"potentialAction":[{"@type":"SearchAction","target":{"@type":"EntryPoint","urlTemplate":"https:\/\/campingleparoy.com\/fr\/?s={search_term_string}"},"query-input":{"@type":"PropertyValueSpecification","valueRequired":true,"valueName":"search_term_string"}}],"inLanguage":"fr-FR"},{"@type":"Organization","@id":"https:\/\/campingleparoy.com\/fr\/#organization","name":"Camping Le Paroy","url":"https:\/\/campingleparoy.com\/fr\/","logo":{"@type":"ImageObject","inLanguage":"fr-FR","@id":"https:\/\/campingleparoy.com\/fr\/#\/schema\/logo\/image\/","url":"https:\/\/campingleparoy.com\/wp-content\/uploads\/2016\/12\/logonieuw-2banner35percent.png","contentUrl":"https:\/\/campingleparoy.com\/wp-content\/uploads\/2016\/12\/logonieuw-2banner35percent.png","width":484,"height":140,"caption":"Camping Le Paroy"},"image":{"@id":"https:\/\/campingleparoy.com\/fr\/#\/schema\/logo\/image\/"},"sameAs":["https:\/\/www.facebook.com\/CampingLeParoy"]}]}},"_links":{"self":[{"href":"https:\/\/campingleparoy.com\/fr\/wp-json\/wp\/v2\/pages\/3489","targetHints":{"allow":["GET"]}}],"collection":[{"href":"https:\/\/campingleparoy.com\/fr\/wp-json\/wp\/v2\/pages"}],"about":[{"href":"https:\/\/campingleparoy.com\/fr\/wp-json\/wp\/v2\/types\/page"}],"author":[{"embeddable":true,"href":"https:\/\/campingleparoy.com\/fr\/wp-json\/wp\/v2\/users\/1"}],"replies":[{"embeddable":true,"href":"https:\/\/campingleparoy.com\/fr\/wp-json\/wp\/v2\/comments?post=3489"}],"version-history":[{"count":0,"href":"https:\/\/campingleparoy.com\/fr\/wp-json\/wp\/v2\/pages\/3489\/revisions"}],"wp:attachment":[{"href":"https:\/\/campingleparoy.com\/fr\/wp-json\/wp\/v2\/media?parent=3489"}],"curies":[{"name":"wp","href":"https:\/\/api.w.org\/{rel}","templated":true}]}}