{"id":3487,"date":"2023-02-15T22:30:34","date_gmt":"2023-02-15T21:30:34","guid":{"rendered":"https:\/\/campingleparoy.com\/politique-de-confidentialite\/"},"modified":"2024-12-19T02:55:31","modified_gmt":"2024-12-19T01:55:31","slug":"politique-de-confidentialite","status":"publish","type":"page","link":"https:\/\/campingleparoy.com\/fr\/politique-de-confidentialite\/","title":{"rendered":"Politique de confidentialit\u00e9"},"content":{"rendered":"\t\t<div data-elementor-type=\"wp-page\" data-elementor-id=\"3487\" class=\"elementor elementor-3487 elementor-3342\" data-elementor-post-type=\"page\">\n\t\t\t\t\t\t<section class=\"elementor-section elementor-top-section elementor-element elementor-element-60ee7d38 elementor-section-boxed elementor-section-height-default elementor-section-height-default\" data-id=\"60ee7d38\" data-element_type=\"section\" data-e-type=\"section\" data-settings=\"{&quot;background_background&quot;:&quot;classic&quot;}\">\n\t\t\t\t\t\t<div class=\"elementor-container elementor-column-gap-default\">\n\t\t\t\t\t<div class=\"elementor-column elementor-col-100 elementor-top-column elementor-element elementor-element-38a5cf6b\" data-id=\"38a5cf6b\" data-element_type=\"column\" data-e-type=\"column\">\n\t\t\t<div class=\"elementor-widget-wrap elementor-element-populated\">\n\t\t\t\t\t\t<div class=\"elementor-element elementor-element-7bd2a9ba elementor-widget elementor-widget-heading\" data-id=\"7bd2a9ba\" data-element_type=\"widget\" data-e-type=\"widget\" data-widget_type=\"heading.default\">\n\t\t\t\t<div class=\"elementor-widget-container\">\n\t\t\t\t\t<h2 class=\"elementor-heading-title elementor-size-default\">Confidentialit\u00e9 et cookies<\/h2>\t\t\t\t<\/div>\n\t\t\t\t<\/div>\n\t\t\t\t\t<\/div>\n\t\t<\/div>\n\t\t\t\t\t<\/div>\n\t\t<\/section>\n\t\t\t\t<section class=\"elementor-section elementor-top-section elementor-element elementor-element-6e20c8f2 elementor-section-boxed elementor-section-height-default elementor-section-height-default\" data-id=\"6e20c8f2\" data-element_type=\"section\" data-e-type=\"section\">\n\t\t\t\t\t\t<div class=\"elementor-container elementor-column-gap-default\">\n\t\t\t\t\t<div class=\"elementor-column elementor-col-50 elementor-top-column elementor-element elementor-element-4a6ad316\" data-id=\"4a6ad316\" data-element_type=\"column\" data-e-type=\"column\">\n\t\t\t<div class=\"elementor-widget-wrap elementor-element-populated\">\n\t\t\t\t\t\t<div class=\"elementor-element elementor-element-6ec4e85d elementor-widget elementor-widget-heading\" data-id=\"6ec4e85d\" data-element_type=\"widget\" data-e-type=\"widget\" data-widget_type=\"heading.default\">\n\t\t\t\t<div class=\"elementor-widget-container\">\n\t\t\t\t\t<h1 class=\"elementor-heading-title elementor-size-large\">AVG - GDPR<\/h1>\t\t\t\t<\/div>\n\t\t\t\t<\/div>\n\t\t\t\t<div class=\"elementor-element elementor-element-14562349 elementor-widget elementor-widget-heading\" data-id=\"14562349\" data-element_type=\"widget\" data-e-type=\"widget\" data-widget_type=\"heading.default\">\n\t\t\t\t<div class=\"elementor-widget-container\">\n\t\t\t\t\t<h2 class=\"elementor-heading-title elementor-size-default\">POLITIQUE DE CONFIDENTIALIT\u00c9<\/h2>\t\t\t\t<\/div>\n\t\t\t\t<\/div>\n\t\t\t\t\t<\/div>\n\t\t<\/div>\n\t\t\t\t<div class=\"elementor-column elementor-col-50 elementor-top-column elementor-element elementor-element-521b0af3\" data-id=\"521b0af3\" data-element_type=\"column\" data-e-type=\"column\">\n\t\t\t<div class=\"elementor-widget-wrap\">\n\t\t\t\t\t\t\t<\/div>\n\t\t<\/div>\n\t\t\t\t\t<\/div>\n\t\t<\/section>\n\t\t\t\t<section class=\"elementor-section elementor-top-section elementor-element elementor-element-1088d741 elementor-section-boxed elementor-section-height-default elementor-section-height-default\" data-id=\"1088d741\" data-element_type=\"section\" data-e-type=\"section\">\n\t\t\t\t\t\t<div class=\"elementor-container elementor-column-gap-default\">\n\t\t\t\t\t<div class=\"elementor-column elementor-col-100 elementor-top-column elementor-element elementor-element-6c1a5d25\" data-id=\"6c1a5d25\" data-element_type=\"column\" data-e-type=\"column\">\n\t\t\t<div class=\"elementor-widget-wrap elementor-element-populated\">\n\t\t\t\t\t\t<div class=\"elementor-element elementor-element-347752e8 elementor-widget elementor-widget-shortcode\" data-id=\"347752e8\" data-element_type=\"widget\" data-e-type=\"widget\" data-widget_type=\"shortcode.default\">\n\t\t\t\t<div class=\"elementor-widget-container\">\n\t\t\t\t\t\t\t<div class=\"elementor-shortcode\">\n<div class=\"ct-ultimate-gdpr-container container\">\n\t\n        <button id=\"ct-ultimate-gdpr-policy-accept\" class=\"ct-ultimate-gdpr-button  \"\n\t\t\t>\n\t\t\tAccepter        <\/button>\n\n\t<\/div><\/div>\n\t\t\t\t\t\t<\/div>\n\t\t\t\t<\/div>\n\t\t\t\t<div class=\"elementor-element elementor-element-3994c075 elementor-widget elementor-widget-text-editor\" data-id=\"3994c075\" data-element_type=\"widget\" data-e-type=\"widget\" data-widget_type=\"text-editor.default\">\n\t\t\t\t<div class=\"elementor-widget-container\">\n\t\t\t\t\t\t\t\t\t<p><strong>Qu&#8217;est-ce qu&#8217;un cookie ?<\/strong><\/p>\n<p>Un cookie est un petit fichier texte stock\u00e9 sur votre propre ordinateur. Il contient des informations sur votre visite sur un site web. Tant campingleparoy.com que d&#8217;autres parties peuvent installer des cookies.<\/p>\n<p>A quoi servent les cookies sur campingleparoy.com ?<br \/>campingleparoy.com utilise des cookies pour am\u00e9liorer le site et le site campingleparoy.com. Cela signifie que vous ne pouvez pas utiliser deux fois les m\u00eames informations et que vos donn\u00e9es seront conserv\u00e9es, par exemple. Les cookies facilitent la navigation sur le site.<\/p>\n<p>En outre, Google Analytics est utilis\u00e9 pour am\u00e9liorer notre site, qui contient des informations qui ne peuvent pas \u00eatre rattach\u00e9es \u00e0 un individu ou \u00e0 un PC. Consultez la rubrique &#8220;Aide&#8221; de votre navigateur pour plus d&#8217;informations sur l&#8217;interdiction des cookies.<\/p>\n<p>Vous avez encore des questions ?<br \/>N&#8217;h\u00e9sitez pas \u00e0 nous contacter via le formulaire de contact du site ou par e-mail \u00e0 info@campingleparoy.com.<\/p>\n<p>Puis-je refuser les cookies ?<\/p>\n<p>Vous pouvez refuser les cookies en param\u00e9trant votre navigateur internet pour emp\u00eacher l&#8217;enregistrement des cookies.<\/p>\n<p>Convivialit\u00e9 ;<\/p>\n<p>Des cookies destin\u00e9s \u00e0 am\u00e9liorer la convivialit\u00e9 du site campingleparoy.com sont plac\u00e9s sur votre ordinateur. Par exemple, pour stocker vos produits dans le panier d&#8217;achat ou des cookies pour optimiser l&#8217;utilisation de campingleparoy.com.<\/p>\n<p>Les cookies externes pour des offres pertinentes sur des sites autres que campingleparoy.com ne sont plus plac\u00e9s sur votre ordinateur. Cela ne signifie pas que vous ne verrez pas du tout de publicit\u00e9s de campingleparoy.com sur d&#8217;autres sites web.<\/p>\n<p>Tous les cookies qui am\u00e9liorent campingleparoy.com et les offres pertinentes sur le site sont plac\u00e9s sur votre ordinateur. Ces cookies contiennent des informations qui ne peuvent \u00eatre rattach\u00e9es \u00e0 un individu ou \u00e0 un PC.<\/p>\n<p>Confidentialit\u00e9 campingleparoy.com respecte votre vie priv\u00e9e. Nous mettons tout en \u0153uvre pour prot\u00e9ger vos informations et donn\u00e9es sans votre consentement.<\/p>\n<p>Lors de votre visite sur notre site web, nos pages fan Facebook ou nos sites web et applications mobiles, des cookies peuvent \u00eatre enregistr\u00e9s sur votre ordinateur, uniquement lorsque cela est n\u00e9cessaire. Nous traiterons vos donn\u00e9es avec le plus grand soin.<\/p>\n<p>Vous pouvez \u00eatre s\u00fbr qu&#8217;ils r\u00e9pondent aux normes fix\u00e9es par l&#8217;Union europ\u00e9enne.<\/p>\n<p><strong>D\u00e9claration de confidentialit\u00e9<\/strong><\/p>\n<p>Cette d\u00e9claration de confidentialit\u00e9 d\u00e9crit les pratiques en mati\u00e8re de confidentialit\u00e9 pour CampingleParoy.com. La pr\u00e9sente d\u00e9claration de confidentialit\u00e9 s&#8217;applique uniquement aux informations recueillies par ce site web. Il vous informera de ce qui suit :<\/p>\n<p>Quelles sont les informations personnelles identifiables collect\u00e9es sur le site web ? Quels sont les choix possibles pour vos informations ? Les proc\u00e9dures de s\u00e9curit\u00e9 visant \u00e0 emp\u00eacher l&#8217;utilisation abusive de vos informations ? Comment corriger toute inexactitude dans les informations. Collecte, utilisation et partage des informations Nous sommes les seuls propri\u00e9taires des informations collect\u00e9es sur ce site. Nous ne consultons\/collectons que les informations que vous nous fournissez volontairement par courrier \u00e9lectronique ou par tout autre contact direct de votre part. Nous ne vendrons ni ne louerons ces informations \u00e0 quiconque.<\/p>\n<p>Nous reviendrons vers vous. Nous ne partagerons pas vos donn\u00e9es avec des parties ext\u00e9rieures \u00e0 notre organisation, sauf si cela est n\u00e9cessaire pour r\u00e9pondre \u00e0 votre demande, par exemple pour exp\u00e9dier une commande.<\/p>\n<p>\u00c0 moins que vous ne nous le demandiez, nous pourrions vous contacter par courrier \u00e9lectronique \u00e0 l&#8217;avenir pour vous informer des offres sp\u00e9ciales, des nouveaux produits ou services ou des modifications apport\u00e9es \u00e0 la pr\u00e9sente politique de confidentialit\u00e9.<\/p>\n<p>Votre acc\u00e8s aux informations et le contr\u00f4le de celles-ci Vous pouvez vous d\u00e9sinscrire d&#8217;un futur programme. Vous pouvez nous contacter via l&#8217;adresse \u00e9lectronique ou le num\u00e9ro de t\u00e9l\u00e9phone figurant sur notre site web :<\/p>\n<p>Voir quelles donn\u00e9es nous d\u00e9tenons sur vous, le cas \u00e9ch\u00e9ant. Modifier\/corriger les donn\u00e9es que nous d\u00e9tenons sur vous. Nous laisser supprimer les donn\u00e9es que nous d\u00e9tenons sur vous. Faire part de vos pr\u00e9occupations concernant l&#8217;utilisation de vos donn\u00e9es. S\u00e9curit\u00e9 Nous prenons des pr\u00e9cautions pour prot\u00e9ger vos informations. Lorsque vous envoyez des informations sensibles via le site web, vos informations sont prot\u00e9g\u00e9es \u00e0 la fois en ligne et hors ligne.<\/p>\n<p>Chaque fois que nous recueillons des informations sensibles (telles que les d\u00e9tails d&#8217;une carte de cr\u00e9dit), ces informations sont crypt\u00e9es et transmises de mani\u00e8re s\u00e9curis\u00e9e. Vous pouvez le trouver dans la barre d&#8217;adresse et rechercher &#8220;https&#8221; au d\u00e9but de la page web.<\/p>\n<p>Si nous utilisons le cryptage pour prot\u00e9ger les informations sensibles transmises en ligne, nous prot\u00e9geons \u00e9galement vos donn\u00e9es hors ligne. Seuls les employ\u00e9s qui ont besoin d&#8217;une t\u00e2che sp\u00e9cifique (par exemple, la facturation ou le service client\u00e8le) ont acc\u00e8s aux informations permettant d&#8217;identifier les personnes. Les ordinateurs\/serveurs dans lesquels nous stockons les informations personnelles identifiables sont conserv\u00e9s dans un environnement s\u00e9curis\u00e9.<\/p>\n<p>Si vous pensez que nous ne sommes pas abolis par cette politique de confidentialit\u00e9, vous devez nous contacter imm\u00e9diatement par t\u00e9l\u00e9phone au +33 385545927 ou par e-mail.<\/p>\n\t\t\t\t\t\t\t\t<\/div>\n\t\t\t\t<\/div>\n\t\t\t\t\t<\/div>\n\t\t<\/div>\n\t\t\t\t\t<\/div>\n\t\t<\/section>\n\t\t\t\t<section class=\"elementor-section elementor-top-section elementor-element elementor-element-2274f822 elementor-section-boxed elementor-section-height-default elementor-section-height-default\" data-id=\"2274f822\" data-element_type=\"section\" data-e-type=\"section\" data-settings=\"{&quot;background_background&quot;:&quot;classic&quot;}\">\n\t\t\t\t\t\t<div class=\"elementor-container elementor-column-gap-default\">\n\t\t\t\t\t\t<\/div>\n\t\t<\/section>\n\t\t\t\t<\/div>\n\t\t","protected":false},"excerpt":{"rendered":"<p>Confidentialit\u00e9 et cookies AVG &#8211; GDPR POLITIQUE DE CONFIDENTIALIT\u00c9 Qu&#8217;est-ce qu&#8217;un cookie ? Un cookie est un petit fichier texte stock\u00e9 sur votre propre ordinateur. Il contient des informations sur votre visite sur un site web. Tant campingleparoy.com que d&#8217;autres parties peuvent installer des cookies. A quoi servent les cookies sur campingleparoy.com ?campingleparoy.com utilise des [&hellip;]<\/p>\n","protected":false},"author":1,"featured_media":0,"parent":0,"menu_order":0,"comment_status":"closed","ping_status":"closed","template":"elementor_header_footer","meta":{"_acf_changed":false,"_exactmetrics_skip_tracking":false,"_exactmetrics_sitenote_active":false,"_exactmetrics_sitenote_note":"","_exactmetrics_sitenote_category":0,"footnotes":""},"class_list":["post-3487","page","type-page","status-publish","hentry"],"acf":[],"yoast_head":"<!-- This site is optimized with the Yoast SEO plugin v27.4 - https:\/\/yoast.com\/product\/yoast-seo-wordpress\/ -->\n<title>Politique de confidentialit\u00e9 - Camping Le Paroy<\/title>\n<meta name=\"robots\" content=\"index, follow, max-snippet:-1, max-image-preview:large, max-video-preview:-1\" \/>\n<link rel=\"canonical\" href=\"https:\/\/campingleparoy.com\/fr\/politique-de-confidentialite\/\" \/>\n<meta property=\"og:locale\" content=\"fr_FR\" \/>\n<meta property=\"og:type\" content=\"article\" \/>\n<meta property=\"og:title\" content=\"Politique de confidentialit\u00e9 - Camping Le Paroy\" \/>\n<meta property=\"og:description\" content=\"Confidentialit\u00e9 et cookies AVG &#8211; GDPR POLITIQUE DE CONFIDENTIALIT\u00c9 Qu&#8217;est-ce qu&#8217;un cookie ? Un cookie est un petit fichier texte stock\u00e9 sur votre propre ordinateur. Il contient des informations sur votre visite sur un site web. Tant campingleparoy.com que d&#8217;autres parties peuvent installer des cookies. A quoi servent les cookies sur campingleparoy.com ?campingleparoy.com utilise des [&hellip;]\" \/>\n<meta property=\"og:url\" content=\"https:\/\/campingleparoy.com\/fr\/politique-de-confidentialite\/\" \/>\n<meta property=\"og:site_name\" content=\"Camping Le Paroy\" \/>\n<meta property=\"article:publisher\" content=\"https:\/\/www.facebook.com\/CampingLeParoy\" \/>\n<meta property=\"article:modified_time\" content=\"2024-12-19T01:55:31+00:00\" \/>\n<meta name=\"twitter:card\" content=\"summary_large_image\" \/>\n<meta name=\"twitter:label1\" content=\"Dur\u00e9e de lecture estim\u00e9e\" \/>\n\t<meta name=\"twitter:data1\" content=\"4 minutes\" \/>\n<script type=\"application\/ld+json\" class=\"yoast-schema-graph\">{\"@context\":\"https:\\\/\\\/schema.org\",\"@graph\":[{\"@type\":\"WebPage\",\"@id\":\"https:\\\/\\\/campingleparoy.com\\\/fr\\\/politique-de-confidentialite\\\/\",\"url\":\"https:\\\/\\\/campingleparoy.com\\\/fr\\\/politique-de-confidentialite\\\/\",\"name\":\"Politique de confidentialit\u00e9 - Camping Le Paroy\",\"isPartOf\":{\"@id\":\"https:\\\/\\\/campingleparoy.com\\\/fr\\\/#website\"},\"datePublished\":\"2023-02-15T21:30:34+00:00\",\"dateModified\":\"2024-12-19T01:55:31+00:00\",\"breadcrumb\":{\"@id\":\"https:\\\/\\\/campingleparoy.com\\\/fr\\\/politique-de-confidentialite\\\/#breadcrumb\"},\"inLanguage\":\"fr-FR\",\"potentialAction\":[{\"@type\":\"ReadAction\",\"target\":[\"https:\\\/\\\/campingleparoy.com\\\/fr\\\/politique-de-confidentialite\\\/\"]}]},{\"@type\":\"BreadcrumbList\",\"@id\":\"https:\\\/\\\/campingleparoy.com\\\/fr\\\/politique-de-confidentialite\\\/#breadcrumb\",\"itemListElement\":[{\"@type\":\"ListItem\",\"position\":1,\"name\":\"Home\",\"item\":\"https:\\\/\\\/campingleparoy.com\\\/fr\\\/accueil\\\/\"},{\"@type\":\"ListItem\",\"position\":2,\"name\":\"Politique de confidentialit\u00e9\"}]},{\"@type\":\"WebSite\",\"@id\":\"https:\\\/\\\/campingleparoy.com\\\/fr\\\/#website\",\"url\":\"https:\\\/\\\/campingleparoy.com\\\/fr\\\/\",\"name\":\"Camping Le Paroy\",\"description\":\"Camping In Morvan, Bourgondi\u00eb\",\"publisher\":{\"@id\":\"https:\\\/\\\/campingleparoy.com\\\/fr\\\/#organization\"},\"potentialAction\":[{\"@type\":\"SearchAction\",\"target\":{\"@type\":\"EntryPoint\",\"urlTemplate\":\"https:\\\/\\\/campingleparoy.com\\\/fr\\\/?s={search_term_string}\"},\"query-input\":{\"@type\":\"PropertyValueSpecification\",\"valueRequired\":true,\"valueName\":\"search_term_string\"}}],\"inLanguage\":\"fr-FR\"},{\"@type\":\"Organization\",\"@id\":\"https:\\\/\\\/campingleparoy.com\\\/fr\\\/#organization\",\"name\":\"Camping Le Paroy\",\"url\":\"https:\\\/\\\/campingleparoy.com\\\/fr\\\/\",\"logo\":{\"@type\":\"ImageObject\",\"inLanguage\":\"fr-FR\",\"@id\":\"https:\\\/\\\/campingleparoy.com\\\/fr\\\/#\\\/schema\\\/logo\\\/image\\\/\",\"url\":\"https:\\\/\\\/campingleparoy.com\\\/wp-content\\\/uploads\\\/2016\\\/12\\\/logonieuw-2banner35percent.png\",\"contentUrl\":\"https:\\\/\\\/campingleparoy.com\\\/wp-content\\\/uploads\\\/2016\\\/12\\\/logonieuw-2banner35percent.png\",\"width\":484,\"height\":140,\"caption\":\"Camping Le Paroy\"},\"image\":{\"@id\":\"https:\\\/\\\/campingleparoy.com\\\/fr\\\/#\\\/schema\\\/logo\\\/image\\\/\"},\"sameAs\":[\"https:\\\/\\\/www.facebook.com\\\/CampingLeParoy\"]}]}<\/script>\n<!-- \/ Yoast SEO plugin. -->","yoast_head_json":{"title":"Politique de confidentialit\u00e9 - Camping Le Paroy","robots":{"index":"index","follow":"follow","max-snippet":"max-snippet:-1","max-image-preview":"max-image-preview:large","max-video-preview":"max-video-preview:-1"},"canonical":"https:\/\/campingleparoy.com\/fr\/politique-de-confidentialite\/","og_locale":"fr_FR","og_type":"article","og_title":"Politique de confidentialit\u00e9 - Camping Le Paroy","og_description":"Confidentialit\u00e9 et cookies AVG &#8211; GDPR POLITIQUE DE CONFIDENTIALIT\u00c9 Qu&#8217;est-ce qu&#8217;un cookie ? Un cookie est un petit fichier texte stock\u00e9 sur votre propre ordinateur. Il contient des informations sur votre visite sur un site web. Tant campingleparoy.com que d&#8217;autres parties peuvent installer des cookies. A quoi servent les cookies sur campingleparoy.com ?campingleparoy.com utilise des [&hellip;]","og_url":"https:\/\/campingleparoy.com\/fr\/politique-de-confidentialite\/","og_site_name":"Camping Le Paroy","article_publisher":"https:\/\/www.facebook.com\/CampingLeParoy","article_modified_time":"2024-12-19T01:55:31+00:00","twitter_card":"summary_large_image","twitter_misc":{"Dur\u00e9e de lecture estim\u00e9e":"4 minutes"},"schema":{"@context":"https:\/\/schema.org","@graph":[{"@type":"WebPage","@id":"https:\/\/campingleparoy.com\/fr\/politique-de-confidentialite\/","url":"https:\/\/campingleparoy.com\/fr\/politique-de-confidentialite\/","name":"Politique de confidentialit\u00e9 - Camping Le Paroy","isPartOf":{"@id":"https:\/\/campingleparoy.com\/fr\/#website"},"datePublished":"2023-02-15T21:30:34+00:00","dateModified":"2024-12-19T01:55:31+00:00","breadcrumb":{"@id":"https:\/\/campingleparoy.com\/fr\/politique-de-confidentialite\/#breadcrumb"},"inLanguage":"fr-FR","potentialAction":[{"@type":"ReadAction","target":["https:\/\/campingleparoy.com\/fr\/politique-de-confidentialite\/"]}]},{"@type":"BreadcrumbList","@id":"https:\/\/campingleparoy.com\/fr\/politique-de-confidentialite\/#breadcrumb","itemListElement":[{"@type":"ListItem","position":1,"name":"Home","item":"https:\/\/campingleparoy.com\/fr\/accueil\/"},{"@type":"ListItem","position":2,"name":"Politique de confidentialit\u00e9"}]},{"@type":"WebSite","@id":"https:\/\/campingleparoy.com\/fr\/#website","url":"https:\/\/campingleparoy.com\/fr\/","name":"Camping Le Paroy","description":"Camping In Morvan, Bourgondi\u00eb","publisher":{"@id":"https:\/\/campingleparoy.com\/fr\/#organization"},"potentialAction":[{"@type":"SearchAction","target":{"@type":"EntryPoint","urlTemplate":"https:\/\/campingleparoy.com\/fr\/?s={search_term_string}"},"query-input":{"@type":"PropertyValueSpecification","valueRequired":true,"valueName":"search_term_string"}}],"inLanguage":"fr-FR"},{"@type":"Organization","@id":"https:\/\/campingleparoy.com\/fr\/#organization","name":"Camping Le Paroy","url":"https:\/\/campingleparoy.com\/fr\/","logo":{"@type":"ImageObject","inLanguage":"fr-FR","@id":"https:\/\/campingleparoy.com\/fr\/#\/schema\/logo\/image\/","url":"https:\/\/campingleparoy.com\/wp-content\/uploads\/2016\/12\/logonieuw-2banner35percent.png","contentUrl":"https:\/\/campingleparoy.com\/wp-content\/uploads\/2016\/12\/logonieuw-2banner35percent.png","width":484,"height":140,"caption":"Camping Le Paroy"},"image":{"@id":"https:\/\/campingleparoy.com\/fr\/#\/schema\/logo\/image\/"},"sameAs":["https:\/\/www.facebook.com\/CampingLeParoy"]}]}},"_links":{"self":[{"href":"https:\/\/campingleparoy.com\/fr\/wp-json\/wp\/v2\/pages\/3487","targetHints":{"allow":["GET"]}}],"collection":[{"href":"https:\/\/campingleparoy.com\/fr\/wp-json\/wp\/v2\/pages"}],"about":[{"href":"https:\/\/campingleparoy.com\/fr\/wp-json\/wp\/v2\/types\/page"}],"author":[{"embeddable":true,"href":"https:\/\/campingleparoy.com\/fr\/wp-json\/wp\/v2\/users\/1"}],"replies":[{"embeddable":true,"href":"https:\/\/campingleparoy.com\/fr\/wp-json\/wp\/v2\/comments?post=3487"}],"version-history":[{"count":0,"href":"https:\/\/campingleparoy.com\/fr\/wp-json\/wp\/v2\/pages\/3487\/revisions"}],"wp:attachment":[{"href":"https:\/\/campingleparoy.com\/fr\/wp-json\/wp\/v2\/media?parent=3487"}],"curies":[{"name":"wp","href":"https:\/\/api.w.org\/{rel}","templated":true}]}}