{"id":3540,"date":"2023-02-15T22:30:45","date_gmt":"2023-02-15T21:30:45","guid":{"rendered":"https:\/\/campingleparoy.com\/contact\/"},"modified":"2024-12-19T02:48:30","modified_gmt":"2024-12-19T01:48:30","slug":"contact","status":"publish","type":"page","link":"https:\/\/campingleparoy.com\/en\/contact\/","title":{"rendered":"Contact"},"content":{"rendered":"\t\t<div data-elementor-type=\"wp-page\" data-elementor-id=\"3540\" class=\"elementor elementor-3540 elementor-3158\" data-elementor-post-type=\"page\">\n\t\t\t\t\t\t<section class=\"elementor-section elementor-top-section elementor-element elementor-element-4f6df6f elementor-section-boxed elementor-section-height-default elementor-section-height-default\" data-id=\"4f6df6f\" data-element_type=\"section\" data-e-type=\"section\" data-settings=\"{&quot;background_background&quot;:&quot;classic&quot;}\">\n\t\t\t\t\t\t<div class=\"elementor-container elementor-column-gap-default\">\n\t\t\t\t\t<div class=\"elementor-column elementor-col-100 elementor-top-column elementor-element elementor-element-68ee557\" data-id=\"68ee557\" data-element_type=\"column\" data-e-type=\"column\">\n\t\t\t<div class=\"elementor-widget-wrap elementor-element-populated\">\n\t\t\t\t\t\t<div class=\"elementor-element elementor-element-211bb309 elementor-widget elementor-widget-heading\" data-id=\"211bb309\" data-element_type=\"widget\" data-e-type=\"widget\" data-widget_type=\"heading.default\">\n\t\t\t\t<div class=\"elementor-widget-container\">\n\t\t\t\t\t<h1 class=\"elementor-heading-title elementor-size-default\">Contact &amp; Directions<\/h1>\t\t\t\t<\/div>\n\t\t\t\t<\/div>\n\t\t\t\t\t<\/div>\n\t\t<\/div>\n\t\t\t\t\t<\/div>\n\t\t<\/section>\n\t\t\t\t<section class=\"elementor-section elementor-top-section elementor-element elementor-element-2c07f5d4 elementor-section-boxed elementor-section-height-default elementor-section-height-default\" data-id=\"2c07f5d4\" data-element_type=\"section\" data-e-type=\"section\">\n\t\t\t\t\t\t<div class=\"elementor-container elementor-column-gap-default\">\n\t\t\t\t\t<div class=\"elementor-column elementor-col-100 elementor-top-column elementor-element elementor-element-24823c3\" data-id=\"24823c3\" data-element_type=\"column\" data-e-type=\"column\">\n\t\t\t<div class=\"elementor-widget-wrap elementor-element-populated\">\n\t\t\t\t\t\t<div class=\"elementor-element elementor-element-27e6cf15 elementor-widget elementor-widget-heading\" data-id=\"27e6cf15\" data-element_type=\"widget\" data-e-type=\"widget\" data-widget_type=\"heading.default\">\n\t\t\t\t<div class=\"elementor-widget-container\">\n\t\t\t\t\t<h2 class=\"elementor-heading-title elementor-size-default\">Contact form<\/h2>\t\t\t\t<\/div>\n\t\t\t\t<\/div>\n\t\t\t\t\t<\/div>\n\t\t<\/div>\n\t\t\t\t\t<\/div>\n\t\t<\/section>\n\t\t\t\t<section class=\"elementor-section elementor-top-section elementor-element elementor-element-5b758f5b elementor-section-boxed elementor-section-height-default elementor-section-height-default\" data-id=\"5b758f5b\" data-element_type=\"section\" data-e-type=\"section\">\n\t\t\t\t\t\t<div class=\"elementor-container elementor-column-gap-default\">\n\t\t\t\t\t<div class=\"elementor-column elementor-col-50 elementor-top-column elementor-element elementor-element-71224500\" data-id=\"71224500\" data-element_type=\"column\" data-e-type=\"column\">\n\t\t\t<div class=\"elementor-widget-wrap elementor-element-populated\">\n\t\t\t\t\t\t<div class=\"elementor-element elementor-element-395e4eea elementor-widget elementor-widget-heading\" data-id=\"395e4eea\" data-element_type=\"widget\" data-e-type=\"widget\" data-widget_type=\"heading.default\">\n\t\t\t\t<div class=\"elementor-widget-container\">\n\t\t\t\t\t<h2 class=\"elementor-heading-title elementor-size-default\">Do you have a suggestion? Or questions? If so, please contact us:<\/h2>\t\t\t\t<\/div>\n\t\t\t\t<\/div>\n\t\t\t\t<div class=\"elementor-element elementor-element-25ca0754 elementor-widget elementor-widget-text-editor\" data-id=\"25ca0754\" data-element_type=\"widget\" data-e-type=\"widget\" data-widget_type=\"text-editor.default\">\n\t\t\t\t<div class=\"elementor-widget-container\">\n\t\t\t\t\t\t\t\t\t<p>If YOU have any ideas, suggestions or general questions we would like to hear from you. You cannot use this contact form for reservations.<\/p>\n<p>Please complete in full please. For reservations: <a href=\"https:\/\/campingleparoy.com\/en\/reservations\/\">click here<\/a><\/p>\n\t\t\t\t\t\t\t\t<\/div>\n\t\t\t\t<\/div>\n\t\t\t\t<div class=\"elementor-element elementor-element-1b468822 elementor-widget elementor-widget-shortcode\" data-id=\"1b468822\" data-element_type=\"widget\" data-e-type=\"widget\" data-widget_type=\"shortcode.default\">\n\t\t\t\t<div class=\"elementor-widget-container\">\n\t\t\t\t\t\t\t<div class=\"elementor-shortcode\">\n<div class=\"wpcf7 no-js\" id=\"wpcf7-f3766-o1\" lang=\"en-US\" dir=\"ltr\" data-wpcf7-id=\"3766\">\n<div class=\"screen-reader-response\"><p role=\"status\" aria-live=\"polite\" aria-atomic=\"true\"><\/p> <ul><\/ul><\/div>\n<form action=\"\/en\/wp-json\/wp\/v2\/pages\/3540#wpcf7-f3766-o1\" method=\"post\" class=\"wpcf7-form init\" aria-label=\"Contact form\" novalidate=\"novalidate\" data-status=\"init\">\n<fieldset class=\"hidden-fields-container\"><input type=\"hidden\" name=\"_wpcf7\" value=\"3766\" \/><input type=\"hidden\" name=\"_wpcf7_version\" value=\"6.1.5\" \/><input type=\"hidden\" name=\"_wpcf7_locale\" value=\"en_US\" \/><input type=\"hidden\" name=\"_wpcf7_unit_tag\" value=\"wpcf7-f3766-o1\" \/><input type=\"hidden\" name=\"_wpcf7_container_post\" value=\"0\" \/><input type=\"hidden\" name=\"_wpcf7_posted_data_hash\" value=\"\" \/><input type=\"hidden\" name=\"_wpcf7_recaptcha_response\" value=\"\" \/>\n<\/fieldset>\n<div class=\"row\">\n\t<div class=\"col-md-6 form-group\">\n\t\t<p><span class=\"wpcf7-form-control-wrap\" data-name=\"your-name\"><input size=\"40\" maxlength=\"400\" class=\"wpcf7-form-control wpcf7-text wpcf7-validates-as-required form-control\" aria-required=\"true\" aria-invalid=\"false\" value=\"Name\" type=\"text\" name=\"your-name\" \/><\/span>\n\t\t<\/p>\n\t<\/div>\n\t<div class=\"col-md-6 form-group\">\n\t\t<p><span class=\"wpcf7-form-control-wrap\" data-name=\"your-email\"><input size=\"40\" maxlength=\"400\" class=\"wpcf7-form-control wpcf7-email wpcf7-validates-as-required wpcf7-text wpcf7-validates-as-email form-control\" aria-required=\"true\" aria-invalid=\"false\" value=\"Email\" type=\"email\" name=\"your-email\" \/><\/span>\n\t\t<\/p>\n\t<\/div>\n<\/div>\n<div class=\"form-group\">\n\t<p><span class=\"wpcf7-form-control-wrap\" data-name=\"your-subject\"><input size=\"40\" maxlength=\"400\" class=\"wpcf7-form-control wpcf7-text form-control\" aria-invalid=\"false\" value=\"Topic\" type=\"text\" name=\"your-subject\" \/><\/span>\n\t<\/p>\n<\/div>\n<div class=\"form-group\">\n\t<p><span class=\"wpcf7-form-control-wrap\" data-name=\"your-message\"><textarea cols=\"40\" rows=\"5\" maxlength=\"2000\" class=\"wpcf7-form-control wpcf7-textarea form-control\" aria-invalid=\"false\" name=\"your-message\">Message<\/textarea><\/span>\n\t<\/p>\n<\/div>\n\n<div class=\"form-group\">\n\t<p><input class=\"wpcf7-form-control wpcf7-submit has-spinner btn btn-primary\" type=\"submit\" value=\"Send\" \/>\n\t<\/p>\n<\/div><div class=\"wpcf7-response-output\" aria-hidden=\"true\"><\/div>\n<\/form>\n<\/div>\n<\/div>\n\t\t\t\t\t\t<\/div>\n\t\t\t\t<\/div>\n\t\t\t\t\t<\/div>\n\t\t<\/div>\n\t\t\t\t<div class=\"elementor-column elementor-col-50 elementor-top-column elementor-element elementor-element-72c667d9\" data-id=\"72c667d9\" data-element_type=\"column\" data-e-type=\"column\">\n\t\t\t<div class=\"elementor-widget-wrap elementor-element-populated\">\n\t\t\t\t\t\t<div class=\"elementor-element elementor-element-1de67d48 elementor-widget elementor-widget-heading\" data-id=\"1de67d48\" data-element_type=\"widget\" data-e-type=\"widget\" data-widget_type=\"heading.default\">\n\t\t\t\t<div class=\"elementor-widget-container\">\n\t\t\t\t\t<h2 class=\"elementor-heading-title elementor-size-default\">Camping Le Paroy<\/h2>\t\t\t\t<\/div>\n\t\t\t\t<\/div>\n\t\t\t\t<div class=\"elementor-element elementor-element-186acb2c elementor-widget elementor-widget-heading\" data-id=\"186acb2c\" data-element_type=\"widget\" data-e-type=\"widget\" data-widget_type=\"heading.default\">\n\t\t\t\t<div class=\"elementor-widget-container\">\n\t\t\t\t\t<h2 class=\"elementor-heading-title elementor-size-default\">71190 La Tagni\u00e8re<br> France<br><br> Coordinates<br> Latitude: 46.777581<br> Longitude: 4.205197<\/h2>\t\t\t\t<\/div>\n\t\t\t\t<\/div>\n\t\t\t\t<div class=\"elementor-element elementor-element-3f82dad4 elementor-widget elementor-widget-heading\" data-id=\"3f82dad4\" data-element_type=\"widget\" data-e-type=\"widget\" data-widget_type=\"heading.default\">\n\t\t\t\t<div class=\"elementor-widget-container\">\n\t\t\t\t\t<h2 class=\"elementor-heading-title elementor-size-default\">Mobile: +33 6 43 20 63 90<br> Web: www.campingleparoy.com<br> E-mail: info@campingleparoy.com<br><\/h2>\t\t\t\t<\/div>\n\t\t\t\t<\/div>\n\t\t\t\t\t<\/div>\n\t\t<\/div>\n\t\t\t\t\t<\/div>\n\t\t<\/section>\n\t\t\t\t<section class=\"elementor-section elementor-top-section elementor-element elementor-element-6ffbe3a8 elementor-section-boxed elementor-section-height-default elementor-section-height-default\" data-id=\"6ffbe3a8\" data-element_type=\"section\" data-e-type=\"section\">\n\t\t\t\t\t\t<div class=\"elementor-container elementor-column-gap-default\">\n\t\t\t\t\t<div class=\"elementor-column elementor-col-50 elementor-top-column elementor-element elementor-element-478ad137\" data-id=\"478ad137\" data-element_type=\"column\" data-e-type=\"column\">\n\t\t\t<div class=\"elementor-widget-wrap elementor-element-populated\">\n\t\t\t\t\t\t<div class=\"elementor-element elementor-element-6875231f elementor-widget elementor-widget-heading\" data-id=\"6875231f\" data-element_type=\"widget\" data-e-type=\"widget\" data-widget_type=\"heading.default\">\n\t\t\t\t<div class=\"elementor-widget-container\">\n\t\t\t\t\t<h2 class=\"elementor-heading-title elementor-size-default\">Directions<\/h2>\t\t\t\t<\/div>\n\t\t\t\t<\/div>\n\t\t\t\t<div class=\"elementor-element elementor-element-2e0fd711 elementor-widget elementor-widget-text-editor\" data-id=\"2e0fd711\" data-element_type=\"widget\" data-e-type=\"widget\" data-widget_type=\"text-editor.default\">\n\t\t\t\t<div class=\"elementor-widget-container\">\n\t\t\t\t\t\t\t\t\t<div id=\"elm_5938666e1f905_4\" class=\"jsn-bootstrap3 st-element-container clearfix st-element-text\">\n<div id=\"5BhyBm\" class=\"st_text\">\n<p>From the Netherlands :<\/p>\n<p>Our campsite is about 625 km from Maastricht. You can choose from 2 routes. Route 1 is less suitable for caravans.<\/p>\n<p>1. From Maastricht follow A2 in the direction of Li\u00e8ge. Then follow Luxembourg (E25). In Luxembourg follow direction Metz, Nancy (A31). Follow the A31 until the exit Chalon-sur-S\u00e2one Sud (exit 26). Leave the p\u00e9age here and follow Le Creusot (N80) until Montcenis. In Montcenis, take the D47 to the right towards La Tagni\u00e8re, about 22 km on a very nice but not too wide road. From here follow the camping signs.<\/p>\n<p>2. Another nice route and better suited for caravan drivers is: after Dijon take exit Beaune (exit 24.1), now follow Autun (D973). In Autun, follow Moulins\/ Vichy. Just outside Autun, turn left at the traffic circle (Moulins\/Vichy). After 10 km, turn left to Etang sur Arroux\/Vichy. After Etang sur Arroux on the D994 after 3 km turn left to La Tagni\u00e8re ( D 224). In La Tagni\u00e8re, follow the signs for camping Le Paroy.<\/p>\n<\/div>\n<\/div>\n<div id=\"elm_5938666e1fe6f_5\" class=\"jsn-bootstrap3 st-element-container clearfix st-element-spacer\"> <\/div>\n\t\t\t\t\t\t\t\t<\/div>\n\t\t\t\t<\/div>\n\t\t\t\t\t<\/div>\n\t\t<\/div>\n\t\t\t\t<div class=\"elementor-column elementor-col-50 elementor-top-column elementor-element elementor-element-210d91a6\" data-id=\"210d91a6\" data-element_type=\"column\" data-e-type=\"column\">\n\t\t\t<div class=\"elementor-widget-wrap elementor-element-populated\">\n\t\t\t\t\t\t<div class=\"elementor-element elementor-element-132da1ea elementor-widget elementor-widget-image\" data-id=\"132da1ea\" data-element_type=\"widget\" data-e-type=\"widget\" data-widget_type=\"image.default\">\n\t\t\t\t<div class=\"elementor-widget-container\">\n\t\t\t\t\t\t\t\t\t\t\t\t\t\t\t<img fetchpriority=\"high\" decoding=\"async\" width=\"300\" height=\"285\" src=\"https:\/\/campingleparoy.com\/wp-content\/uploads\/2023\/02\/Map-La-Tagniere1b-rood-300x285-1.png\" class=\"attachment-full size-full wp-image-3160\" alt=\"\" \/>\t\t\t\t\t\t\t\t\t\t\t\t\t\t\t<\/div>\n\t\t\t\t<\/div>\n\t\t\t\t\t<\/div>\n\t\t<\/div>\n\t\t\t\t\t<\/div>\n\t\t<\/section>\n\t\t\t\t<section class=\"elementor-section elementor-top-section elementor-element elementor-element-61eb189d elementor-section-full_width elementor-section-stretched elementor-section-height-default elementor-section-height-default\" data-id=\"61eb189d\" data-element_type=\"section\" data-e-type=\"section\" data-settings=\"{&quot;stretch_section&quot;:&quot;section-stretched&quot;,&quot;background_background&quot;:&quot;classic&quot;}\">\n\t\t\t\t\t\t\t<div class=\"elementor-background-overlay\"><\/div>\n\t\t\t\t\t\t\t<div class=\"elementor-container elementor-column-gap-no\">\n\t\t\t\t\t<div class=\"elementor-column elementor-col-100 elementor-top-column elementor-element elementor-element-2be7f374\" data-id=\"2be7f374\" data-element_type=\"column\" data-e-type=\"column\">\n\t\t\t<div class=\"elementor-widget-wrap elementor-element-populated\">\n\t\t\t\t\t\t<div class=\"elementor-element elementor-element-688572cf elementor-widget elementor-widget-html\" data-id=\"688572cf\" data-element_type=\"widget\" data-e-type=\"widget\" data-widget_type=\"html.default\">\n\t\t\t\t<div class=\"elementor-widget-container\">\n\t\t\t\t\t<iframe src=\"https:\/\/www.google.com\/maps\/embed?pb=!1m18!1m12!1m3!1d2732.3563604358524!2d4.203002951378514!3d46.77758197903599!2m3!1f0!2f0!3f0!3m2!1i1024!2i768!4f13.1!3m3!1m2!1s0x47f232e4c3174ea1%3A0xf9ed7102f31a6850!2sCamping%20Paroy!5e0!3m2!1snl!2snl!4v1676338935795!5m2!1snl!2snl\" width=\"600\" height=\"450\" style=\"border:0;\" allowfullscreen=\"\" loading=\"lazy\" referrerpolicy=\"no-referrer-when-downgrade\"><\/iframe>\t\t\t\t<\/div>\n\t\t\t\t<\/div>\n\t\t\t\t\t<\/div>\n\t\t<\/div>\n\t\t\t\t\t<\/div>\n\t\t<\/section>\n\t\t\t\t<\/div>\n\t\t","protected":false},"excerpt":{"rendered":"<p>Contact &amp; Directions Contact form Do you have a suggestion? Or questions? If so, please contact us: If YOU have any ideas, suggestions or general questions we would like to hear from you. You cannot use this contact form for reservations. Please complete in full please. For reservations: click here Camping Le Paroy 71190 La [&hellip;]<\/p>\n","protected":false},"author":1,"featured_media":0,"parent":0,"menu_order":0,"comment_status":"closed","ping_status":"closed","template":"elementor_header_footer","meta":{"_acf_changed":false,"_exactmetrics_skip_tracking":false,"_exactmetrics_sitenote_active":false,"_exactmetrics_sitenote_note":"","_exactmetrics_sitenote_category":0,"footnotes":""},"class_list":["post-3540","page","type-page","status-publish","hentry"],"acf":[],"yoast_head":"<!-- This site is optimized with the Yoast SEO plugin v27.4 - https:\/\/yoast.com\/product\/yoast-seo-wordpress\/ -->\n<title>Contact - Camping Le Paroy<\/title>\n<meta name=\"robots\" content=\"index, follow, max-snippet:-1, max-image-preview:large, max-video-preview:-1\" \/>\n<link rel=\"canonical\" href=\"https:\/\/campingleparoy.com\/en\/contact\/\" \/>\n<meta property=\"og:locale\" content=\"en_US\" \/>\n<meta property=\"og:type\" content=\"article\" \/>\n<meta property=\"og:title\" content=\"Contact - Camping Le Paroy\" \/>\n<meta property=\"og:description\" content=\"Contact &amp; Directions Contact form Do you have a suggestion? Or questions? If so, please contact us: If YOU have any ideas, suggestions or general questions we would like to hear from you. You cannot use this contact form for reservations. Please complete in full please. For reservations: click here Camping Le Paroy 71190 La [&hellip;]\" \/>\n<meta property=\"og:url\" content=\"https:\/\/campingleparoy.com\/en\/contact\/\" \/>\n<meta property=\"og:site_name\" content=\"Camping Le Paroy\" \/>\n<meta property=\"article:publisher\" content=\"https:\/\/www.facebook.com\/CampingLeParoy\" \/>\n<meta property=\"article:modified_time\" content=\"2024-12-19T01:48:30+00:00\" \/>\n<meta property=\"og:image\" content=\"https:\/\/campingleparoy.com\/wp-content\/uploads\/2023\/02\/Map-La-Tagniere1b-rood-300x285-1.png\" \/>\n\t<meta property=\"og:image:width\" content=\"300\" \/>\n\t<meta property=\"og:image:height\" content=\"285\" \/>\n\t<meta property=\"og:image:type\" content=\"image\/png\" \/>\n<meta name=\"twitter:card\" content=\"summary_large_image\" \/>\n<meta name=\"twitter:label1\" content=\"Est. reading time\" \/>\n\t<meta name=\"twitter:data1\" content=\"2 minutes\" \/>\n<script type=\"application\/ld+json\" class=\"yoast-schema-graph\">{\"@context\":\"https:\\\/\\\/schema.org\",\"@graph\":[{\"@type\":\"WebPage\",\"@id\":\"https:\\\/\\\/campingleparoy.com\\\/en\\\/contact\\\/\",\"url\":\"https:\\\/\\\/campingleparoy.com\\\/en\\\/contact\\\/\",\"name\":\"Contact - Camping Le Paroy\",\"isPartOf\":{\"@id\":\"https:\\\/\\\/campingleparoy.com\\\/en\\\/#website\"},\"primaryImageOfPage\":{\"@id\":\"https:\\\/\\\/campingleparoy.com\\\/en\\\/contact\\\/#primaryimage\"},\"image\":{\"@id\":\"https:\\\/\\\/campingleparoy.com\\\/en\\\/contact\\\/#primaryimage\"},\"thumbnailUrl\":\"https:\\\/\\\/campingleparoy.com\\\/wp-content\\\/uploads\\\/2023\\\/02\\\/Map-La-Tagniere1b-rood-300x285-1.png\",\"datePublished\":\"2023-02-15T21:30:45+00:00\",\"dateModified\":\"2024-12-19T01:48:30+00:00\",\"breadcrumb\":{\"@id\":\"https:\\\/\\\/campingleparoy.com\\\/en\\\/contact\\\/#breadcrumb\"},\"inLanguage\":\"en-US\",\"potentialAction\":[{\"@type\":\"ReadAction\",\"target\":[\"https:\\\/\\\/campingleparoy.com\\\/en\\\/contact\\\/\"]}]},{\"@type\":\"ImageObject\",\"inLanguage\":\"en-US\",\"@id\":\"https:\\\/\\\/campingleparoy.com\\\/en\\\/contact\\\/#primaryimage\",\"url\":\"https:\\\/\\\/campingleparoy.com\\\/wp-content\\\/uploads\\\/2023\\\/02\\\/Map-La-Tagniere1b-rood-300x285-1.png\",\"contentUrl\":\"https:\\\/\\\/campingleparoy.com\\\/wp-content\\\/uploads\\\/2023\\\/02\\\/Map-La-Tagniere1b-rood-300x285-1.png\"},{\"@type\":\"BreadcrumbList\",\"@id\":\"https:\\\/\\\/campingleparoy.com\\\/en\\\/contact\\\/#breadcrumb\",\"itemListElement\":[{\"@type\":\"ListItem\",\"position\":1,\"name\":\"Home\",\"item\":\"https:\\\/\\\/campingleparoy.com\\\/en\\\/home\\\/\"},{\"@type\":\"ListItem\",\"position\":2,\"name\":\"Contact\"}]},{\"@type\":\"WebSite\",\"@id\":\"https:\\\/\\\/campingleparoy.com\\\/en\\\/#website\",\"url\":\"https:\\\/\\\/campingleparoy.com\\\/en\\\/\",\"name\":\"Camping Le Paroy\",\"description\":\"Camping In Morvan, Bourgondi\u00eb\",\"publisher\":{\"@id\":\"https:\\\/\\\/campingleparoy.com\\\/en\\\/#organization\"},\"potentialAction\":[{\"@type\":\"SearchAction\",\"target\":{\"@type\":\"EntryPoint\",\"urlTemplate\":\"https:\\\/\\\/campingleparoy.com\\\/en\\\/?s={search_term_string}\"},\"query-input\":{\"@type\":\"PropertyValueSpecification\",\"valueRequired\":true,\"valueName\":\"search_term_string\"}}],\"inLanguage\":\"en-US\"},{\"@type\":\"Organization\",\"@id\":\"https:\\\/\\\/campingleparoy.com\\\/en\\\/#organization\",\"name\":\"Camping Le Paroy\",\"url\":\"https:\\\/\\\/campingleparoy.com\\\/en\\\/\",\"logo\":{\"@type\":\"ImageObject\",\"inLanguage\":\"en-US\",\"@id\":\"https:\\\/\\\/campingleparoy.com\\\/en\\\/#\\\/schema\\\/logo\\\/image\\\/\",\"url\":\"https:\\\/\\\/campingleparoy.com\\\/wp-content\\\/uploads\\\/2016\\\/12\\\/logonieuw-2banner35percent.png\",\"contentUrl\":\"https:\\\/\\\/campingleparoy.com\\\/wp-content\\\/uploads\\\/2016\\\/12\\\/logonieuw-2banner35percent.png\",\"width\":484,\"height\":140,\"caption\":\"Camping Le Paroy\"},\"image\":{\"@id\":\"https:\\\/\\\/campingleparoy.com\\\/en\\\/#\\\/schema\\\/logo\\\/image\\\/\"},\"sameAs\":[\"https:\\\/\\\/www.facebook.com\\\/CampingLeParoy\"]}]}<\/script>\n<!-- \/ Yoast SEO plugin. -->","yoast_head_json":{"title":"Contact - Camping Le Paroy","robots":{"index":"index","follow":"follow","max-snippet":"max-snippet:-1","max-image-preview":"max-image-preview:large","max-video-preview":"max-video-preview:-1"},"canonical":"https:\/\/campingleparoy.com\/en\/contact\/","og_locale":"en_US","og_type":"article","og_title":"Contact - Camping Le Paroy","og_description":"Contact &amp; Directions Contact form Do you have a suggestion? Or questions? If so, please contact us: If YOU have any ideas, suggestions or general questions we would like to hear from you. You cannot use this contact form for reservations. Please complete in full please. For reservations: click here Camping Le Paroy 71190 La [&hellip;]","og_url":"https:\/\/campingleparoy.com\/en\/contact\/","og_site_name":"Camping Le Paroy","article_publisher":"https:\/\/www.facebook.com\/CampingLeParoy","article_modified_time":"2024-12-19T01:48:30+00:00","og_image":[{"width":300,"height":285,"url":"https:\/\/campingleparoy.com\/wp-content\/uploads\/2023\/02\/Map-La-Tagniere1b-rood-300x285-1.png","type":"image\/png"}],"twitter_card":"summary_large_image","twitter_misc":{"Est. reading time":"2 minutes"},"schema":{"@context":"https:\/\/schema.org","@graph":[{"@type":"WebPage","@id":"https:\/\/campingleparoy.com\/en\/contact\/","url":"https:\/\/campingleparoy.com\/en\/contact\/","name":"Contact - Camping Le Paroy","isPartOf":{"@id":"https:\/\/campingleparoy.com\/en\/#website"},"primaryImageOfPage":{"@id":"https:\/\/campingleparoy.com\/en\/contact\/#primaryimage"},"image":{"@id":"https:\/\/campingleparoy.com\/en\/contact\/#primaryimage"},"thumbnailUrl":"https:\/\/campingleparoy.com\/wp-content\/uploads\/2023\/02\/Map-La-Tagniere1b-rood-300x285-1.png","datePublished":"2023-02-15T21:30:45+00:00","dateModified":"2024-12-19T01:48:30+00:00","breadcrumb":{"@id":"https:\/\/campingleparoy.com\/en\/contact\/#breadcrumb"},"inLanguage":"en-US","potentialAction":[{"@type":"ReadAction","target":["https:\/\/campingleparoy.com\/en\/contact\/"]}]},{"@type":"ImageObject","inLanguage":"en-US","@id":"https:\/\/campingleparoy.com\/en\/contact\/#primaryimage","url":"https:\/\/campingleparoy.com\/wp-content\/uploads\/2023\/02\/Map-La-Tagniere1b-rood-300x285-1.png","contentUrl":"https:\/\/campingleparoy.com\/wp-content\/uploads\/2023\/02\/Map-La-Tagniere1b-rood-300x285-1.png"},{"@type":"BreadcrumbList","@id":"https:\/\/campingleparoy.com\/en\/contact\/#breadcrumb","itemListElement":[{"@type":"ListItem","position":1,"name":"Home","item":"https:\/\/campingleparoy.com\/en\/home\/"},{"@type":"ListItem","position":2,"name":"Contact"}]},{"@type":"WebSite","@id":"https:\/\/campingleparoy.com\/en\/#website","url":"https:\/\/campingleparoy.com\/en\/","name":"Camping Le Paroy","description":"Camping In Morvan, Bourgondi\u00eb","publisher":{"@id":"https:\/\/campingleparoy.com\/en\/#organization"},"potentialAction":[{"@type":"SearchAction","target":{"@type":"EntryPoint","urlTemplate":"https:\/\/campingleparoy.com\/en\/?s={search_term_string}"},"query-input":{"@type":"PropertyValueSpecification","valueRequired":true,"valueName":"search_term_string"}}],"inLanguage":"en-US"},{"@type":"Organization","@id":"https:\/\/campingleparoy.com\/en\/#organization","name":"Camping Le Paroy","url":"https:\/\/campingleparoy.com\/en\/","logo":{"@type":"ImageObject","inLanguage":"en-US","@id":"https:\/\/campingleparoy.com\/en\/#\/schema\/logo\/image\/","url":"https:\/\/campingleparoy.com\/wp-content\/uploads\/2016\/12\/logonieuw-2banner35percent.png","contentUrl":"https:\/\/campingleparoy.com\/wp-content\/uploads\/2016\/12\/logonieuw-2banner35percent.png","width":484,"height":140,"caption":"Camping Le Paroy"},"image":{"@id":"https:\/\/campingleparoy.com\/en\/#\/schema\/logo\/image\/"},"sameAs":["https:\/\/www.facebook.com\/CampingLeParoy"]}]}},"_links":{"self":[{"href":"https:\/\/campingleparoy.com\/en\/wp-json\/wp\/v2\/pages\/3540","targetHints":{"allow":["GET"]}}],"collection":[{"href":"https:\/\/campingleparoy.com\/en\/wp-json\/wp\/v2\/pages"}],"about":[{"href":"https:\/\/campingleparoy.com\/en\/wp-json\/wp\/v2\/types\/page"}],"author":[{"embeddable":true,"href":"https:\/\/campingleparoy.com\/en\/wp-json\/wp\/v2\/users\/1"}],"replies":[{"embeddable":true,"href":"https:\/\/campingleparoy.com\/en\/wp-json\/wp\/v2\/comments?post=3540"}],"version-history":[{"count":0,"href":"https:\/\/campingleparoy.com\/en\/wp-json\/wp\/v2\/pages\/3540\/revisions"}],"wp:attachment":[{"href":"https:\/\/campingleparoy.com\/en\/wp-json\/wp\/v2\/media?parent=3540"}],"curies":[{"name":"wp","href":"https:\/\/api.w.org\/{rel}","templated":true}]}}