{"id":3564,"date":"2023-02-15T22:30:55","date_gmt":"2023-02-15T21:30:55","guid":{"rendered":"https:\/\/campingleparoy.com\/allgemeine-bedingungen-und-konditionen\/"},"modified":"2025-12-27T17:58:59","modified_gmt":"2025-12-27T16:58:59","slug":"allgemeine-bedingungen-und-konditionen","status":"publish","type":"page","link":"https:\/\/campingleparoy.com\/de\/allgemeine-bedingungen-und-konditionen\/","title":{"rendered":"Allgemeine Bedingungen und Konditionen"},"content":{"rendered":"\t\t<div data-elementor-type=\"wp-page\" data-elementor-id=\"3564\" class=\"elementor elementor-3564 elementor-3165\" data-elementor-post-type=\"page\">\n\t\t\t\t\t\t<section class=\"elementor-section elementor-top-section elementor-element elementor-element-69151cd2 elementor-section-boxed elementor-section-height-default elementor-section-height-default\" data-id=\"69151cd2\" data-element_type=\"section\" data-e-type=\"section\" data-settings=\"{&quot;background_background&quot;:&quot;classic&quot;}\">\n\t\t\t\t\t\t<div class=\"elementor-container elementor-column-gap-default\">\n\t\t\t\t\t<div class=\"elementor-column elementor-col-100 elementor-top-column elementor-element elementor-element-1162b628\" data-id=\"1162b628\" data-element_type=\"column\" data-e-type=\"column\">\n\t\t\t<div class=\"elementor-widget-wrap elementor-element-populated\">\n\t\t\t\t\t\t<div class=\"elementor-element elementor-element-6f60549b elementor-widget elementor-widget-heading\" data-id=\"6f60549b\" data-element_type=\"widget\" data-e-type=\"widget\" data-widget_type=\"heading.default\">\n\t\t\t\t<div class=\"elementor-widget-container\">\n\t\t\t\t\t<h2 class=\"elementor-heading-title elementor-size-default\">Allgemeine Bedingungen und Konditionen<\/h2>\t\t\t\t<\/div>\n\t\t\t\t<\/div>\n\t\t\t\t\t<\/div>\n\t\t<\/div>\n\t\t\t\t\t<\/div>\n\t\t<\/section>\n\t\t\t\t<section class=\"elementor-section elementor-top-section elementor-element elementor-element-1dd92645 elementor-section-boxed elementor-section-height-default elementor-section-height-default\" data-id=\"1dd92645\" data-element_type=\"section\" data-e-type=\"section\">\n\t\t\t\t\t\t<div class=\"elementor-container elementor-column-gap-default\">\n\t\t\t\t\t<div class=\"elementor-column elementor-col-50 elementor-top-column elementor-element elementor-element-1260a4d4\" data-id=\"1260a4d4\" data-element_type=\"column\" data-e-type=\"column\">\n\t\t\t<div class=\"elementor-widget-wrap elementor-element-populated\">\n\t\t\t\t\t\t<div class=\"elementor-element elementor-element-5456c323 elementor-widget elementor-widget-heading\" data-id=\"5456c323\" data-element_type=\"widget\" data-e-type=\"widget\" data-widget_type=\"heading.default\">\n\t\t\t\t<div class=\"elementor-widget-container\">\n\t\t\t\t\t<h1 class=\"elementor-heading-title elementor-size-large\">AVG - GDPR<\/h1>\t\t\t\t<\/div>\n\t\t\t\t<\/div>\n\t\t\t\t<div class=\"elementor-element elementor-element-46111926 elementor-widget elementor-widget-heading\" data-id=\"46111926\" data-element_type=\"widget\" data-e-type=\"widget\" data-widget_type=\"heading.default\">\n\t\t\t\t<div class=\"elementor-widget-container\">\n\t\t\t\t\t<h2 class=\"elementor-heading-title elementor-size-default\">ALLGEMEINE BEDINGUNGEN (WEBSITE)<\/h2>\t\t\t\t<\/div>\n\t\t\t\t<\/div>\n\t\t\t\t\t<\/div>\n\t\t<\/div>\n\t\t\t\t<div class=\"elementor-column elementor-col-50 elementor-top-column elementor-element elementor-element-fa550b2\" data-id=\"fa550b2\" data-element_type=\"column\" data-e-type=\"column\">\n\t\t\t<div class=\"elementor-widget-wrap\">\n\t\t\t\t\t\t\t<\/div>\n\t\t<\/div>\n\t\t\t\t\t<\/div>\n\t\t<\/section>\n\t\t\t\t<section class=\"elementor-section elementor-top-section elementor-element elementor-element-7d68376b elementor-section-boxed elementor-section-height-default elementor-section-height-default\" data-id=\"7d68376b\" data-element_type=\"section\" data-e-type=\"section\">\n\t\t\t\t\t\t<div class=\"elementor-container elementor-column-gap-default\">\n\t\t\t\t\t<div class=\"elementor-column elementor-col-100 elementor-top-column elementor-element elementor-element-4dd435d4\" data-id=\"4dd435d4\" data-element_type=\"column\" data-e-type=\"column\">\n\t\t\t<div class=\"elementor-widget-wrap elementor-element-populated\">\n\t\t\t\t\t\t<div class=\"elementor-element elementor-element-6b85a493 elementor-widget elementor-widget-shortcode\" data-id=\"6b85a493\" data-element_type=\"widget\" data-e-type=\"widget\" data-widget_type=\"shortcode.default\">\n\t\t\t\t<div class=\"elementor-widget-container\">\n\t\t\t\t\t\t\t<div class=\"elementor-shortcode\">\n<div class=\"ct-ultimate-gdpr-container container\">\n\t\n        <button id=\"ct-ultimate-gdpr-terms-accept\" class=\"ct-ultimate-gdpr-button  \"\n\t\t\t>\n\t\t\tAkzeptieren        <\/button>\n\n\t<\/div><\/div>\n\t\t\t\t\t\t<\/div>\n\t\t\t\t<\/div>\n\t\t\t\t<div class=\"elementor-element elementor-element-566b6b2a elementor-widget elementor-widget-text-editor\" data-id=\"566b6b2a\" data-element_type=\"widget\" data-e-type=\"widget\" data-widget_type=\"text-editor.default\">\n\t\t\t\t<div class=\"elementor-widget-container\">\n\t\t\t\t\t\t\t\t\t<p><strong>Sehen Sie sich die allgemeinen Buchungsbedingungen hier an:<\/strong><\/p><p><a href=\"https:\/\/campingleparoy.com\/wp-content\/uploads\/2025\/12\/CAMPING-LE-PAROY-RESERVERINGSVOORWAARDE-2026-3.pdf\">CAMPING LE PAROY BUCHUNGSBEDINGUNGEN 2026<\/a><\/p><p><a href=\"https:\/\/campingleparoy.com\/wp-content\/uploads\/2019\/11\/Algemene-voorwaarden-huur-Vakantiehuis-le-Paroy.pdf\">Allgemeine Gesch\u00e4ftsbedingungen Vermietung Ferienhaus le Paroy<\/a><\/p><p class=\"p3\"><span class=\"s1\">DIENSTLEISTUNGSBEDINGUNGEN WEBSITE CAMPINGLEPAROY.COM<\/span><\/p><p class=\"p3\"><span class=\"s1\">Bitte lesen Sie diese Nutzungsbedingungen (&#8220;Bedingungen&#8221;, &#8220;Nutzungsbedingungen&#8221;) sorgf\u00e4ltig durch, bevor Sie die Website CAMPINGLEPAROY.COM (der &#8220;Service&#8221;) (&#8220;uns&#8221;, &#8220;wir&#8221;, &#8220;unser&#8221;) nutzen.<\/span><\/p><p class=\"p3\"><span class=\"s1\">Bedingungen f\u00fcr die Nutzung<\/span><\/p><p class=\"p3\"><span class=\"s1\">Wir stellen Ihnen diese Dienste unter den in diesem Dokument dargelegten Bedingungen zur Verf\u00fcgung. Jedes Mal, wenn Sie diese Website besuchen, ihre Dienste in Anspruch nehmen oder einen Kauf t\u00e4tigen, akzeptieren Sie die folgenden Bestimmungen und Bedingungen. Deshalb bitten wir Sie dringend, sie sorgf\u00e4ltig zu lesen.<\/span><\/p><p class=\"p3\"><span class=\"s1\">Datenschutzbestimmungen<\/span><\/p><p class=\"p3\"><span class=\"s1\">Bevor Sie mit der Nutzung unserer Website fortfahren, empfehlen wir Ihnen, unsere Datenschutzrichtlinien zur Erfassung von Nutzerdaten zu lesen. Sie wird Ihnen helfen, unsere Praktiken besser zu verstehen.<\/span><\/p><p class=\"p3\"><span class=\"s1\">Copyright<\/span><\/p><p class=\"p3\"><span class=\"s1\">Die auf dieser Website ver\u00f6ffentlichten Inhalte (digitale Downloads, Bilder, Texte, Grafiken, Logos) sind Eigentum von [CAMPINGLEPAROY.COM] und\/oder der Urheber der Inhalte und sind durch internationale Urheberrechtsgesetze gesch\u00fctzt. Die gesamte Zusammenstellung der Inhalte auf dieser Website ist das ausschlie\u00dfliche Eigentum von [CAMPINGLEPAROY.COM], wobei die Urheberrechte f\u00fcr diese Zusammenstellung bei [CAMPINGLEPAROY.COM] liegen.<\/span><\/p><p class=\"p3\"><span class=\"s1\">Kommunikation<\/span><\/p><p class=\"p3\"><span class=\"s1\">Die gesamte Kommunikation mit uns erfolgt elektronisch. Jedes Mal, wenn Sie uns eine E-Mail senden oder unsere Website besuchen, interagieren Sie mit uns. Sie erkl\u00e4ren sich hiermit einverstanden, von uns Mitteilungen zu erhalten. Wenn Sie die Nachrichten auf unserer Website abonnieren, werden Sie regelm\u00e4\u00dfig E-Mails von uns erhalten. Wir werden weiterhin mit Ihnen kommunizieren, indem wir Neuigkeiten und Ank\u00fcndigungen auf unserer Website ver\u00f6ffentlichen und Ihnen E-Mails schicken. Sie erkl\u00e4ren sich au\u00dferdem damit einverstanden, dass alle Mitteilungen, Offenlegungen, Vereinbarungen und sonstigen Mitteilungen, die wir Ihnen elektronisch zur Verf\u00fcgung stellen, den gesetzlichen Anforderungen f\u00fcr solche Mitteilungen entsprechen.<\/span><\/p><p class=\"p3\"><span class=\"s1\">Anwendbares Recht<\/span><\/p><p class=\"p3\"><span class=\"s1\">Durch den Zugriff auf diese Website erkl\u00e4ren Sie sich mit den Gesetzen von [Frankreich] einverstanden, ungeachtet der Grunds\u00e4tze des Kollisionsrechts, dieser Nutzungsbedingungen oder jeglicher Streitigkeiten zwischen [CAMPINGLEPAROY.COM] und Ihnen oder seinen Gesch\u00e4ftspartnern und Mitarbeitern.<\/span><\/p><p class=\"p3\"><span class=\"s1\">Streitigkeiten<\/span><\/p><p class=\"p3\"><span class=\"s1\">Alle Streitigkeiten, die in irgendeiner Weise mit Ihrem Besuch auf dieser Website oder mit den von Ihnen bei uns erworbenen Produkten zusammenh\u00e4ngen, werden vor einem einzelstaatlichen oder bundesstaatlichen Gericht ausgetragen, und Sie erkl\u00e4ren sich mit der ausschlie\u00dflichen Zust\u00e4ndigkeit und dem Gerichtsstand dieser Gerichte einverstanden.<\/span><\/p><p class=\"p3\"><span class=\"s1\">Kommentare, Bewertungen und E-Mails<\/span><\/p><p class=\"p3\"><span class=\"s1\">Besucher k\u00f6nnen Inhalte ver\u00f6ffentlichen, solange diese nicht obsz\u00f6n, illegal, verleumderisch, bedrohlich, geistige Eigentumsrechte verletzend, in die Privatsph\u00e4re eindringend oder anderweitig sch\u00e4dlich f\u00fcr Dritte sind. Die Inhalte sollten frei von Softwareviren, politischen Kampagnen und kommerziellen Ansichten sein.<\/span><\/p><p class=\"p3\"><span class=\"s1\">Wir behalten uns alle Rechte (aber nicht die Pflicht) vor, solche Inhalte zu entfernen und\/oder zu bearbeiten. Wenn Sie Ihre Inhalte ver\u00f6ffentlichen, gew\u00e4hren Sie das nicht-exklusive, lizenzfreie und unwiderrufliche Recht, diese Inhalte weltweit in jedem Medium zu nutzen, zu reproduzieren, zu ver\u00f6ffentlichen und zu ver\u00e4ndern.<\/span><\/p><p class=\"p3\"><span class=\"s1\">Lizenz und Zugang zum Gel\u00e4nde<\/span><\/p><p class=\"p3\"><span class=\"s1\">Wir gew\u00e4hren Ihnen eine begrenzte Lizenz f\u00fcr den Zugang und die pers\u00f6nliche Nutzung dieser Website. Sie d\u00fcrfen sie nicht herunterladen oder ver\u00e4ndern. Dies kann nur mit unserer schriftlichen Zustimmung geschehen.<\/span><\/p><p class=\"p3\"><span class=\"s1\">Benutzerkonto<\/span><\/p><p class=\"p3\"><span class=\"s1\">Wenn Sie Inhaber eines Benutzerkontos auf dieser Website sind, sind Sie allein f\u00fcr die Wahrung der Vertraulichkeit Ihrer pers\u00f6nlichen Benutzerdaten (Benutzername und Passwort) verantwortlich. Sie sind f\u00fcr alle Aktivit\u00e4ten verantwortlich, die unter Ihrem Konto oder Passwort stattfinden.<\/span><\/p><p class=\"p3\"><span class=\"s1\">Wir behalten uns alle Rechte vor, Konten zu k\u00fcndigen, Inhalte zu bearbeiten oder zu l\u00f6schen und Bestellungen nach unserem Ermessen zu stornieren.<\/span><\/p>\t\t\t\t\t\t\t\t<\/div>\n\t\t\t\t<\/div>\n\t\t\t\t\t<\/div>\n\t\t<\/div>\n\t\t\t\t\t<\/div>\n\t\t<\/section>\n\t\t\t\t<section class=\"elementor-section elementor-top-section elementor-element elementor-element-50aaa414 elementor-section-boxed elementor-section-height-default elementor-section-height-default\" data-id=\"50aaa414\" data-element_type=\"section\" data-e-type=\"section\" data-settings=\"{&quot;background_background&quot;:&quot;classic&quot;}\">\n\t\t\t\t\t\t<div class=\"elementor-container elementor-column-gap-default\">\n\t\t\t\t\t\t<\/div>\n\t\t<\/section>\n\t\t\t\t<section class=\"elementor-section elementor-top-section elementor-element elementor-element-495c1eb elementor-section-boxed elementor-section-height-default elementor-section-height-default\" data-id=\"495c1eb\" data-element_type=\"section\" data-e-type=\"section\">\n\t\t\t\t\t\t<div class=\"elementor-container elementor-column-gap-default\">\n\t\t\t\t\t<div class=\"elementor-column elementor-col-100 elementor-top-column elementor-element elementor-element-aaeccd4\" data-id=\"aaeccd4\" data-element_type=\"column\" data-e-type=\"column\">\n\t\t\t<div class=\"elementor-widget-wrap elementor-element-populated\">\n\t\t\t\t\t\t\t<\/div>\n\t\t<\/div>\n\t\t\t\t\t<\/div>\n\t\t<\/section>\n\t\t\t\t<\/div>\n\t\t","protected":false},"excerpt":{"rendered":"<p>Allgemeine Bedingungen und Konditionen AVG &#8211; GDPR ALLGEMEINE BEDINGUNGEN (WEBSITE) Sehen Sie sich die allgemeinen Buchungsbedingungen hier an: CAMPING LE PAROY BUCHUNGSBEDINGUNGEN 2026 Allgemeine Gesch\u00e4ftsbedingungen Vermietung Ferienhaus le Paroy DIENSTLEISTUNGSBEDINGUNGEN WEBSITE CAMPINGLEPAROY.COM Bitte lesen Sie diese Nutzungsbedingungen (&#8220;Bedingungen&#8221;, &#8220;Nutzungsbedingungen&#8221;) sorgf\u00e4ltig durch, bevor Sie die Website CAMPINGLEPAROY.COM (der &#8220;Service&#8221;) (&#8220;uns&#8221;, &#8220;wir&#8221;, &#8220;unser&#8221;) nutzen. Bedingungen f\u00fcr die [&hellip;]<\/p>\n","protected":false},"author":1,"featured_media":0,"parent":0,"menu_order":0,"comment_status":"closed","ping_status":"closed","template":"elementor_header_footer","meta":{"_acf_changed":false,"_exactmetrics_skip_tracking":false,"_exactmetrics_sitenote_active":false,"_exactmetrics_sitenote_note":"","_exactmetrics_sitenote_category":0,"footnotes":""},"class_list":["post-3564","page","type-page","status-publish","hentry"],"acf":[],"yoast_head":"<!-- This site is optimized with the Yoast SEO plugin v27.4 - https:\/\/yoast.com\/product\/yoast-seo-wordpress\/ -->\n<title>Allgemeine Bedingungen und Konditionen - Camping Le Paroy<\/title>\n<meta name=\"robots\" content=\"index, follow, max-snippet:-1, max-image-preview:large, max-video-preview:-1\" \/>\n<link rel=\"canonical\" href=\"https:\/\/campingleparoy.com\/de\/allgemeine-bedingungen-und-konditionen\/\" \/>\n<meta property=\"og:locale\" content=\"de_DE\" \/>\n<meta property=\"og:type\" content=\"article\" \/>\n<meta property=\"og:title\" content=\"Allgemeine Bedingungen und Konditionen - Camping Le Paroy\" \/>\n<meta property=\"og:description\" content=\"Allgemeine Bedingungen und Konditionen AVG &#8211; GDPR ALLGEMEINE BEDINGUNGEN (WEBSITE) Sehen Sie sich die allgemeinen Buchungsbedingungen hier an: CAMPING LE PAROY BUCHUNGSBEDINGUNGEN 2026 Allgemeine Gesch\u00e4ftsbedingungen Vermietung Ferienhaus le Paroy DIENSTLEISTUNGSBEDINGUNGEN WEBSITE CAMPINGLEPAROY.COM Bitte lesen Sie diese Nutzungsbedingungen (&#8220;Bedingungen&#8221;, &#8220;Nutzungsbedingungen&#8221;) sorgf\u00e4ltig durch, bevor Sie die Website CAMPINGLEPAROY.COM (der &#8220;Service&#8221;) (&#8220;uns&#8221;, &#8220;wir&#8221;, &#8220;unser&#8221;) nutzen. Bedingungen f\u00fcr die [&hellip;]\" \/>\n<meta property=\"og:url\" content=\"https:\/\/campingleparoy.com\/de\/allgemeine-bedingungen-und-konditionen\/\" \/>\n<meta property=\"og:site_name\" content=\"Camping Le Paroy\" \/>\n<meta property=\"article:publisher\" content=\"https:\/\/www.facebook.com\/CampingLeParoy\" \/>\n<meta property=\"article:modified_time\" content=\"2025-12-27T16:58:59+00:00\" \/>\n<meta name=\"twitter:card\" content=\"summary_large_image\" \/>\n<meta name=\"twitter:label1\" content=\"Gesch\u00e4tzte Lesezeit\" \/>\n\t<meta name=\"twitter:data1\" content=\"4\u00a0Minuten\" \/>\n<script type=\"application\/ld+json\" class=\"yoast-schema-graph\">{\"@context\":\"https:\\\/\\\/schema.org\",\"@graph\":[{\"@type\":\"WebPage\",\"@id\":\"https:\\\/\\\/campingleparoy.com\\\/de\\\/allgemeine-bedingungen-und-konditionen\\\/\",\"url\":\"https:\\\/\\\/campingleparoy.com\\\/de\\\/allgemeine-bedingungen-und-konditionen\\\/\",\"name\":\"Allgemeine Bedingungen und Konditionen - Camping Le Paroy\",\"isPartOf\":{\"@id\":\"https:\\\/\\\/campingleparoy.com\\\/de\\\/#website\"},\"datePublished\":\"2023-02-15T21:30:55+00:00\",\"dateModified\":\"2025-12-27T16:58:59+00:00\",\"breadcrumb\":{\"@id\":\"https:\\\/\\\/campingleparoy.com\\\/de\\\/allgemeine-bedingungen-und-konditionen\\\/#breadcrumb\"},\"inLanguage\":\"de\",\"potentialAction\":[{\"@type\":\"ReadAction\",\"target\":[\"https:\\\/\\\/campingleparoy.com\\\/de\\\/allgemeine-bedingungen-und-konditionen\\\/\"]}]},{\"@type\":\"BreadcrumbList\",\"@id\":\"https:\\\/\\\/campingleparoy.com\\\/de\\\/allgemeine-bedingungen-und-konditionen\\\/#breadcrumb\",\"itemListElement\":[{\"@type\":\"ListItem\",\"position\":1,\"name\":\"Home\",\"item\":\"https:\\\/\\\/campingleparoy.com\\\/de\\\/startseite\\\/\"},{\"@type\":\"ListItem\",\"position\":2,\"name\":\"Allgemeine Bedingungen und Konditionen\"}]},{\"@type\":\"WebSite\",\"@id\":\"https:\\\/\\\/campingleparoy.com\\\/de\\\/#website\",\"url\":\"https:\\\/\\\/campingleparoy.com\\\/de\\\/\",\"name\":\"Camping Le Paroy\",\"description\":\"Camping In Morvan, Bourgondi\u00eb\",\"publisher\":{\"@id\":\"https:\\\/\\\/campingleparoy.com\\\/de\\\/#organization\"},\"potentialAction\":[{\"@type\":\"SearchAction\",\"target\":{\"@type\":\"EntryPoint\",\"urlTemplate\":\"https:\\\/\\\/campingleparoy.com\\\/de\\\/?s={search_term_string}\"},\"query-input\":{\"@type\":\"PropertyValueSpecification\",\"valueRequired\":true,\"valueName\":\"search_term_string\"}}],\"inLanguage\":\"de\"},{\"@type\":\"Organization\",\"@id\":\"https:\\\/\\\/campingleparoy.com\\\/de\\\/#organization\",\"name\":\"Camping Le Paroy\",\"url\":\"https:\\\/\\\/campingleparoy.com\\\/de\\\/\",\"logo\":{\"@type\":\"ImageObject\",\"inLanguage\":\"de\",\"@id\":\"https:\\\/\\\/campingleparoy.com\\\/de\\\/#\\\/schema\\\/logo\\\/image\\\/\",\"url\":\"https:\\\/\\\/campingleparoy.com\\\/wp-content\\\/uploads\\\/2016\\\/12\\\/logonieuw-2banner35percent.png\",\"contentUrl\":\"https:\\\/\\\/campingleparoy.com\\\/wp-content\\\/uploads\\\/2016\\\/12\\\/logonieuw-2banner35percent.png\",\"width\":484,\"height\":140,\"caption\":\"Camping Le Paroy\"},\"image\":{\"@id\":\"https:\\\/\\\/campingleparoy.com\\\/de\\\/#\\\/schema\\\/logo\\\/image\\\/\"},\"sameAs\":[\"https:\\\/\\\/www.facebook.com\\\/CampingLeParoy\"]}]}<\/script>\n<!-- \/ Yoast SEO plugin. -->","yoast_head_json":{"title":"Allgemeine Bedingungen und Konditionen - Camping Le Paroy","robots":{"index":"index","follow":"follow","max-snippet":"max-snippet:-1","max-image-preview":"max-image-preview:large","max-video-preview":"max-video-preview:-1"},"canonical":"https:\/\/campingleparoy.com\/de\/allgemeine-bedingungen-und-konditionen\/","og_locale":"de_DE","og_type":"article","og_title":"Allgemeine Bedingungen und Konditionen - Camping Le Paroy","og_description":"Allgemeine Bedingungen und Konditionen AVG &#8211; GDPR ALLGEMEINE BEDINGUNGEN (WEBSITE) Sehen Sie sich die allgemeinen Buchungsbedingungen hier an: CAMPING LE PAROY BUCHUNGSBEDINGUNGEN 2026 Allgemeine Gesch\u00e4ftsbedingungen Vermietung Ferienhaus le Paroy DIENSTLEISTUNGSBEDINGUNGEN WEBSITE CAMPINGLEPAROY.COM Bitte lesen Sie diese Nutzungsbedingungen (&#8220;Bedingungen&#8221;, &#8220;Nutzungsbedingungen&#8221;) sorgf\u00e4ltig durch, bevor Sie die Website CAMPINGLEPAROY.COM (der &#8220;Service&#8221;) (&#8220;uns&#8221;, &#8220;wir&#8221;, &#8220;unser&#8221;) nutzen. Bedingungen f\u00fcr die [&hellip;]","og_url":"https:\/\/campingleparoy.com\/de\/allgemeine-bedingungen-und-konditionen\/","og_site_name":"Camping Le Paroy","article_publisher":"https:\/\/www.facebook.com\/CampingLeParoy","article_modified_time":"2025-12-27T16:58:59+00:00","twitter_card":"summary_large_image","twitter_misc":{"Gesch\u00e4tzte Lesezeit":"4\u00a0Minuten"},"schema":{"@context":"https:\/\/schema.org","@graph":[{"@type":"WebPage","@id":"https:\/\/campingleparoy.com\/de\/allgemeine-bedingungen-und-konditionen\/","url":"https:\/\/campingleparoy.com\/de\/allgemeine-bedingungen-und-konditionen\/","name":"Allgemeine Bedingungen und Konditionen - Camping Le Paroy","isPartOf":{"@id":"https:\/\/campingleparoy.com\/de\/#website"},"datePublished":"2023-02-15T21:30:55+00:00","dateModified":"2025-12-27T16:58:59+00:00","breadcrumb":{"@id":"https:\/\/campingleparoy.com\/de\/allgemeine-bedingungen-und-konditionen\/#breadcrumb"},"inLanguage":"de","potentialAction":[{"@type":"ReadAction","target":["https:\/\/campingleparoy.com\/de\/allgemeine-bedingungen-und-konditionen\/"]}]},{"@type":"BreadcrumbList","@id":"https:\/\/campingleparoy.com\/de\/allgemeine-bedingungen-und-konditionen\/#breadcrumb","itemListElement":[{"@type":"ListItem","position":1,"name":"Home","item":"https:\/\/campingleparoy.com\/de\/startseite\/"},{"@type":"ListItem","position":2,"name":"Allgemeine Bedingungen und Konditionen"}]},{"@type":"WebSite","@id":"https:\/\/campingleparoy.com\/de\/#website","url":"https:\/\/campingleparoy.com\/de\/","name":"Camping Le Paroy","description":"Camping In Morvan, Bourgondi\u00eb","publisher":{"@id":"https:\/\/campingleparoy.com\/de\/#organization"},"potentialAction":[{"@type":"SearchAction","target":{"@type":"EntryPoint","urlTemplate":"https:\/\/campingleparoy.com\/de\/?s={search_term_string}"},"query-input":{"@type":"PropertyValueSpecification","valueRequired":true,"valueName":"search_term_string"}}],"inLanguage":"de"},{"@type":"Organization","@id":"https:\/\/campingleparoy.com\/de\/#organization","name":"Camping Le Paroy","url":"https:\/\/campingleparoy.com\/de\/","logo":{"@type":"ImageObject","inLanguage":"de","@id":"https:\/\/campingleparoy.com\/de\/#\/schema\/logo\/image\/","url":"https:\/\/campingleparoy.com\/wp-content\/uploads\/2016\/12\/logonieuw-2banner35percent.png","contentUrl":"https:\/\/campingleparoy.com\/wp-content\/uploads\/2016\/12\/logonieuw-2banner35percent.png","width":484,"height":140,"caption":"Camping Le Paroy"},"image":{"@id":"https:\/\/campingleparoy.com\/de\/#\/schema\/logo\/image\/"},"sameAs":["https:\/\/www.facebook.com\/CampingLeParoy"]}]}},"_links":{"self":[{"href":"https:\/\/campingleparoy.com\/de\/wp-json\/wp\/v2\/pages\/3564","targetHints":{"allow":["GET"]}}],"collection":[{"href":"https:\/\/campingleparoy.com\/de\/wp-json\/wp\/v2\/pages"}],"about":[{"href":"https:\/\/campingleparoy.com\/de\/wp-json\/wp\/v2\/types\/page"}],"author":[{"embeddable":true,"href":"https:\/\/campingleparoy.com\/de\/wp-json\/wp\/v2\/users\/1"}],"replies":[{"embeddable":true,"href":"https:\/\/campingleparoy.com\/de\/wp-json\/wp\/v2\/comments?post=3564"}],"version-history":[{"count":19,"href":"https:\/\/campingleparoy.com\/de\/wp-json\/wp\/v2\/pages\/3564\/revisions"}],"predecessor-version":[{"id":4759,"href":"https:\/\/campingleparoy.com\/de\/wp-json\/wp\/v2\/pages\/3564\/revisions\/4759"}],"wp:attachment":[{"href":"https:\/\/campingleparoy.com\/de\/wp-json\/wp\/v2\/media?parent=3564"}],"curies":[{"name":"wp","href":"https:\/\/api.w.org\/{rel}","templated":true}]}}