{"id":3537,"date":"2023-02-15T22:30:44","date_gmt":"2023-02-15T21:30:44","guid":{"rendered":"https:\/\/campingleparoy.com\/kontakt\/"},"modified":"2024-12-19T02:54:50","modified_gmt":"2024-12-19T01:54:50","slug":"kontakt","status":"publish","type":"page","link":"https:\/\/campingleparoy.com\/de\/kontakt\/","title":{"rendered":"Kontakt"},"content":{"rendered":"\t\t<div data-elementor-type=\"wp-page\" data-elementor-id=\"3537\" class=\"elementor elementor-3537 elementor-3158\" data-elementor-post-type=\"page\">\n\t\t\t\t\t\t<section class=\"elementor-section elementor-top-section elementor-element elementor-element-4f6df6f elementor-section-boxed elementor-section-height-default elementor-section-height-default\" data-id=\"4f6df6f\" data-element_type=\"section\" data-e-type=\"section\" data-settings=\"{&quot;background_background&quot;:&quot;classic&quot;}\">\n\t\t\t\t\t\t<div class=\"elementor-container elementor-column-gap-default\">\n\t\t\t\t\t<div class=\"elementor-column elementor-col-100 elementor-top-column elementor-element elementor-element-68ee557\" data-id=\"68ee557\" data-element_type=\"column\" data-e-type=\"column\">\n\t\t\t<div class=\"elementor-widget-wrap elementor-element-populated\">\n\t\t\t\t\t\t<div class=\"elementor-element elementor-element-211bb309 elementor-widget elementor-widget-heading\" data-id=\"211bb309\" data-element_type=\"widget\" data-e-type=\"widget\" data-widget_type=\"heading.default\">\n\t\t\t\t<div class=\"elementor-widget-container\">\n\t\t\t\t\t<h1 class=\"elementor-heading-title elementor-size-default\">Kontakt &amp; Wegbeschreibung<\/h1>\t\t\t\t<\/div>\n\t\t\t\t<\/div>\n\t\t\t\t\t<\/div>\n\t\t<\/div>\n\t\t\t\t\t<\/div>\n\t\t<\/section>\n\t\t\t\t<section class=\"elementor-section elementor-top-section elementor-element elementor-element-2c07f5d4 elementor-section-boxed elementor-section-height-default elementor-section-height-default\" data-id=\"2c07f5d4\" data-element_type=\"section\" data-e-type=\"section\">\n\t\t\t\t\t\t<div class=\"elementor-container elementor-column-gap-default\">\n\t\t\t\t\t<div class=\"elementor-column elementor-col-100 elementor-top-column elementor-element elementor-element-24823c3\" data-id=\"24823c3\" data-element_type=\"column\" data-e-type=\"column\">\n\t\t\t<div class=\"elementor-widget-wrap elementor-element-populated\">\n\t\t\t\t\t\t<div class=\"elementor-element elementor-element-27e6cf15 elementor-widget elementor-widget-heading\" data-id=\"27e6cf15\" data-element_type=\"widget\" data-e-type=\"widget\" data-widget_type=\"heading.default\">\n\t\t\t\t<div class=\"elementor-widget-container\">\n\t\t\t\t\t<h2 class=\"elementor-heading-title elementor-size-default\">Kontakt-Formular<\/h2>\t\t\t\t<\/div>\n\t\t\t\t<\/div>\n\t\t\t\t\t<\/div>\n\t\t<\/div>\n\t\t\t\t\t<\/div>\n\t\t<\/section>\n\t\t\t\t<section class=\"elementor-section elementor-top-section elementor-element elementor-element-5b758f5b elementor-section-boxed elementor-section-height-default elementor-section-height-default\" data-id=\"5b758f5b\" data-element_type=\"section\" data-e-type=\"section\">\n\t\t\t\t\t\t<div class=\"elementor-container elementor-column-gap-default\">\n\t\t\t\t\t<div class=\"elementor-column elementor-col-50 elementor-top-column elementor-element elementor-element-71224500\" data-id=\"71224500\" data-element_type=\"column\" data-e-type=\"column\">\n\t\t\t<div class=\"elementor-widget-wrap elementor-element-populated\">\n\t\t\t\t\t\t<div class=\"elementor-element elementor-element-395e4eea elementor-widget elementor-widget-heading\" data-id=\"395e4eea\" data-element_type=\"widget\" data-e-type=\"widget\" data-widget_type=\"heading.default\">\n\t\t\t\t<div class=\"elementor-widget-container\">\n\t\t\t\t\t<h2 class=\"elementor-heading-title elementor-size-default\">Haben Sie einen Vorschlag? Oder Fragen? Dann kontaktieren Sie uns:<\/h2>\t\t\t\t<\/div>\n\t\t\t\t<\/div>\n\t\t\t\t<div class=\"elementor-element elementor-element-25ca0754 elementor-widget elementor-widget-text-editor\" data-id=\"25ca0754\" data-element_type=\"widget\" data-e-type=\"widget\" data-widget_type=\"text-editor.default\">\n\t\t\t\t<div class=\"elementor-widget-container\">\n\t\t\t\t\t\t\t\t\t<p>Wenn SIE Ideen, Vorschl\u00e4ge oder allgemeine Fragen haben, w\u00fcrden wir uns freuen, von Ihnen zu h\u00f6ren. Sie k\u00f6nnen dieses Kontaktformular nicht f\u00fcr Reservierungen verwenden.<\/p>\n<p>Bitte vollst\u00e4ndig ausf\u00fcllen. F\u00fcr Reservierungen: <a href=\"https:\/\/campingleparoy.com\/de\/buchung\/\">hier klicken<\/a><\/p>\n\t\t\t\t\t\t\t\t<\/div>\n\t\t\t\t<\/div>\n\t\t\t\t<div class=\"elementor-element elementor-element-1b468822 elementor-widget elementor-widget-shortcode\" data-id=\"1b468822\" data-element_type=\"widget\" data-e-type=\"widget\" data-widget_type=\"shortcode.default\">\n\t\t\t\t<div class=\"elementor-widget-container\">\n\t\t\t\t\t\t\t<div class=\"elementor-shortcode\">\n<div class=\"wpcf7 no-js\" id=\"wpcf7-f3765-o1\" lang=\"de-DE\" dir=\"ltr\" data-wpcf7-id=\"3765\">\n<div class=\"screen-reader-response\"><p role=\"status\" aria-live=\"polite\" aria-atomic=\"true\"><\/p> <ul><\/ul><\/div>\n<form action=\"\/de\/wp-json\/wp\/v2\/pages\/3537#wpcf7-f3765-o1\" method=\"post\" class=\"wpcf7-form init\" aria-label=\"Kontaktformular\" novalidate=\"novalidate\" data-status=\"init\">\n<fieldset class=\"hidden-fields-container\"><input type=\"hidden\" name=\"_wpcf7\" value=\"3765\" \/><input type=\"hidden\" name=\"_wpcf7_version\" value=\"6.1.5\" \/><input type=\"hidden\" name=\"_wpcf7_locale\" value=\"de_DE\" \/><input type=\"hidden\" name=\"_wpcf7_unit_tag\" value=\"wpcf7-f3765-o1\" \/><input type=\"hidden\" name=\"_wpcf7_container_post\" value=\"0\" \/><input type=\"hidden\" name=\"_wpcf7_posted_data_hash\" value=\"\" \/><input type=\"hidden\" name=\"_wpcf7_recaptcha_response\" value=\"\" \/>\n<\/fieldset>\n<div class=\"row\">\n\t<div class=\"col-md-6 form-group\">\n\t\t<p><span class=\"wpcf7-form-control-wrap\" data-name=\"your-name\"><input size=\"40\" maxlength=\"400\" class=\"wpcf7-form-control wpcf7-text wpcf7-validates-as-required form-control\" aria-required=\"true\" aria-invalid=\"false\" value=\"Name\" type=\"text\" name=\"your-name\" \/><\/span>\n\t\t<\/p>\n\t<\/div>\n\t<div class=\"col-md-6 form-group\">\n\t\t<p><span class=\"wpcf7-form-control-wrap\" data-name=\"your-email\"><input size=\"40\" maxlength=\"400\" class=\"wpcf7-form-control wpcf7-email wpcf7-validates-as-required wpcf7-text wpcf7-validates-as-email form-control\" aria-required=\"true\" aria-invalid=\"false\" value=\"E-Mail\" type=\"email\" name=\"your-email\" \/><\/span>\n\t\t<\/p>\n\t<\/div>\n<\/div>\n<div class=\"form-group\">\n\t<p><span class=\"wpcf7-form-control-wrap\" data-name=\"your-subject\"><input size=\"40\" maxlength=\"400\" class=\"wpcf7-form-control wpcf7-text form-control\" aria-invalid=\"false\" value=\"Thema\" type=\"text\" name=\"your-subject\" \/><\/span>\n\t<\/p>\n<\/div>\n<div class=\"form-group\">\n\t<p><span class=\"wpcf7-form-control-wrap\" data-name=\"your-message\"><textarea cols=\"40\" rows=\"5\" maxlength=\"2000\" class=\"wpcf7-form-control wpcf7-textarea form-control\" aria-invalid=\"false\" name=\"your-message\">Nachricht<\/textarea><\/span>\n\t<\/p>\n<\/div>\n\n<div class=\"form-group\">\n\t<p><input class=\"wpcf7-form-control wpcf7-submit has-spinner btn btn-primary\" type=\"submit\" value=\"Senden\" \/>\n\t<\/p>\n<\/div><div class=\"wpcf7-response-output\" aria-hidden=\"true\"><\/div>\n<\/form>\n<\/div>\n<\/div>\n\t\t\t\t\t\t<\/div>\n\t\t\t\t<\/div>\n\t\t\t\t\t<\/div>\n\t\t<\/div>\n\t\t\t\t<div class=\"elementor-column elementor-col-50 elementor-top-column elementor-element elementor-element-72c667d9\" data-id=\"72c667d9\" data-element_type=\"column\" data-e-type=\"column\">\n\t\t\t<div class=\"elementor-widget-wrap elementor-element-populated\">\n\t\t\t\t\t\t<div class=\"elementor-element elementor-element-1de67d48 elementor-widget elementor-widget-heading\" data-id=\"1de67d48\" data-element_type=\"widget\" data-e-type=\"widget\" data-widget_type=\"heading.default\">\n\t\t\t\t<div class=\"elementor-widget-container\">\n\t\t\t\t\t<h2 class=\"elementor-heading-title elementor-size-default\">Camping Le Paroy<\/h2>\t\t\t\t<\/div>\n\t\t\t\t<\/div>\n\t\t\t\t<div class=\"elementor-element elementor-element-186acb2c elementor-widget elementor-widget-heading\" data-id=\"186acb2c\" data-element_type=\"widget\" data-e-type=\"widget\" data-widget_type=\"heading.default\">\n\t\t\t\t<div class=\"elementor-widget-container\">\n\t\t\t\t\t<h2 class=\"elementor-heading-title elementor-size-default\">71190 La Tagni\u00e8re <br>Frankreich<br> <br>Koordinaten<br> Breitengrad: 46.777581 <br>L\u00e4ngengrad: 4.205197<\/h2>\t\t\t\t<\/div>\n\t\t\t\t<\/div>\n\t\t\t\t<div class=\"elementor-element elementor-element-3f82dad4 elementor-widget elementor-widget-heading\" data-id=\"3f82dad4\" data-element_type=\"widget\" data-e-type=\"widget\" data-widget_type=\"heading.default\">\n\t\t\t\t<div class=\"elementor-widget-container\">\n\t\t\t\t\t<h2 class=\"elementor-heading-title elementor-size-default\">Mobil: +33 6 43 20 63 90 <br> Web: www.campingleparoy.com <br> E-Mail: info@campingleparoy.com<br><\/h2>\t\t\t\t<\/div>\n\t\t\t\t<\/div>\n\t\t\t\t\t<\/div>\n\t\t<\/div>\n\t\t\t\t\t<\/div>\n\t\t<\/section>\n\t\t\t\t<section class=\"elementor-section elementor-top-section elementor-element elementor-element-6ffbe3a8 elementor-section-boxed elementor-section-height-default elementor-section-height-default\" data-id=\"6ffbe3a8\" data-element_type=\"section\" data-e-type=\"section\">\n\t\t\t\t\t\t<div class=\"elementor-container elementor-column-gap-default\">\n\t\t\t\t\t<div class=\"elementor-column elementor-col-50 elementor-top-column elementor-element elementor-element-478ad137\" data-id=\"478ad137\" data-element_type=\"column\" data-e-type=\"column\">\n\t\t\t<div class=\"elementor-widget-wrap elementor-element-populated\">\n\t\t\t\t\t\t<div class=\"elementor-element elementor-element-6875231f elementor-widget elementor-widget-heading\" data-id=\"6875231f\" data-element_type=\"widget\" data-e-type=\"widget\" data-widget_type=\"heading.default\">\n\t\t\t\t<div class=\"elementor-widget-container\">\n\t\t\t\t\t<h2 class=\"elementor-heading-title elementor-size-default\">Wegbeschreibung<\/h2>\t\t\t\t<\/div>\n\t\t\t\t<\/div>\n\t\t\t\t<div class=\"elementor-element elementor-element-2e0fd711 elementor-widget elementor-widget-text-editor\" data-id=\"2e0fd711\" data-element_type=\"widget\" data-e-type=\"widget\" data-widget_type=\"text-editor.default\">\n\t\t\t\t<div class=\"elementor-widget-container\">\n\t\t\t\t\t\t\t\t\t<div id=\"elm_5938666e1f905_4\" class=\"jsn-bootstrap3 st-element-container clearfix st-element-text\">\n<div id=\"5BhyBm\" class=\"st_text\">\n<p>Aus den Niederlanden:<\/p>\n<p>Unser Campingplatz liegt etwa 625 km von Maastricht entfernt. Sie k\u00f6nnen zwischen 2 Routen w\u00e4hlen. Die Route 1 ist f\u00fcr Wohnwagen weniger geeignet.<\/p>\n<p>1. Von Maastricht aus fahren Sie auf der Autobahn A2 in Richtung L\u00fcttich. Dann folgen Sie Luxemburg (E25). In Luxemburg fahren Sie in Richtung Metz, Nancy (A31). Folgen Sie der A31 bis zur Ausfahrt Chalon-sur-S\u00e2one Sud (Ausfahrt 26). Verlassen Sie hier die P\u00e9age und folgen Sie Le Creusot (N80) bis Montcenis. In Montcenis nehmen Sie die D47 nach rechts in Richtung La Tagni\u00e8re, etwa 22 km auf einer sehr sch\u00f6nen, aber nicht zu breiten Stra\u00dfe. Von hier aus folgen Sie den Campingschildern.<\/p>\n<p>2. Eine andere sch\u00f6ne und f\u00fcr Wohnwagenfahrer besser geeignete Route ist: nach Dijon, Ausfahrt Beaune (Ausfahrt 24.1), nun Autun (D973) folgen. In Autun folgen Sie Moulins\/ Vichy. Kurz vor Autun biegen Sie am Kreisverkehr links ab (Moulins\/Vichy). Nach 10 km biegen Sie links ab nach Etang sur Arroux\/Vichy. Nach Etang sur Arroux auf der D994 biegen Sie nach 3 km links ab nach La Tagni\u00e8re ( D 224). In La Tagni\u00e8re folgen Sie der Beschilderung zum Campingplatz Le Paroy.<\/p>\n<\/div>\n<\/div>\n<div id=\"elm_5938666e1fe6f_5\" class=\"jsn-bootstrap3 st-element-container clearfix st-element-spacer\"> <\/div>\n\t\t\t\t\t\t\t\t<\/div>\n\t\t\t\t<\/div>\n\t\t\t\t\t<\/div>\n\t\t<\/div>\n\t\t\t\t<div class=\"elementor-column elementor-col-50 elementor-top-column elementor-element elementor-element-210d91a6\" data-id=\"210d91a6\" data-element_type=\"column\" data-e-type=\"column\">\n\t\t\t<div class=\"elementor-widget-wrap elementor-element-populated\">\n\t\t\t\t\t\t<div class=\"elementor-element elementor-element-132da1ea elementor-widget elementor-widget-image\" data-id=\"132da1ea\" data-element_type=\"widget\" data-e-type=\"widget\" data-widget_type=\"image.default\">\n\t\t\t\t<div class=\"elementor-widget-container\">\n\t\t\t\t\t\t\t\t\t\t\t\t\t\t\t<img fetchpriority=\"high\" decoding=\"async\" width=\"300\" height=\"285\" src=\"https:\/\/campingleparoy.com\/wp-content\/uploads\/2023\/02\/Map-La-Tagniere1b-rood-300x285-1.png\" class=\"attachment-full size-full wp-image-3162\" alt=\"\" \/>\t\t\t\t\t\t\t\t\t\t\t\t\t\t\t<\/div>\n\t\t\t\t<\/div>\n\t\t\t\t\t<\/div>\n\t\t<\/div>\n\t\t\t\t\t<\/div>\n\t\t<\/section>\n\t\t\t\t<section class=\"elementor-section elementor-top-section elementor-element elementor-element-61eb189d elementor-section-full_width elementor-section-stretched elementor-section-height-default elementor-section-height-default\" data-id=\"61eb189d\" data-element_type=\"section\" data-e-type=\"section\" data-settings=\"{&quot;stretch_section&quot;:&quot;section-stretched&quot;,&quot;background_background&quot;:&quot;classic&quot;}\">\n\t\t\t\t\t\t\t<div class=\"elementor-background-overlay\"><\/div>\n\t\t\t\t\t\t\t<div class=\"elementor-container elementor-column-gap-no\">\n\t\t\t\t\t<div class=\"elementor-column elementor-col-100 elementor-top-column elementor-element elementor-element-2be7f374\" data-id=\"2be7f374\" data-element_type=\"column\" data-e-type=\"column\">\n\t\t\t<div class=\"elementor-widget-wrap elementor-element-populated\">\n\t\t\t\t\t\t<div class=\"elementor-element elementor-element-688572cf elementor-widget elementor-widget-html\" data-id=\"688572cf\" data-element_type=\"widget\" data-e-type=\"widget\" data-widget_type=\"html.default\">\n\t\t\t\t<div class=\"elementor-widget-container\">\n\t\t\t\t\t<iframe src=\"https:\/\/www.google.com\/maps\/embed?pb=!1m18!1m12!1m3!1d2732.3563604358524!2d4.203002951378514!3d46.77758197903599!2m3!1f0!2f0!3f0!3m2!1i1024!2i768!4f13.1!3m3!1m2!1s0x47f232e4c3174ea1%3A0xf9ed7102f31a6850!2sCamping%20Paroy!5e0!3m2!1snl!2snl!4v1676338935795!5m2!1snl!2snl\" width=\"600\" height=\"450\" style=\"border:0;\" allowfullscreen=\"\" loading=\"lazy\" referrerpolicy=\"no-referrer-when-downgrade\"><\/iframe>\t\t\t\t<\/div>\n\t\t\t\t<\/div>\n\t\t\t\t\t<\/div>\n\t\t<\/div>\n\t\t\t\t\t<\/div>\n\t\t<\/section>\n\t\t\t\t<\/div>\n\t\t","protected":false},"excerpt":{"rendered":"<p>Kontakt &amp; Wegbeschreibung Kontakt-Formular Haben Sie einen Vorschlag? Oder Fragen? Dann kontaktieren Sie uns: Wenn SIE Ideen, Vorschl\u00e4ge oder allgemeine Fragen haben, w\u00fcrden wir uns freuen, von Ihnen zu h\u00f6ren. Sie k\u00f6nnen dieses Kontaktformular nicht f\u00fcr Reservierungen verwenden. Bitte vollst\u00e4ndig ausf\u00fcllen. F\u00fcr Reservierungen: hier klicken Camping Le Paroy 71190 La Tagni\u00e8re Frankreich Koordinaten Breitengrad: 46.777581 [&hellip;]<\/p>\n","protected":false},"author":1,"featured_media":0,"parent":0,"menu_order":0,"comment_status":"closed","ping_status":"closed","template":"elementor_header_footer","meta":{"_acf_changed":false,"_exactmetrics_skip_tracking":false,"_exactmetrics_sitenote_active":false,"_exactmetrics_sitenote_note":"","_exactmetrics_sitenote_category":0,"footnotes":""},"class_list":["post-3537","page","type-page","status-publish","hentry"],"acf":[],"yoast_head":"<!-- This site is optimized with the Yoast SEO plugin v27.4 - https:\/\/yoast.com\/product\/yoast-seo-wordpress\/ -->\n<title>Kontakt - Camping Le Paroy<\/title>\n<meta name=\"robots\" content=\"index, follow, max-snippet:-1, max-image-preview:large, max-video-preview:-1\" \/>\n<link rel=\"canonical\" href=\"https:\/\/campingleparoy.com\/de\/kontakt\/\" \/>\n<meta property=\"og:locale\" content=\"de_DE\" \/>\n<meta property=\"og:type\" content=\"article\" \/>\n<meta property=\"og:title\" content=\"Kontakt - Camping Le Paroy\" \/>\n<meta property=\"og:description\" content=\"Kontakt &amp; Wegbeschreibung Kontakt-Formular Haben Sie einen Vorschlag? Oder Fragen? Dann kontaktieren Sie uns: Wenn SIE Ideen, Vorschl\u00e4ge oder allgemeine Fragen haben, w\u00fcrden wir uns freuen, von Ihnen zu h\u00f6ren. Sie k\u00f6nnen dieses Kontaktformular nicht f\u00fcr Reservierungen verwenden. Bitte vollst\u00e4ndig ausf\u00fcllen. F\u00fcr Reservierungen: hier klicken Camping Le Paroy 71190 La Tagni\u00e8re Frankreich Koordinaten Breitengrad: 46.777581 [&hellip;]\" \/>\n<meta property=\"og:url\" content=\"https:\/\/campingleparoy.com\/de\/kontakt\/\" \/>\n<meta property=\"og:site_name\" content=\"Camping Le Paroy\" \/>\n<meta property=\"article:publisher\" content=\"https:\/\/www.facebook.com\/CampingLeParoy\" \/>\n<meta property=\"article:modified_time\" content=\"2024-12-19T01:54:50+00:00\" \/>\n<meta property=\"og:image\" content=\"https:\/\/campingleparoy.com\/wp-content\/uploads\/2023\/02\/Map-La-Tagniere1b-rood-300x285-1.png\" \/>\n\t<meta property=\"og:image:width\" content=\"300\" \/>\n\t<meta property=\"og:image:height\" content=\"285\" \/>\n\t<meta property=\"og:image:type\" content=\"image\/png\" \/>\n<meta name=\"twitter:card\" content=\"summary_large_image\" \/>\n<meta name=\"twitter:label1\" content=\"Gesch\u00e4tzte Lesezeit\" \/>\n\t<meta name=\"twitter:data1\" content=\"2\u00a0Minuten\" \/>\n<script type=\"application\/ld+json\" class=\"yoast-schema-graph\">{\"@context\":\"https:\\\/\\\/schema.org\",\"@graph\":[{\"@type\":\"WebPage\",\"@id\":\"https:\\\/\\\/campingleparoy.com\\\/de\\\/kontakt\\\/\",\"url\":\"https:\\\/\\\/campingleparoy.com\\\/de\\\/kontakt\\\/\",\"name\":\"Kontakt - Camping Le Paroy\",\"isPartOf\":{\"@id\":\"https:\\\/\\\/campingleparoy.com\\\/de\\\/#website\"},\"primaryImageOfPage\":{\"@id\":\"https:\\\/\\\/campingleparoy.com\\\/de\\\/kontakt\\\/#primaryimage\"},\"image\":{\"@id\":\"https:\\\/\\\/campingleparoy.com\\\/de\\\/kontakt\\\/#primaryimage\"},\"thumbnailUrl\":\"https:\\\/\\\/campingleparoy.com\\\/wp-content\\\/uploads\\\/2023\\\/02\\\/Map-La-Tagniere1b-rood-300x285-1.png\",\"datePublished\":\"2023-02-15T21:30:44+00:00\",\"dateModified\":\"2024-12-19T01:54:50+00:00\",\"breadcrumb\":{\"@id\":\"https:\\\/\\\/campingleparoy.com\\\/de\\\/kontakt\\\/#breadcrumb\"},\"inLanguage\":\"de\",\"potentialAction\":[{\"@type\":\"ReadAction\",\"target\":[\"https:\\\/\\\/campingleparoy.com\\\/de\\\/kontakt\\\/\"]}]},{\"@type\":\"ImageObject\",\"inLanguage\":\"de\",\"@id\":\"https:\\\/\\\/campingleparoy.com\\\/de\\\/kontakt\\\/#primaryimage\",\"url\":\"https:\\\/\\\/campingleparoy.com\\\/wp-content\\\/uploads\\\/2023\\\/02\\\/Map-La-Tagniere1b-rood-300x285-1.png\",\"contentUrl\":\"https:\\\/\\\/campingleparoy.com\\\/wp-content\\\/uploads\\\/2023\\\/02\\\/Map-La-Tagniere1b-rood-300x285-1.png\"},{\"@type\":\"BreadcrumbList\",\"@id\":\"https:\\\/\\\/campingleparoy.com\\\/de\\\/kontakt\\\/#breadcrumb\",\"itemListElement\":[{\"@type\":\"ListItem\",\"position\":1,\"name\":\"Home\",\"item\":\"https:\\\/\\\/campingleparoy.com\\\/de\\\/startseite\\\/\"},{\"@type\":\"ListItem\",\"position\":2,\"name\":\"Kontakt\"}]},{\"@type\":\"WebSite\",\"@id\":\"https:\\\/\\\/campingleparoy.com\\\/de\\\/#website\",\"url\":\"https:\\\/\\\/campingleparoy.com\\\/de\\\/\",\"name\":\"Camping Le Paroy\",\"description\":\"Camping In Morvan, Bourgondi\u00eb\",\"publisher\":{\"@id\":\"https:\\\/\\\/campingleparoy.com\\\/de\\\/#organization\"},\"potentialAction\":[{\"@type\":\"SearchAction\",\"target\":{\"@type\":\"EntryPoint\",\"urlTemplate\":\"https:\\\/\\\/campingleparoy.com\\\/de\\\/?s={search_term_string}\"},\"query-input\":{\"@type\":\"PropertyValueSpecification\",\"valueRequired\":true,\"valueName\":\"search_term_string\"}}],\"inLanguage\":\"de\"},{\"@type\":\"Organization\",\"@id\":\"https:\\\/\\\/campingleparoy.com\\\/de\\\/#organization\",\"name\":\"Camping Le Paroy\",\"url\":\"https:\\\/\\\/campingleparoy.com\\\/de\\\/\",\"logo\":{\"@type\":\"ImageObject\",\"inLanguage\":\"de\",\"@id\":\"https:\\\/\\\/campingleparoy.com\\\/de\\\/#\\\/schema\\\/logo\\\/image\\\/\",\"url\":\"https:\\\/\\\/campingleparoy.com\\\/wp-content\\\/uploads\\\/2016\\\/12\\\/logonieuw-2banner35percent.png\",\"contentUrl\":\"https:\\\/\\\/campingleparoy.com\\\/wp-content\\\/uploads\\\/2016\\\/12\\\/logonieuw-2banner35percent.png\",\"width\":484,\"height\":140,\"caption\":\"Camping Le Paroy\"},\"image\":{\"@id\":\"https:\\\/\\\/campingleparoy.com\\\/de\\\/#\\\/schema\\\/logo\\\/image\\\/\"},\"sameAs\":[\"https:\\\/\\\/www.facebook.com\\\/CampingLeParoy\"]}]}<\/script>\n<!-- \/ Yoast SEO plugin. -->","yoast_head_json":{"title":"Kontakt - Camping Le Paroy","robots":{"index":"index","follow":"follow","max-snippet":"max-snippet:-1","max-image-preview":"max-image-preview:large","max-video-preview":"max-video-preview:-1"},"canonical":"https:\/\/campingleparoy.com\/de\/kontakt\/","og_locale":"de_DE","og_type":"article","og_title":"Kontakt - Camping Le Paroy","og_description":"Kontakt &amp; Wegbeschreibung Kontakt-Formular Haben Sie einen Vorschlag? Oder Fragen? Dann kontaktieren Sie uns: Wenn SIE Ideen, Vorschl\u00e4ge oder allgemeine Fragen haben, w\u00fcrden wir uns freuen, von Ihnen zu h\u00f6ren. Sie k\u00f6nnen dieses Kontaktformular nicht f\u00fcr Reservierungen verwenden. Bitte vollst\u00e4ndig ausf\u00fcllen. F\u00fcr Reservierungen: hier klicken Camping Le Paroy 71190 La Tagni\u00e8re Frankreich Koordinaten Breitengrad: 46.777581 [&hellip;]","og_url":"https:\/\/campingleparoy.com\/de\/kontakt\/","og_site_name":"Camping Le Paroy","article_publisher":"https:\/\/www.facebook.com\/CampingLeParoy","article_modified_time":"2024-12-19T01:54:50+00:00","og_image":[{"width":300,"height":285,"url":"https:\/\/campingleparoy.com\/wp-content\/uploads\/2023\/02\/Map-La-Tagniere1b-rood-300x285-1.png","type":"image\/png"}],"twitter_card":"summary_large_image","twitter_misc":{"Gesch\u00e4tzte Lesezeit":"2\u00a0Minuten"},"schema":{"@context":"https:\/\/schema.org","@graph":[{"@type":"WebPage","@id":"https:\/\/campingleparoy.com\/de\/kontakt\/","url":"https:\/\/campingleparoy.com\/de\/kontakt\/","name":"Kontakt - Camping Le Paroy","isPartOf":{"@id":"https:\/\/campingleparoy.com\/de\/#website"},"primaryImageOfPage":{"@id":"https:\/\/campingleparoy.com\/de\/kontakt\/#primaryimage"},"image":{"@id":"https:\/\/campingleparoy.com\/de\/kontakt\/#primaryimage"},"thumbnailUrl":"https:\/\/campingleparoy.com\/wp-content\/uploads\/2023\/02\/Map-La-Tagniere1b-rood-300x285-1.png","datePublished":"2023-02-15T21:30:44+00:00","dateModified":"2024-12-19T01:54:50+00:00","breadcrumb":{"@id":"https:\/\/campingleparoy.com\/de\/kontakt\/#breadcrumb"},"inLanguage":"de","potentialAction":[{"@type":"ReadAction","target":["https:\/\/campingleparoy.com\/de\/kontakt\/"]}]},{"@type":"ImageObject","inLanguage":"de","@id":"https:\/\/campingleparoy.com\/de\/kontakt\/#primaryimage","url":"https:\/\/campingleparoy.com\/wp-content\/uploads\/2023\/02\/Map-La-Tagniere1b-rood-300x285-1.png","contentUrl":"https:\/\/campingleparoy.com\/wp-content\/uploads\/2023\/02\/Map-La-Tagniere1b-rood-300x285-1.png"},{"@type":"BreadcrumbList","@id":"https:\/\/campingleparoy.com\/de\/kontakt\/#breadcrumb","itemListElement":[{"@type":"ListItem","position":1,"name":"Home","item":"https:\/\/campingleparoy.com\/de\/startseite\/"},{"@type":"ListItem","position":2,"name":"Kontakt"}]},{"@type":"WebSite","@id":"https:\/\/campingleparoy.com\/de\/#website","url":"https:\/\/campingleparoy.com\/de\/","name":"Camping Le Paroy","description":"Camping In Morvan, Bourgondi\u00eb","publisher":{"@id":"https:\/\/campingleparoy.com\/de\/#organization"},"potentialAction":[{"@type":"SearchAction","target":{"@type":"EntryPoint","urlTemplate":"https:\/\/campingleparoy.com\/de\/?s={search_term_string}"},"query-input":{"@type":"PropertyValueSpecification","valueRequired":true,"valueName":"search_term_string"}}],"inLanguage":"de"},{"@type":"Organization","@id":"https:\/\/campingleparoy.com\/de\/#organization","name":"Camping Le Paroy","url":"https:\/\/campingleparoy.com\/de\/","logo":{"@type":"ImageObject","inLanguage":"de","@id":"https:\/\/campingleparoy.com\/de\/#\/schema\/logo\/image\/","url":"https:\/\/campingleparoy.com\/wp-content\/uploads\/2016\/12\/logonieuw-2banner35percent.png","contentUrl":"https:\/\/campingleparoy.com\/wp-content\/uploads\/2016\/12\/logonieuw-2banner35percent.png","width":484,"height":140,"caption":"Camping Le Paroy"},"image":{"@id":"https:\/\/campingleparoy.com\/de\/#\/schema\/logo\/image\/"},"sameAs":["https:\/\/www.facebook.com\/CampingLeParoy"]}]}},"_links":{"self":[{"href":"https:\/\/campingleparoy.com\/de\/wp-json\/wp\/v2\/pages\/3537","targetHints":{"allow":["GET"]}}],"collection":[{"href":"https:\/\/campingleparoy.com\/de\/wp-json\/wp\/v2\/pages"}],"about":[{"href":"https:\/\/campingleparoy.com\/de\/wp-json\/wp\/v2\/types\/page"}],"author":[{"embeddable":true,"href":"https:\/\/campingleparoy.com\/de\/wp-json\/wp\/v2\/users\/1"}],"replies":[{"embeddable":true,"href":"https:\/\/campingleparoy.com\/de\/wp-json\/wp\/v2\/comments?post=3537"}],"version-history":[{"count":0,"href":"https:\/\/campingleparoy.com\/de\/wp-json\/wp\/v2\/pages\/3537\/revisions"}],"wp:attachment":[{"href":"https:\/\/campingleparoy.com\/de\/wp-json\/wp\/v2\/media?parent=3537"}],"curies":[{"name":"wp","href":"https:\/\/api.w.org\/{rel}","templated":true}]}}