{"id":3469,"date":"2023-02-15T22:30:31","date_gmt":"2023-02-15T21:30:31","guid":{"rendered":"https:\/\/campingleparoy.com\/datenschutzbestimmungen\/"},"modified":"2024-12-19T02:55:31","modified_gmt":"2024-12-19T01:55:31","slug":"datenschutzbestimmungen","status":"publish","type":"page","link":"https:\/\/campingleparoy.com\/de\/datenschutzbestimmungen\/","title":{"rendered":"Datenschutzbestimmungen"},"content":{"rendered":"\t\t<div data-elementor-type=\"wp-page\" data-elementor-id=\"3469\" class=\"elementor elementor-3469 elementor-3342\" data-elementor-post-type=\"page\">\n\t\t\t\t\t\t<section class=\"elementor-section elementor-top-section elementor-element elementor-element-60ee7d38 elementor-section-boxed elementor-section-height-default elementor-section-height-default\" data-id=\"60ee7d38\" data-element_type=\"section\" data-e-type=\"section\" data-settings=\"{&quot;background_background&quot;:&quot;classic&quot;}\">\n\t\t\t\t\t\t<div class=\"elementor-container elementor-column-gap-default\">\n\t\t\t\t\t<div class=\"elementor-column elementor-col-100 elementor-top-column elementor-element elementor-element-38a5cf6b\" data-id=\"38a5cf6b\" data-element_type=\"column\" data-e-type=\"column\">\n\t\t\t<div class=\"elementor-widget-wrap elementor-element-populated\">\n\t\t\t\t\t\t<div class=\"elementor-element elementor-element-7bd2a9ba elementor-widget elementor-widget-heading\" data-id=\"7bd2a9ba\" data-element_type=\"widget\" data-e-type=\"widget\" data-widget_type=\"heading.default\">\n\t\t\t\t<div class=\"elementor-widget-container\">\n\t\t\t\t\t<h2 class=\"elementor-heading-title elementor-size-default\">Datenschutz &amp; Cookies<\/h2>\t\t\t\t<\/div>\n\t\t\t\t<\/div>\n\t\t\t\t\t<\/div>\n\t\t<\/div>\n\t\t\t\t\t<\/div>\n\t\t<\/section>\n\t\t\t\t<section class=\"elementor-section elementor-top-section elementor-element elementor-element-6e20c8f2 elementor-section-boxed elementor-section-height-default elementor-section-height-default\" data-id=\"6e20c8f2\" data-element_type=\"section\" data-e-type=\"section\">\n\t\t\t\t\t\t<div class=\"elementor-container elementor-column-gap-default\">\n\t\t\t\t\t<div class=\"elementor-column elementor-col-50 elementor-top-column elementor-element elementor-element-4a6ad316\" data-id=\"4a6ad316\" data-element_type=\"column\" data-e-type=\"column\">\n\t\t\t<div class=\"elementor-widget-wrap elementor-element-populated\">\n\t\t\t\t\t\t<div class=\"elementor-element elementor-element-6ec4e85d elementor-widget elementor-widget-heading\" data-id=\"6ec4e85d\" data-element_type=\"widget\" data-e-type=\"widget\" data-widget_type=\"heading.default\">\n\t\t\t\t<div class=\"elementor-widget-container\">\n\t\t\t\t\t<h1 class=\"elementor-heading-title elementor-size-large\">AVG - GDPR<\/h1>\t\t\t\t<\/div>\n\t\t\t\t<\/div>\n\t\t\t\t<div class=\"elementor-element elementor-element-14562349 elementor-widget elementor-widget-heading\" data-id=\"14562349\" data-element_type=\"widget\" data-e-type=\"widget\" data-widget_type=\"heading.default\">\n\t\t\t\t<div class=\"elementor-widget-container\">\n\t\t\t\t\t<h2 class=\"elementor-heading-title elementor-size-default\">DATENSCHUTZPOLITIK<\/h2>\t\t\t\t<\/div>\n\t\t\t\t<\/div>\n\t\t\t\t\t<\/div>\n\t\t<\/div>\n\t\t\t\t<div class=\"elementor-column elementor-col-50 elementor-top-column elementor-element elementor-element-521b0af3\" data-id=\"521b0af3\" data-element_type=\"column\" data-e-type=\"column\">\n\t\t\t<div class=\"elementor-widget-wrap\">\n\t\t\t\t\t\t\t<\/div>\n\t\t<\/div>\n\t\t\t\t\t<\/div>\n\t\t<\/section>\n\t\t\t\t<section class=\"elementor-section elementor-top-section elementor-element elementor-element-1088d741 elementor-section-boxed elementor-section-height-default elementor-section-height-default\" data-id=\"1088d741\" data-element_type=\"section\" data-e-type=\"section\">\n\t\t\t\t\t\t<div class=\"elementor-container elementor-column-gap-default\">\n\t\t\t\t\t<div class=\"elementor-column elementor-col-100 elementor-top-column elementor-element elementor-element-6c1a5d25\" data-id=\"6c1a5d25\" data-element_type=\"column\" data-e-type=\"column\">\n\t\t\t<div class=\"elementor-widget-wrap elementor-element-populated\">\n\t\t\t\t\t\t<div class=\"elementor-element elementor-element-347752e8 elementor-widget elementor-widget-shortcode\" data-id=\"347752e8\" data-element_type=\"widget\" data-e-type=\"widget\" data-widget_type=\"shortcode.default\">\n\t\t\t\t<div class=\"elementor-widget-container\">\n\t\t\t\t\t\t\t<div class=\"elementor-shortcode\">\n<div class=\"ct-ultimate-gdpr-container container\">\n\t\n        <button id=\"ct-ultimate-gdpr-policy-accept\" class=\"ct-ultimate-gdpr-button  \"\n\t\t\t>\n\t\t\tAkzeptieren        <\/button>\n\n\t<\/div><\/div>\n\t\t\t\t\t\t<\/div>\n\t\t\t\t<\/div>\n\t\t\t\t<div class=\"elementor-element elementor-element-3994c075 elementor-widget elementor-widget-text-editor\" data-id=\"3994c075\" data-element_type=\"widget\" data-e-type=\"widget\" data-widget_type=\"text-editor.default\">\n\t\t\t\t<div class=\"elementor-widget-container\">\n\t\t\t\t\t\t\t\t\t<p><strong>Was ist ein Keks?<\/strong><\/p>\n<p>Ein Cookie ist eine kleine Textdatei, die auf Ihrem eigenen Computer gespeichert wird. Sie enthalten Informationen \u00fcber Ihren Besuch auf einer Website. Sowohl campingleparoy.com als auch andere Parteien k\u00f6nnen Cookies setzen.<\/p>\n<p>Wozu verwendet campingleparoy.com Cookies?<br \/>campingleparoy.com verwendet Cookies, um die Seite und die campingleparoy.com-Website zu verbessern. Das bedeutet, dass Sie dieselben Informationen nicht zweimal verwenden k\u00f6nnen und Ihre Daten beispielsweise gespeichert werden. Cookies erleichtern das Surfen auf der Website erheblich.<\/p>\n<p>Dar\u00fcber hinaus wird zur Verbesserung unserer Website Google Analytics eingesetzt, das Informationen enth\u00e4lt, die nicht auf eine Person oder einen PC zur\u00fcckgef\u00fchrt werden k\u00f6nnen. Weitere Informationen zum Ablehnen von Cookies finden Sie in der Hilfe Ihres Webbrowsers.<\/p>\n<p>Haben Sie noch Fragen?<br \/>Sie k\u00f6nnen sich \u00fcber das Kontaktformular auf der Website oder per E-Mail an info@campingleparoy.com mit uns in Verbindung setzen.<\/p>\n<p>Kann ich die Verwendung von Cookies ablehnen?<\/p>\n<p>Sie k\u00f6nnen die Speicherung von Cookies verhindern, indem Sie Ihren Internet-Browser so einstellen, dass keine Cookies gespeichert werden.<\/p>\n<p>Benutzerfreundlich;<\/p>\n<p>Cookies zur Verbesserung der Benutzerfreundlichkeit von campingleparoy.com werden auf Ihrem Computer gespeichert. Zum Beispiel f\u00fcr die Speicherung Ihrer Produkte im Warenkorb oder Cookies zur Optimierung der Benutzerfreundlichkeit von campingleparoy.com.<\/p>\n<p>Externe Cookies f\u00fcr relevante Angebote auf anderen Websites als campingleparoy.com werden nicht mehr auf Ihrem Computer gespeichert. Dies bedeutet nicht, dass Sie keine Werbung von campingleparoy.com auf anderen Websites sehen werden.<\/p>\n<p>Alle Cookies, die campingleparoy.com und die entsprechenden Angebote auf der Website verbessern, werden auf Ihrem Computer gespeichert. Diese Cookies enthalten Informationen, die nicht zu einer Person oder einem PC zur\u00fcckverfolgt werden k\u00f6nnen.<\/p>\n<p>Datenschutz campingleparoy.com sch\u00e4tzt Ihre Privatsph\u00e4re. Wir unternehmen alle Anstrengungen, um Ihre Informationen und Daten ohne Ihre Zustimmung zu sch\u00fctzen.<\/p>\n<p>W\u00e4hrend Ihres Besuchs auf unserer Website, unseren Facebook-Fanseiten oder mobilen Websites und Apps k\u00f6nnen Cookies auf Ihren Computer geschrieben werden, wenn dies erforderlich ist. Wir behandeln Ihre Daten mit \u00e4u\u00dferster Sorgfalt.<\/p>\n<p>Sie k\u00f6nnen sich darauf verlassen, dass sie die von der Europ\u00e4ischen Union festgelegten Normen erf\u00fcllen.<\/p>\n<p><strong>Erkl\u00e4rung zum Datenschutz<\/strong><\/p>\n<p>Diese Datenschutzerkl\u00e4rung beschreibt die Datenschutzpraktiken von CampingleParoy.com. Diese Datenschutzerkl\u00e4rung bezieht sich ausschlie\u00dflich auf die von dieser Website erfassten Informationen. Sie wird Sie \u00fcber Folgendes informieren:<\/p>\n<p>Welche pers\u00f6nlich identifizierbaren Informationen auf der Website gesammelt werden. Welche Wahlm\u00f6glichkeiten f\u00fcr Ihre Informationen zur Verf\u00fcgung stehen. Die Sicherheitsverfahren zur Verhinderung des Missbrauchs Ihrer Informationen. Wie Sie eventuelle Ungenauigkeiten in den Informationen korrigieren k\u00f6nnen. Sammeln, Verwenden und Weitergeben von Informationen Wir sind die alleinigen Eigent\u00fcmer der auf dieser Website gesammelten Informationen. Wir greifen nur auf Informationen zu, die Sie uns freiwillig per E-Mail oder \u00fcber einen anderen direkten Kontakt von Ihnen zur Verf\u00fcgung stellen. Wir werden diese Informationen nicht an Dritte verkaufen oder vermieten.<\/p>\n<p>Wir werden auf Sie zur\u00fcckkommen. Wir geben Ihre Daten nicht an Dritte au\u00dferhalb unserer Organisation weiter, es sei denn, dies ist notwendig, um Ihre Anfrage zu erf\u00fcllen, z. B. um eine Bestellung zu versenden.<\/p>\n<p>Sofern Sie uns nicht darum bitten, k\u00f6nnen wir Sie in Zukunft per E-Mail kontaktieren, um Sie \u00fcber Sonderangebote, neue Produkte oder Dienstleistungen oder \u00c4nderungen dieser Datenschutzrichtlinie zu informieren.<\/p>\n<p>Ihr Zugang zu und Ihre Kontrolle \u00fcber Informationen Sie k\u00f6nnen sich f\u00fcr die Zukunft abmelden. Sie k\u00f6nnen uns \u00fcber die E-Mail-Adresse oder Telefonnummer auf unserer Website kontaktieren:<\/p>\n<p>Sehen Sie nach, welche Daten wir \u00fcber Sie gespeichert haben. \u00c4ndern\/korrigieren Sie Daten, die wir \u00fcber Sie gespeichert haben. Lassen Sie uns Daten, die wir \u00fcber Sie gespeichert haben, l\u00f6schen. Bedenken \u00fcber die Verwendung Ihrer Daten \u00e4u\u00dfern. Sicherheit Wir treffen Vorkehrungen zum Schutz Ihrer Daten. Wenn Sie vertrauliche Informationen \u00fcber die Website senden, sind Ihre Daten sowohl online als auch offline gesch\u00fctzt.<\/p>\n<p>Wo immer wir sensible Daten erfassen (z. B. Kreditkartendaten), werden diese Daten verschl\u00fcsselt und sicher \u00fcbertragen. Sie finden ihn in der Adressleiste und suchen nach &#8220;https&#8221; am Anfang der Webseite.<\/p>\n<p>Wir verwenden eine Verschl\u00fcsselung, um sensible Informationen, die online \u00fcbertragen werden, zu sch\u00fctzen, und sch\u00fctzen Ihre Daten auch offline. Nur Mitarbeiter, die f\u00fcr die jeweilige Aufgabe (z. B. Rechnungsstellung oder Kundendienst) ben\u00f6tigt werden, erhalten Zugang zu personenbezogenen Daten. Die Computer\/Server, auf denen wir pers\u00f6nlich identifizierbare Informationen speichern, werden in einer sicheren Umgebung aufbewahrt.<\/p>\n<p>Wenn Sie der Meinung sind, dass wir uns nicht an diese Datenschutzrichtlinie halten, sollten Sie uns umgehend telefonisch unter +33 385545927 oder per E-Mail kontaktieren.<\/p>\n\t\t\t\t\t\t\t\t<\/div>\n\t\t\t\t<\/div>\n\t\t\t\t\t<\/div>\n\t\t<\/div>\n\t\t\t\t\t<\/div>\n\t\t<\/section>\n\t\t\t\t<section class=\"elementor-section elementor-top-section elementor-element elementor-element-2274f822 elementor-section-boxed elementor-section-height-default elementor-section-height-default\" data-id=\"2274f822\" data-element_type=\"section\" data-e-type=\"section\" data-settings=\"{&quot;background_background&quot;:&quot;classic&quot;}\">\n\t\t\t\t\t\t<div class=\"elementor-container elementor-column-gap-default\">\n\t\t\t\t\t\t<\/div>\n\t\t<\/section>\n\t\t\t\t<\/div>\n\t\t","protected":false},"excerpt":{"rendered":"<p>Datenschutz &amp; Cookies AVG &#8211; GDPR DATENSCHUTZPOLITIK Was ist ein Keks? Ein Cookie ist eine kleine Textdatei, die auf Ihrem eigenen Computer gespeichert wird. Sie enthalten Informationen \u00fcber Ihren Besuch auf einer Website. Sowohl campingleparoy.com als auch andere Parteien k\u00f6nnen Cookies setzen. Wozu verwendet campingleparoy.com Cookies?campingleparoy.com verwendet Cookies, um die Seite und die campingleparoy.com-Website zu [&hellip;]<\/p>\n","protected":false},"author":1,"featured_media":0,"parent":0,"menu_order":0,"comment_status":"closed","ping_status":"closed","template":"elementor_header_footer","meta":{"_acf_changed":false,"_exactmetrics_skip_tracking":false,"_exactmetrics_sitenote_active":false,"_exactmetrics_sitenote_note":"","_exactmetrics_sitenote_category":0,"footnotes":""},"class_list":["post-3469","page","type-page","status-publish","hentry"],"acf":[],"yoast_head":"<!-- This site is optimized with the Yoast SEO plugin v27.4 - https:\/\/yoast.com\/product\/yoast-seo-wordpress\/ -->\n<title>Datenschutzbestimmungen - Camping Le Paroy<\/title>\n<meta name=\"robots\" content=\"index, follow, max-snippet:-1, max-image-preview:large, max-video-preview:-1\" \/>\n<link rel=\"canonical\" href=\"https:\/\/campingleparoy.com\/de\/datenschutzbestimmungen\/\" \/>\n<meta property=\"og:locale\" content=\"de_DE\" \/>\n<meta property=\"og:type\" content=\"article\" \/>\n<meta property=\"og:title\" content=\"Datenschutzbestimmungen - Camping Le Paroy\" \/>\n<meta property=\"og:description\" content=\"Datenschutz &amp; Cookies AVG &#8211; GDPR DATENSCHUTZPOLITIK Was ist ein Keks? Ein Cookie ist eine kleine Textdatei, die auf Ihrem eigenen Computer gespeichert wird. Sie enthalten Informationen \u00fcber Ihren Besuch auf einer Website. Sowohl campingleparoy.com als auch andere Parteien k\u00f6nnen Cookies setzen. Wozu verwendet campingleparoy.com Cookies?campingleparoy.com verwendet Cookies, um die Seite und die campingleparoy.com-Website zu [&hellip;]\" \/>\n<meta property=\"og:url\" content=\"https:\/\/campingleparoy.com\/de\/datenschutzbestimmungen\/\" \/>\n<meta property=\"og:site_name\" content=\"Camping Le Paroy\" \/>\n<meta property=\"article:publisher\" content=\"https:\/\/www.facebook.com\/CampingLeParoy\" \/>\n<meta property=\"article:modified_time\" content=\"2024-12-19T01:55:31+00:00\" \/>\n<meta name=\"twitter:card\" content=\"summary_large_image\" \/>\n<meta name=\"twitter:label1\" content=\"Gesch\u00e4tzte Lesezeit\" \/>\n\t<meta name=\"twitter:data1\" content=\"4\u00a0Minuten\" \/>\n<script type=\"application\/ld+json\" class=\"yoast-schema-graph\">{\"@context\":\"https:\\\/\\\/schema.org\",\"@graph\":[{\"@type\":\"WebPage\",\"@id\":\"https:\\\/\\\/campingleparoy.com\\\/de\\\/datenschutzbestimmungen\\\/\",\"url\":\"https:\\\/\\\/campingleparoy.com\\\/de\\\/datenschutzbestimmungen\\\/\",\"name\":\"Datenschutzbestimmungen - Camping Le Paroy\",\"isPartOf\":{\"@id\":\"https:\\\/\\\/campingleparoy.com\\\/de\\\/#website\"},\"datePublished\":\"2023-02-15T21:30:31+00:00\",\"dateModified\":\"2024-12-19T01:55:31+00:00\",\"breadcrumb\":{\"@id\":\"https:\\\/\\\/campingleparoy.com\\\/de\\\/datenschutzbestimmungen\\\/#breadcrumb\"},\"inLanguage\":\"de\",\"potentialAction\":[{\"@type\":\"ReadAction\",\"target\":[\"https:\\\/\\\/campingleparoy.com\\\/de\\\/datenschutzbestimmungen\\\/\"]}]},{\"@type\":\"BreadcrumbList\",\"@id\":\"https:\\\/\\\/campingleparoy.com\\\/de\\\/datenschutzbestimmungen\\\/#breadcrumb\",\"itemListElement\":[{\"@type\":\"ListItem\",\"position\":1,\"name\":\"Home\",\"item\":\"https:\\\/\\\/campingleparoy.com\\\/de\\\/startseite\\\/\"},{\"@type\":\"ListItem\",\"position\":2,\"name\":\"Datenschutzbestimmungen\"}]},{\"@type\":\"WebSite\",\"@id\":\"https:\\\/\\\/campingleparoy.com\\\/de\\\/#website\",\"url\":\"https:\\\/\\\/campingleparoy.com\\\/de\\\/\",\"name\":\"Camping Le Paroy\",\"description\":\"Camping In Morvan, Bourgondi\u00eb\",\"publisher\":{\"@id\":\"https:\\\/\\\/campingleparoy.com\\\/de\\\/#organization\"},\"potentialAction\":[{\"@type\":\"SearchAction\",\"target\":{\"@type\":\"EntryPoint\",\"urlTemplate\":\"https:\\\/\\\/campingleparoy.com\\\/de\\\/?s={search_term_string}\"},\"query-input\":{\"@type\":\"PropertyValueSpecification\",\"valueRequired\":true,\"valueName\":\"search_term_string\"}}],\"inLanguage\":\"de\"},{\"@type\":\"Organization\",\"@id\":\"https:\\\/\\\/campingleparoy.com\\\/de\\\/#organization\",\"name\":\"Camping Le Paroy\",\"url\":\"https:\\\/\\\/campingleparoy.com\\\/de\\\/\",\"logo\":{\"@type\":\"ImageObject\",\"inLanguage\":\"de\",\"@id\":\"https:\\\/\\\/campingleparoy.com\\\/de\\\/#\\\/schema\\\/logo\\\/image\\\/\",\"url\":\"https:\\\/\\\/campingleparoy.com\\\/wp-content\\\/uploads\\\/2016\\\/12\\\/logonieuw-2banner35percent.png\",\"contentUrl\":\"https:\\\/\\\/campingleparoy.com\\\/wp-content\\\/uploads\\\/2016\\\/12\\\/logonieuw-2banner35percent.png\",\"width\":484,\"height\":140,\"caption\":\"Camping Le Paroy\"},\"image\":{\"@id\":\"https:\\\/\\\/campingleparoy.com\\\/de\\\/#\\\/schema\\\/logo\\\/image\\\/\"},\"sameAs\":[\"https:\\\/\\\/www.facebook.com\\\/CampingLeParoy\"]}]}<\/script>\n<!-- \/ Yoast SEO plugin. -->","yoast_head_json":{"title":"Datenschutzbestimmungen - Camping Le Paroy","robots":{"index":"index","follow":"follow","max-snippet":"max-snippet:-1","max-image-preview":"max-image-preview:large","max-video-preview":"max-video-preview:-1"},"canonical":"https:\/\/campingleparoy.com\/de\/datenschutzbestimmungen\/","og_locale":"de_DE","og_type":"article","og_title":"Datenschutzbestimmungen - Camping Le Paroy","og_description":"Datenschutz &amp; Cookies AVG &#8211; GDPR DATENSCHUTZPOLITIK Was ist ein Keks? Ein Cookie ist eine kleine Textdatei, die auf Ihrem eigenen Computer gespeichert wird. Sie enthalten Informationen \u00fcber Ihren Besuch auf einer Website. Sowohl campingleparoy.com als auch andere Parteien k\u00f6nnen Cookies setzen. Wozu verwendet campingleparoy.com Cookies?campingleparoy.com verwendet Cookies, um die Seite und die campingleparoy.com-Website zu [&hellip;]","og_url":"https:\/\/campingleparoy.com\/de\/datenschutzbestimmungen\/","og_site_name":"Camping Le Paroy","article_publisher":"https:\/\/www.facebook.com\/CampingLeParoy","article_modified_time":"2024-12-19T01:55:31+00:00","twitter_card":"summary_large_image","twitter_misc":{"Gesch\u00e4tzte Lesezeit":"4\u00a0Minuten"},"schema":{"@context":"https:\/\/schema.org","@graph":[{"@type":"WebPage","@id":"https:\/\/campingleparoy.com\/de\/datenschutzbestimmungen\/","url":"https:\/\/campingleparoy.com\/de\/datenschutzbestimmungen\/","name":"Datenschutzbestimmungen - Camping Le Paroy","isPartOf":{"@id":"https:\/\/campingleparoy.com\/de\/#website"},"datePublished":"2023-02-15T21:30:31+00:00","dateModified":"2024-12-19T01:55:31+00:00","breadcrumb":{"@id":"https:\/\/campingleparoy.com\/de\/datenschutzbestimmungen\/#breadcrumb"},"inLanguage":"de","potentialAction":[{"@type":"ReadAction","target":["https:\/\/campingleparoy.com\/de\/datenschutzbestimmungen\/"]}]},{"@type":"BreadcrumbList","@id":"https:\/\/campingleparoy.com\/de\/datenschutzbestimmungen\/#breadcrumb","itemListElement":[{"@type":"ListItem","position":1,"name":"Home","item":"https:\/\/campingleparoy.com\/de\/startseite\/"},{"@type":"ListItem","position":2,"name":"Datenschutzbestimmungen"}]},{"@type":"WebSite","@id":"https:\/\/campingleparoy.com\/de\/#website","url":"https:\/\/campingleparoy.com\/de\/","name":"Camping Le Paroy","description":"Camping In Morvan, Bourgondi\u00eb","publisher":{"@id":"https:\/\/campingleparoy.com\/de\/#organization"},"potentialAction":[{"@type":"SearchAction","target":{"@type":"EntryPoint","urlTemplate":"https:\/\/campingleparoy.com\/de\/?s={search_term_string}"},"query-input":{"@type":"PropertyValueSpecification","valueRequired":true,"valueName":"search_term_string"}}],"inLanguage":"de"},{"@type":"Organization","@id":"https:\/\/campingleparoy.com\/de\/#organization","name":"Camping Le Paroy","url":"https:\/\/campingleparoy.com\/de\/","logo":{"@type":"ImageObject","inLanguage":"de","@id":"https:\/\/campingleparoy.com\/de\/#\/schema\/logo\/image\/","url":"https:\/\/campingleparoy.com\/wp-content\/uploads\/2016\/12\/logonieuw-2banner35percent.png","contentUrl":"https:\/\/campingleparoy.com\/wp-content\/uploads\/2016\/12\/logonieuw-2banner35percent.png","width":484,"height":140,"caption":"Camping Le Paroy"},"image":{"@id":"https:\/\/campingleparoy.com\/de\/#\/schema\/logo\/image\/"},"sameAs":["https:\/\/www.facebook.com\/CampingLeParoy"]}]}},"_links":{"self":[{"href":"https:\/\/campingleparoy.com\/de\/wp-json\/wp\/v2\/pages\/3469","targetHints":{"allow":["GET"]}}],"collection":[{"href":"https:\/\/campingleparoy.com\/de\/wp-json\/wp\/v2\/pages"}],"about":[{"href":"https:\/\/campingleparoy.com\/de\/wp-json\/wp\/v2\/types\/page"}],"author":[{"embeddable":true,"href":"https:\/\/campingleparoy.com\/de\/wp-json\/wp\/v2\/users\/1"}],"replies":[{"embeddable":true,"href":"https:\/\/campingleparoy.com\/de\/wp-json\/wp\/v2\/comments?post=3469"}],"version-history":[{"count":0,"href":"https:\/\/campingleparoy.com\/de\/wp-json\/wp\/v2\/pages\/3469\/revisions"}],"wp:attachment":[{"href":"https:\/\/campingleparoy.com\/de\/wp-json\/wp\/v2\/media?parent=3469"}],"curies":[{"name":"wp","href":"https:\/\/api.w.org\/{rel}","templated":true}]}}